{"id":152607,"date":"2021-01-15T12:31:45","date_gmt":"2021-01-15T12:31:45","guid":{"rendered":"https:\/\/codengine3.ch\/?product=import-placeholder-for-205562"},"modified":"2021-01-15T14:42:13","modified_gmt":"2021-01-15T14:42:13","slug":"schneeschuhwandern","status":"publish","type":"product","link":"https:\/\/pizbube.ch\/en\/shop\/schneeschuhwandern\/","title":{"rendered":"Schneeschuhwandern"},"content":{"rendered":"<p>Technik, Touren, Tipps.  <\/p>\n<p>Schneeschuhwandern ist reinstes Wintervergn\u00fcgen. Ob Sie auf Genusswanderungen<br \/>\nim Schnee aus sind oder auf sportlich anspruchsvolle Mehrtagestouren: Mit den<br \/>\nSchneeschuhen kommen Sie (fast) \u00fcberall hin und k\u00f6nnen auch ohne Ski- und<br \/>\nBergsporterfahrung die Natur im Winter genie\u00dfen. Der erfahrene<br \/>\nAusdauersportler und Autor Frank Simoneit erkl\u00e4rt hier alles, was Sie \u00fcber<br \/>\ndiese faszinierende Outdoor-Sportart wissen m\u00fcssen &#8211; von der Entwicklung des<br \/>\nSchneeschuhwanderns \u00fcber die aktuelle Ausr\u00fcstung und die Gehtechnik bis hin zu<br \/>\nVerhaltens- und Sicherheitshinweisen in der Natur.  <\/p>\n<p>F\u00fcr den sofortigen Einstieg werden insgesamt zw\u00f6lf Touren detailliert<br \/>\nbeschrieben: je f\u00fcnf leichte und mittelschwere und je eine schwere und alpine<br \/>\nRoute. Jetzt brauchen Sie nur noch ein paar Schneeschuhe, und Sie k\u00f6nnen<br \/>\nm\u00fchelos und abseits der ausgetretenen Pfade die Sch\u00f6nheit verschneiter<br \/>\nWinterlandschaften genie\u00dfen.  <\/p>\n<p>Deutsch. Farb. Fotos, Abb. 144 S.  <\/p>","protected":false},"excerpt":{"rendered":"<p>Technik, Touren, Tipps. Schneeschuhwandern ist reinstes Wintervergn\u00fcgen. Ob Sie auf Genusswanderungen im Schnee aus sind oder auf sportlich anspruchsvolle Mehrtagestouren: Mit den Schneeschuhen kommen Sie (fast) \u00fcberall hin und k\u00f6nnen auch ohne Ski- und Bergsporterfahrung die Natur im Winter genie\u00dfen. Der erfahrene Ausdauersportler und Autor Frank Simoneit erkl\u00e4rt hier alles, was Sie \u00fcber diese faszinierende [&#8230;]\n","protected":false},"featured_media":34316,"template":"","meta":[],"product_brand":[],"product_cat":[21538],"product_tag":[],"class_list":{"0":"post-152607","1":"product","2":"type-product","3":"status-publish","4":"has-post-thumbnail","6":"product_cat-lehrbuecher","7":"pa_autor-simoneit","8":"pa_erscheinungsjahr-21842","9":"pa_region-alpin-winter","10":"pa_sprache-de","12":"first","13":"instock","14":"taxable","15":"shipping-taxable","16":"purchasable","17":"product-type-simple"},"_links":{"self":[{"href":"https:\/\/pizbube.ch\/en\/wp-json\/wp\/v2\/product\/152607","targetHints":{"allow":["GET"]}}],"collection":[{"href":"https:\/\/pizbube.ch\/en\/wp-json\/wp\/v2\/product"}],"about":[{"href":"https:\/\/pizbube.ch\/en\/wp-json\/wp\/v2\/types\/product"}],"wp:featuredmedia":[{"embeddable":true,"href":"https:\/\/pizbube.ch\/en\/wp-json\/wp\/v2\/media\/34316"}],"wp:attachment":[{"href":"https:\/\/pizbube.ch\/en\/wp-json\/wp\/v2\/media?parent=152607"}],"wp:term":[{"taxonomy":"product_brand","embeddable":true,"href":"https:\/\/pizbube.ch\/en\/wp-json\/wp\/v2\/product_brand?post=152607"},{"taxonomy":"product_cat","embeddable":true,"href":"https:\/\/pizbube.ch\/en\/wp-json\/wp\/v2\/product_cat?post=152607"},{"taxonomy":"product_tag","embeddable":true,"href":"https:\/\/pizbube.ch\/en\/wp-json\/wp\/v2\/product_tag?post=152607"}],"curies":[{"name":"wp","href":"https:\/\/api.w.org\/{rel}","templated":true}]}}