{"id":152612,"date":"2021-01-15T12:31:46","date_gmt":"2021-01-15T12:31:46","guid":{"rendered":"https:\/\/codengine3.ch\/?product=import-placeholder-for-208372"},"modified":"2021-01-15T17:53:15","modified_gmt":"2021-01-15T17:53:15","slug":"messner-der-film-dvd","status":"publish","type":"product","link":"https:\/\/pizbube.ch\/en\/shop\/messner-der-film-dvd\/","title":{"rendered":"Messner &#8211; Der Film (DVD)"},"content":{"rendered":"<p>Reinhold Messner &#8211; Wer ist dieser Mann? Woher kommt er? Was treibt ihn an?<\/p>\n<p>Nickel versucht das alles zu leisten mit einer Mischung aus Archivmaterial,<br \/>\ndokumentarischen und szenischen Elementen: Neben Reinhold Messners<br \/>\npers\u00f6nlichem Archiv mit Tausenden von Fotos, die von seiner Kindheit \u00fcber<br \/>\ns\u00e4mtliche seiner Expeditionen reichen, sind private Filmdokumente eingewoben,<br \/>\ndie bislang noch nie zu sehen waren.<\/p>\n<p>Formal ist Messner in Kapitel unterteilt, philosophisch betitelt mit Moral,<br \/>\nVerantwortung oder Erkenntnis. Leider wird diese Struktur im Verlauf des Films<br \/>\naufgegeben zugunsten einer chronologischen Nennung der Gipfel, die Messner<br \/>\nbestiegen hat. Man lernt ihn als aufm\u00fcpfigen Aufwachsenden kennen, der der<br \/>\nkonservativ-spie\u00dfigen Enge des Bergdorfs, in dem er aufw\u00e4chst, mit allen<br \/>\nMitteln entfliehen will. Das hei\u00dft: Raus in die Freiheit der Berge, auf die<br \/>\nGipfel, in die Unabh\u00e4ngigkeit, in das Alleinsein. Ein Merkmal des Bergsteigers<br \/>\nMessner war und ist n\u00e4mlich, dass er seine Vorhaben am liebsten alleine<br \/>\nangeht.<\/p>\n<p>Messner beginnt beeindruckend: auf einem schneebedeckten Berggipfel der<br \/>\nTiroler Alpen stapft ein klitzekleiner Mensch in Richtung Gipfel. Als winziges<br \/>\nWesen ist er umgeben von riesiger Natur. Die Marschrichtung des Films ist<br \/>\ndamit vorgegeben: es geht um das Verh\u00e4ltnis des Menschen zur Natur, auch zur<br \/>\neigenen. Bezogen auf Messner: Was treibt ihn an? Was sind innerliche wie<br \/>\n\u00e4u\u00dferliche Hindernisse, die er \u00fcberwinden muss? Wie funktioniert der Charakter<br \/>\nReinhold Messner? Diesen grundlegenden Fragen standesgem\u00e4\u00df ist der Film<br \/>\neingerahmt von Zitaten aus Albert Camus&#8216; Mythos des Sisyphos. Ein Ziel von<br \/>\nRegisseur Nickel ist die \u00dcberh\u00f6hung eines Individuums zum Exempel, die<br \/>\nBeleuchtung eines Innenlebens, das vom Film als archaisch, fast schon<br \/>\nmythologisch eingestuft wird.<br \/>\nca. 108 Min., mit Bonusmaterial<\/p>","protected":false},"excerpt":{"rendered":"<ul>\n<li><a href=\"https:\/\/youtu.be\/VvCXv35Vayo\" target=\"_blank\" rel=\"noopener\">Video: Messner &#8211; Der Film (Trailer)<\/a><\/li>\n<\/ul>","protected":false},"featured_media":41152,"template":"","meta":[],"product_brand":[],"product_cat":[21628],"product_tag":[],"class_list":{"0":"post-152612","1":"product","2":"type-product","3":"status-publish","4":"has-post-thumbnail","6":"product_cat-video-dvd-multimedia","7":"pa_autor-nickel","8":"pa_erscheinungsjahr-21568","9":"pa_region-deutschland","10":"pa_sprache-de","12":"first","13":"outofstock","14":"taxable","15":"shipping-taxable","16":"purchasable","17":"product-type-simple"},"_links":{"self":[{"href":"https:\/\/pizbube.ch\/en\/wp-json\/wp\/v2\/product\/152612","targetHints":{"allow":["GET"]}}],"collection":[{"href":"https:\/\/pizbube.ch\/en\/wp-json\/wp\/v2\/product"}],"about":[{"href":"https:\/\/pizbube.ch\/en\/wp-json\/wp\/v2\/types\/product"}],"wp:featuredmedia":[{"embeddable":true,"href":"https:\/\/pizbube.ch\/en\/wp-json\/wp\/v2\/media\/41152"}],"wp:attachment":[{"href":"https:\/\/pizbube.ch\/en\/wp-json\/wp\/v2\/media?parent=152612"}],"wp:term":[{"taxonomy":"product_brand","embeddable":true,"href":"https:\/\/pizbube.ch\/en\/wp-json\/wp\/v2\/product_brand?post=152612"},{"taxonomy":"product_cat","embeddable":true,"href":"https:\/\/pizbube.ch\/en\/wp-json\/wp\/v2\/product_cat?post=152612"},{"taxonomy":"product_tag","embeddable":true,"href":"https:\/\/pizbube.ch\/en\/wp-json\/wp\/v2\/product_tag?post=152612"}],"curies":[{"name":"wp","href":"https:\/\/api.w.org\/{rel}","templated":true}]}}