{"id":152620,"date":"2021-01-15T12:31:52","date_gmt":"2021-01-15T12:31:52","guid":{"rendered":"https:\/\/codengine3.ch\/?product=import-placeholder-for-206106"},"modified":"2021-01-15T14:46:24","modified_gmt":"2021-01-15T14:46:24","slug":"vtopo-ardeche","status":"publish","type":"product","link":"https:\/\/pizbube.ch\/en\/shop\/vtopo-ardeche\/","title":{"rendered":"VTOPO Ardeche"},"content":{"rendered":"<p>Avec 45 circuits VTT, ce VTOPO vous fait d\u00e9couvrir l\u2019Ard\u00e8che de Annonay<br \/>\njusqu\u2019\u00e0 Privas : balade, rando, XC, enduro!  <\/p>\n<p>&#8211; 45 circuits d\u00e9taill\u00e9s avec cartes IGN<br \/>\n&#8211; Format pratique 14 x 23 cm et l\u00e9ger<br \/>\n&#8211; Des infos r\u00e9currentes tr\u00e8s utiles: variantes, r\u00e9gion, point de vue&#8230;<br \/>\n&#8211; Avec le syst\u00e8me de cotation technique VTOPO de V1 \u00e0 V6<br \/>\n&#8211; 2 itin\u00e9rances exclusives de 3 \u00e0 6 jours pour les amoureux de voyages VTT!<br \/>\n&#8211; 144 pages en couleur<br \/>\n&#8211; Photos  <\/p>","protected":false},"excerpt":{"rendered":"<p>Avec 45 circuits VTT, ce VTOPO vous fait d\u00e9couvrir l\u2019Ard\u00e8che de Annonay jusqu\u2019\u00e0 Privas : balade, rando, XC, enduro! &#8211; 45 circuits d\u00e9taill\u00e9s avec cartes IGN &#8211; Format pratique 14 x 23 cm et l\u00e9ger &#8211; Des infos r\u00e9currentes tr\u00e8s utiles: variantes, r\u00e9gion, point de vue&#8230; &#8211; Avec le syst\u00e8me de cotation technique VTOPO de [&#8230;]\n","protected":false},"featured_media":35022,"template":"","meta":[],"product_brand":[],"product_cat":[21606],"product_tag":[],"class_list":{"0":"post-152620","1":"product","2":"type-product","3":"status-publish","4":"has-post-thumbnail","6":"product_cat-mountainbikefuehrer","7":"pa_autor-batifol","8":"pa_erscheinungsjahr-21830","9":"pa_region-frankreich","10":"pa_sprache-fr","12":"first","13":"instock","14":"taxable","15":"shipping-taxable","16":"purchasable","17":"product-type-simple"},"_links":{"self":[{"href":"https:\/\/pizbube.ch\/en\/wp-json\/wp\/v2\/product\/152620","targetHints":{"allow":["GET"]}}],"collection":[{"href":"https:\/\/pizbube.ch\/en\/wp-json\/wp\/v2\/product"}],"about":[{"href":"https:\/\/pizbube.ch\/en\/wp-json\/wp\/v2\/types\/product"}],"wp:featuredmedia":[{"embeddable":true,"href":"https:\/\/pizbube.ch\/en\/wp-json\/wp\/v2\/media\/35022"}],"wp:attachment":[{"href":"https:\/\/pizbube.ch\/en\/wp-json\/wp\/v2\/media?parent=152620"}],"wp:term":[{"taxonomy":"product_brand","embeddable":true,"href":"https:\/\/pizbube.ch\/en\/wp-json\/wp\/v2\/product_brand?post=152620"},{"taxonomy":"product_cat","embeddable":true,"href":"https:\/\/pizbube.ch\/en\/wp-json\/wp\/v2\/product_cat?post=152620"},{"taxonomy":"product_tag","embeddable":true,"href":"https:\/\/pizbube.ch\/en\/wp-json\/wp\/v2\/product_tag?post=152620"}],"curies":[{"name":"wp","href":"https:\/\/api.w.org\/{rel}","templated":true}]}}