{"id":152621,"date":"2021-01-15T12:31:52","date_gmt":"2021-01-15T12:31:52","guid":{"rendered":"https:\/\/codengine3.ch\/?product=import-placeholder-for-204647"},"modified":"2026-03-06T13:57:02","modified_gmt":"2026-03-06T12:57:02","slug":"outdoor-kompass-ardeche","status":"publish","type":"product","link":"https:\/\/pizbube.ch\/en\/shop\/outdoor-kompass-ardeche\/","title":{"rendered":"Outdoor Kompass &#8211; Ard\u00e8che"},"content":{"rendered":"<p>Die 23 sch\u00f6nsten Outdoor-Touren Kanu, Wandern und Rad &#8211; Wildwasser, Canyoning<br \/>\nund H\u00f6hlen &#8211; mit Tourenkarte<\/p>\n<p>Reiseinfos Ard\u00e8che von A &#8211; Z.<br \/>\nAlles \u00fcber Ausr\u00fcstung der verschiedenen Sportarten mit Checklisten.<\/p>\n<p>7 Paddeltouren<br \/>\nUmfangreiche Kapitel Wildwasser &amp; Canyoning kompakt<br \/>\nH\u00f6hlen kompakt: die sch\u00f6nsten Tropfsteinh\u00f6hlen der Region: Aven Marzal, St.<br \/>\nMarcel d\u2018Ard\u00e8che, Cocali\u00e8re, Grotte de la Madeleine, Cotepartiere<br \/>\nSpecial: Klettern und Klettersteige<\/p>\n<p>4 Radtouren<br \/>\n12 Wanderungen<\/p>\n<p>272 Seiten, 16,5 x 23,5 cm, Fadenheftung<br \/>\n<span class=\"value\">2. aktualisierte Auflage <\/span>\u00a02026<\/p>","protected":false},"excerpt":{"rendered":"<p><strong>NEUAUFLAGE LIEFERBAR AB CA. ENDE MAI 2026<\/strong><\/p>","protected":false},"featured_media":172855,"template":"","meta":[],"product_brand":[],"product_cat":[21605],"product_tag":[],"class_list":{"0":"post-152621","1":"product","2":"type-product","3":"status-publish","4":"has-post-thumbnail","6":"product_cat-wanderfuehrer-trekking","7":"pa_autor-zaunhuber-spilker-peters","8":"pa_erscheinungsjahr-27654","9":"pa_region-frankreich","10":"pa_sprache-de","12":"first","13":"onbackorder","14":"taxable","15":"shipping-taxable","16":"purchasable","17":"product-type-simple"},"_links":{"self":[{"href":"https:\/\/pizbube.ch\/en\/wp-json\/wp\/v2\/product\/152621","targetHints":{"allow":["GET"]}}],"collection":[{"href":"https:\/\/pizbube.ch\/en\/wp-json\/wp\/v2\/product"}],"about":[{"href":"https:\/\/pizbube.ch\/en\/wp-json\/wp\/v2\/types\/product"}],"wp:featuredmedia":[{"embeddable":true,"href":"https:\/\/pizbube.ch\/en\/wp-json\/wp\/v2\/media\/172855"}],"wp:attachment":[{"href":"https:\/\/pizbube.ch\/en\/wp-json\/wp\/v2\/media?parent=152621"}],"wp:term":[{"taxonomy":"product_brand","embeddable":true,"href":"https:\/\/pizbube.ch\/en\/wp-json\/wp\/v2\/product_brand?post=152621"},{"taxonomy":"product_cat","embeddable":true,"href":"https:\/\/pizbube.ch\/en\/wp-json\/wp\/v2\/product_cat?post=152621"},{"taxonomy":"product_tag","embeddable":true,"href":"https:\/\/pizbube.ch\/en\/wp-json\/wp\/v2\/product_tag?post=152621"}],"curies":[{"name":"wp","href":"https:\/\/api.w.org\/{rel}","templated":true}]}}