{"id":152622,"date":"2021-01-15T12:31:52","date_gmt":"2021-01-15T12:31:52","guid":{"rendered":"https:\/\/codengine3.ch\/?product=import-placeholder-for-208041"},"modified":"2023-06-27T09:49:12","modified_gmt":"2023-06-27T07:49:12","slug":"vtopo-vtt-ardeche-tome-2","status":"publish","type":"product","link":"https:\/\/pizbube.ch\/en\/shop\/vtopo-vtt-ardeche-tome-2\/","title":{"rendered":"VTOPO VTT Ard\u00e8che Tome 2"},"content":{"rendered":"<p>En compl\u00e9ment du tome 1 paru en 2010, voici Ard\u00e8che volume 2.<br \/>\n52 itin\u00e9raires de qualit\u00e9 \u00e0 travers le sud du d\u00e9partement (de Privas \u00e0 Saint-<br \/>\nAmbroix) : montagne ard\u00e9choise, gorges de l\u2019Ard\u00e8che, Haute C\u00e9venne, Bas<br \/>\nVivarais, Coiron, Pi\u00e9mont C\u00e9venol&#8230;<\/p>","protected":false},"excerpt":{"rendered":"<p>En compl\u00e9ment du tome 1 paru en 2010, voici Ard\u00e8che volume 2. 52 itin\u00e9raires de qualit\u00e9 \u00e0 travers le sud du d\u00e9partement (de Privas \u00e0 Saint- Ambroix) : montagne ard\u00e9choise, gorges de l\u2019Ard\u00e8che, Haute C\u00e9venne, Bas Vivarais, Coiron, Pi\u00e9mont C\u00e9venol&#8230;<\/p>","protected":false},"featured_media":39181,"template":"","meta":[],"product_brand":[],"product_cat":[21606],"product_tag":[],"class_list":{"0":"post-152622","1":"product","2":"type-product","3":"status-publish","4":"has-post-thumbnail","6":"product_cat-mountainbikefuehrer","7":"pa_autor-brun","8":"pa_erscheinungsjahr-21610","9":"pa_region-frankreich","10":"pa_sprache-de","12":"first","13":"outofstock","14":"taxable","15":"shipping-taxable","16":"purchasable","17":"product-type-simple"},"_links":{"self":[{"href":"https:\/\/pizbube.ch\/en\/wp-json\/wp\/v2\/product\/152622","targetHints":{"allow":["GET"]}}],"collection":[{"href":"https:\/\/pizbube.ch\/en\/wp-json\/wp\/v2\/product"}],"about":[{"href":"https:\/\/pizbube.ch\/en\/wp-json\/wp\/v2\/types\/product"}],"wp:featuredmedia":[{"embeddable":true,"href":"https:\/\/pizbube.ch\/en\/wp-json\/wp\/v2\/media\/39181"}],"wp:attachment":[{"href":"https:\/\/pizbube.ch\/en\/wp-json\/wp\/v2\/media?parent=152622"}],"wp:term":[{"taxonomy":"product_brand","embeddable":true,"href":"https:\/\/pizbube.ch\/en\/wp-json\/wp\/v2\/product_brand?post=152622"},{"taxonomy":"product_cat","embeddable":true,"href":"https:\/\/pizbube.ch\/en\/wp-json\/wp\/v2\/product_cat?post=152622"},{"taxonomy":"product_tag","embeddable":true,"href":"https:\/\/pizbube.ch\/en\/wp-json\/wp\/v2\/product_tag?post=152622"}],"curies":[{"name":"wp","href":"https:\/\/api.w.org\/{rel}","templated":true}]}}