{"id":152628,"date":"2021-01-15T12:31:53","date_gmt":"2021-01-15T12:31:53","guid":{"rendered":"https:\/\/codengine3.ch\/?product=import-placeholder-for-204753"},"modified":"2021-01-15T14:36:00","modified_gmt":"2021-01-15T14:36:00","slug":"bergsteigen-das-grosse-handbuch","status":"publish","type":"product","link":"https:\/\/pizbube.ch\/en\/shop\/bergsteigen-das-grosse-handbuch\/","title":{"rendered":"Bergsteigen &#8211; Das gro\u00dfe Handbuch"},"content":{"rendered":"<p>Von Bergsteigern f\u00fcr Bergsteiger. Von Kletterern f\u00fcr Kletterer.<\/p>\n<p>Bergsteigen ist das internationale Standardwerk f\u00fcr Bergsportler. Das<br \/>\numfassende Handbuch informiert und begeistert Einsteiger genauso wie erfahrene<br \/>\nKletterer. Von der Auswahl der richtigen Ausr\u00fcstung bis zur Planung einer<br \/>\nExpedition, von Abseiltechniken bis zu Knotenkunde \u2013 Bergsteiger erfahren<br \/>\nalles, was sie zur sicheren und erfolgreichen Besteigung ihres Traumgipfels in<br \/>\nFels, Eis und Schnee wissen m\u00fcssen.<\/p>\n<p>\u00b7Mit \u00fcber 400 detaillierten Illustrationen zur Darstellung von Ausr\u00fcstung,<br \/>\nKletter- und Seiltechnik<br \/>\n\u00b7Herausgegeben und verfasst vom Expertenteam von The Mountaineers, einer<br \/>\ntraditionsreichen Organisation f\u00fcr Bergsport und Naturschutz<br \/>\n\u00b7Einzelne Abschnitte gepr\u00fcft von Experten des American Alpine Club (AAC), der<br \/>\nAmerican Mountain Guides Association (AMGA) und des American Institutes for<br \/>\nAvalanche Research and Education (AIARE)<\/p>\n<p>\u00bbMan kann ohne \u00dcbertreibung sagen, dass Bergsteigen der ultimative Wegweiser<br \/>\nf\u00fcr Bergsteiger und Kletterer ist.\u00ab Conrad Anker<br \/>\n\u00bbEin Standardwerk f\u00fcr Kletterer und andere Outdoor-Begeisterte!\u00ab Lynn Hill  <\/p>","protected":false},"excerpt":{"rendered":"<ul>\n<li><a href=\"https:\/\/pizbube.ch\/wp-content\/uploads\/attachments\/a_016\/6234153E019D5B9A788FA578162FEE9F.pdf\" target=\"_blank\" rel=\"noopener\">PDF: Leseprobe_Bergsteigen_Handbuch.pdf<\/a><\/li>\n<\/ul>","protected":false},"featured_media":33172,"template":"","meta":[],"product_brand":[],"product_cat":[21538],"product_tag":[],"class_list":{"0":"post-152628","1":"product","2":"type-product","3":"status-publish","4":"has-post-thumbnail","6":"product_cat-lehrbuecher","7":"pa_autor-eng-cox-the-mountaineers-hrsg","8":"pa_erscheinungsjahr-21546","9":"pa_region-alpin-sommer","10":"pa_sprache-de","12":"first","13":"instock","14":"taxable","15":"shipping-taxable","16":"purchasable","17":"product-type-simple"},"_links":{"self":[{"href":"https:\/\/pizbube.ch\/en\/wp-json\/wp\/v2\/product\/152628","targetHints":{"allow":["GET"]}}],"collection":[{"href":"https:\/\/pizbube.ch\/en\/wp-json\/wp\/v2\/product"}],"about":[{"href":"https:\/\/pizbube.ch\/en\/wp-json\/wp\/v2\/types\/product"}],"wp:featuredmedia":[{"embeddable":true,"href":"https:\/\/pizbube.ch\/en\/wp-json\/wp\/v2\/media\/33172"}],"wp:attachment":[{"href":"https:\/\/pizbube.ch\/en\/wp-json\/wp\/v2\/media?parent=152628"}],"wp:term":[{"taxonomy":"product_brand","embeddable":true,"href":"https:\/\/pizbube.ch\/en\/wp-json\/wp\/v2\/product_brand?post=152628"},{"taxonomy":"product_cat","embeddable":true,"href":"https:\/\/pizbube.ch\/en\/wp-json\/wp\/v2\/product_cat?post=152628"},{"taxonomy":"product_tag","embeddable":true,"href":"https:\/\/pizbube.ch\/en\/wp-json\/wp\/v2\/product_tag?post=152628"}],"curies":[{"name":"wp","href":"https:\/\/api.w.org\/{rel}","templated":true}]}}