{"id":152634,"date":"2021-01-15T12:31:54","date_gmt":"2021-01-15T12:31:54","guid":{"rendered":"https:\/\/codengine3.ch\/?product=import-placeholder-for-202018"},"modified":"2021-01-15T12:32:41","modified_gmt":"2021-01-15T12:32:41","slug":"verschollen-am-mount-everest-2","status":"publish","type":"product","link":"https:\/\/pizbube.ch\/en\/shop\/verschollen-am-mount-everest-2\/","title":{"rendered":"Verschollen am Mount Everest"},"content":{"rendered":"<p>Dem Geheimnis von G. Mallory auf der Spur- Dokumentation der Suchexpedition<br \/>\nvon 1999, welche die Leiche Mallorys gefunden hat. (TB Ausgabe)<br \/>\nAnkers spektakul\u00e4rer Fund sorgte weltweit f\u00fcr Aufregung: K\u00f6nnten Mallory und<br \/>\nsein Gef\u00e4hrte Irvine wom\u00f6glich als erste, bereits 29 Jahre vor Edmund Hillary<br \/>\nund Tenzing Norgay, das Dach der Welt erkommen haben?<br \/>\nUm die Ereignisse des Jahres 1924 nachzuvollziehen, versuchte Conrad Anker<br \/>\nMallorys Route auf den Gipfel des Mount Everest zu folgen. Er bestieg im<br \/>\nfreien Stil die sogenannte Zweite Stufe, jene 30 Meter hohe Klippe, die das<br \/>\ngr\u00f6\u00dfte Hindernis auf dem Nordostgrat darstellt. Nur unter extremster<br \/>\nAnstrengung erreichte Conrad den Gipfel.<br \/>\nVor dem Hintergrund dieser eigenen Erfahrung, aber auch anhand des Zustands<br \/>\ndes Toten sowie der bei ihm gefundenen Gegenst\u00e4nde, darunter eine<br \/>\nSchutzbrille, ein H\u00f6henmesser und pers\u00f6nliche Briefe, rekonstruieren Conrad<br \/>\nAnker und David Roberts das Schicksal der Bergsteiger Mallory und Irvine.<\/p>","protected":false},"excerpt":{"rendered":"<p>Dem Geheimnis von G. Mallory auf der Spur- Dokumentation der Suchexpedition von 1999, welche die Leiche Mallorys gefunden hat. (TB Ausgabe) Ankers spektakul\u00e4rer Fund sorgte weltweit f\u00fcr Aufregung: K\u00f6nnten Mallory und sein Gef\u00e4hrte Irvine wom\u00f6glich als erste, bereits 29 Jahre vor Edmund Hillary und Tenzing Norgay, das Dach der Welt erkommen haben? Um die Ereignisse [&#8230;]\n","protected":false},"featured_media":29400,"template":"","meta":[],"product_brand":[],"product_cat":[21542],"product_tag":[],"class_list":{"0":"post-152634","1":"product","2":"type-product","3":"status-publish","4":"has-post-thumbnail","6":"product_cat-sachbuecher-dokumentationen","7":"pa_autor-anker-roberts","8":"pa_erscheinungsjahr-21750","9":"pa_region-asien","10":"pa_sprache-de","12":"first","13":"outofstock","14":"taxable","15":"shipping-taxable","16":"purchasable","17":"product-type-simple"},"_links":{"self":[{"href":"https:\/\/pizbube.ch\/en\/wp-json\/wp\/v2\/product\/152634","targetHints":{"allow":["GET"]}}],"collection":[{"href":"https:\/\/pizbube.ch\/en\/wp-json\/wp\/v2\/product"}],"about":[{"href":"https:\/\/pizbube.ch\/en\/wp-json\/wp\/v2\/types\/product"}],"wp:featuredmedia":[{"embeddable":true,"href":"https:\/\/pizbube.ch\/en\/wp-json\/wp\/v2\/media\/29400"}],"wp:attachment":[{"href":"https:\/\/pizbube.ch\/en\/wp-json\/wp\/v2\/media?parent=152634"}],"wp:term":[{"taxonomy":"product_brand","embeddable":true,"href":"https:\/\/pizbube.ch\/en\/wp-json\/wp\/v2\/product_brand?post=152634"},{"taxonomy":"product_cat","embeddable":true,"href":"https:\/\/pizbube.ch\/en\/wp-json\/wp\/v2\/product_cat?post=152634"},{"taxonomy":"product_tag","embeddable":true,"href":"https:\/\/pizbube.ch\/en\/wp-json\/wp\/v2\/product_tag?post=152634"}],"curies":[{"name":"wp","href":"https:\/\/api.w.org\/{rel}","templated":true}]}}