{"id":152636,"date":"2021-01-15T12:31:54","date_gmt":"2021-01-15T12:31:54","guid":{"rendered":"https:\/\/codengine3.ch\/?product=import-placeholder-for-202933"},"modified":"2021-01-15T12:52:35","modified_gmt":"2021-01-15T12:52:35","slug":"medecine-de-lalpinisme-et-des-sports-de-montagne","status":"publish","type":"product","link":"https:\/\/pizbube.ch\/en\/shop\/medecine-de-lalpinisme-et-des-sports-de-montagne\/","title":{"rendered":"MEDECINE DE L&#8217;ALPINISME ET DES SPORTS DE MONTAGNE"},"content":{"rendered":"<p>Cette 3e \u00e9dition a \u00e9t\u00e9 enti\u00e8rement revue, actualis\u00e9e et augment\u00e9e, \u00e0 la<br \/>\nlumi\u00e8re des \u00e9volutions th\u00e9rapeutiques, notamment pour le chapitre sur les<br \/>\npathologies li\u00e9es au froid qui a \u00e9t\u00e9 totalement refondu. Enfin, les auteurs<br \/>\ninsistent sur l&#8217;importance du r\u00f4le de la pr\u00e9paration physique, indispensable \u00e0<br \/>\ntoute randonn\u00e9e, ainsi que sur la pr\u00e9vention des accidents et du secours en<br \/>\nmontagne. Les m\u00e9decins du sport, et tous les professionnels ou amateurs de<br \/>\ntrekking, de randonn\u00e9es et d&#8217;alpinisme y trouveront, \u00e0 c\u00f4t\u00e9 des donn\u00e9es<br \/>\nfondamentales, des conseils pratiques sur ces sports. Cet ouvrage rassemble<br \/>\nl&#8217;essentiel des connaissances concernant la vie en altitude. Dans un premier<br \/>\ntemps, les donn\u00e9es sur l&#8217;environnement et ses dangers, puis les aspects<br \/>\nphysiologiques de l&#8217;adaptation \u00e0 la pratique des activit\u00e9s sportives en<br \/>\nmontagne. Les diverses pathologies sont ensuite abord\u00e9es, qu\u2019elles soient<br \/>\ntraumatiques ou li\u00e9es au milieu.<\/p>","protected":false},"excerpt":{"rendered":"<p>Cette 3e \u00e9dition a \u00e9t\u00e9 enti\u00e8rement revue, actualis\u00e9e et augment\u00e9e, \u00e0 la lumi\u00e8re des \u00e9volutions th\u00e9rapeutiques, notamment pour le chapitre sur les pathologies li\u00e9es au froid qui a \u00e9t\u00e9 totalement refondu. Enfin, les auteurs insistent sur l&#8217;importance du r\u00f4le de la pr\u00e9paration physique, indispensable \u00e0 toute randonn\u00e9e, ainsi que sur la pr\u00e9vention des accidents et [&#8230;]\n","protected":false},"featured_media":30421,"template":"","meta":[],"product_brand":[],"product_cat":[21538],"product_tag":[],"class_list":{"0":"post-152636","1":"product","2":"type-product","3":"status-publish","4":"has-post-thumbnail","6":"product_cat-lehrbuecher","7":"pa_autor-richalet-herry","8":"pa_erscheinungsjahr-22292","9":"pa_region-medizin-recht","10":"pa_sprache-fr","12":"first","13":"instock","14":"taxable","15":"shipping-taxable","16":"purchasable","17":"product-type-simple"},"_links":{"self":[{"href":"https:\/\/pizbube.ch\/en\/wp-json\/wp\/v2\/product\/152636","targetHints":{"allow":["GET"]}}],"collection":[{"href":"https:\/\/pizbube.ch\/en\/wp-json\/wp\/v2\/product"}],"about":[{"href":"https:\/\/pizbube.ch\/en\/wp-json\/wp\/v2\/types\/product"}],"wp:featuredmedia":[{"embeddable":true,"href":"https:\/\/pizbube.ch\/en\/wp-json\/wp\/v2\/media\/30421"}],"wp:attachment":[{"href":"https:\/\/pizbube.ch\/en\/wp-json\/wp\/v2\/media?parent=152636"}],"wp:term":[{"taxonomy":"product_brand","embeddable":true,"href":"https:\/\/pizbube.ch\/en\/wp-json\/wp\/v2\/product_brand?post=152636"},{"taxonomy":"product_cat","embeddable":true,"href":"https:\/\/pizbube.ch\/en\/wp-json\/wp\/v2\/product_cat?post=152636"},{"taxonomy":"product_tag","embeddable":true,"href":"https:\/\/pizbube.ch\/en\/wp-json\/wp\/v2\/product_tag?post=152636"}],"curies":[{"name":"wp","href":"https:\/\/api.w.org\/{rel}","templated":true}]}}