{"id":152640,"date":"2021-01-15T12:31:59","date_gmt":"2021-01-15T12:31:59","guid":{"rendered":"https:\/\/codengine3.ch\/?product=import-placeholder-for-205574"},"modified":"2021-01-15T14:42:18","modified_gmt":"2021-01-15T14:42:18","slug":"principales-zonas-de-escalada-en-roca-parque-nacional-del-teide-isla-de-tenerife","status":"publish","type":"product","link":"https:\/\/pizbube.ch\/en\/shop\/principales-zonas-de-escalada-en-roca-parque-nacional-del-teide-isla-de-tenerife\/","title":{"rendered":"Principales zonas de escalada en roca Parque Nacional del Teide \/ isla de Tenerife"},"content":{"rendered":"<p>Phototopoguide of the Teneriffe Parque Nacional del Teide  <\/p>\n<p>El Parque Nacional del Teide es un marco incomparable para la pr\u00e1ctica de la<br \/>\nescalada en roca en la isla de Tenerife, con m\u00e1s de cuatrocientas v\u00edas<br \/>\nrepartidas en casi una veintena de zonas. En la presente publicaci\u00f3n se<br \/>\nrecopilan alrededor de doscientos itinerarios dentro de seis zonas, que<br \/>\nconsideramos las principales, y est\u00e1n contempladas en el Plan Rector de Uso y<br \/>\nGesti\u00f3n del Parque Nacional del Teide (P.R.U.G.). Normativa a tener en cuenta,<br \/>\nya que afecta al contenido de esta publicaci\u00f3n en lo relativo a lugares,<br \/>\ntrayectos permitidos, medios que se admiten, periodos h\u00e1biles, etc.  <\/p>\n<p>Las v\u00edas se encuentran en una zona de gran calidad paisaj\u00edstica, donde la<br \/>\nescalada cl\u00e1sica y las buenas sensaciones est\u00e1n garantizadas. Sin embargo la<br \/>\nroca a veces se presenta, sobre todo en los Roques de Garc\u00eda, fracturada y<br \/>\npeligrosa. Muchas v\u00edas se encuantran en su estado original de equipamiento, en<br \/>\nalgunos casos buriles y clavos, seguros viejos de calidad muy variable. Las<br \/>\nv\u00edas equipadas llevan escritos sus nombres en azul.  <\/p>","protected":false},"excerpt":{"rendered":"<p>Phototopoguide of the Teneriffe Parque Nacional del Teide El Parque Nacional del Teide es un marco incomparable para la pr\u00e1ctica de la escalada en roca en la isla de Tenerife, con m\u00e1s de cuatrocientas v\u00edas repartidas en casi una veintena de zonas. En la presente publicaci\u00f3n se recopilan alrededor de doscientos itinerarios dentro de seis [&#8230;]\n","protected":false},"featured_media":34333,"template":"","meta":[],"product_brand":[],"product_cat":[21539],"product_tag":[],"class_list":{"0":"post-152640","1":"product","2":"type-product","3":"status-publish","4":"has-post-thumbnail","6":"product_cat-fuehrerliteratur-sportklettern-bouldern","7":"pa_autor-fcm","8":"pa_erscheinungsjahr-21920","9":"pa_region-spanien","10":"pa_sprache-sp","12":"first","13":"outofstock","14":"taxable","15":"shipping-taxable","16":"purchasable","17":"product-type-simple"},"_links":{"self":[{"href":"https:\/\/pizbube.ch\/en\/wp-json\/wp\/v2\/product\/152640","targetHints":{"allow":["GET"]}}],"collection":[{"href":"https:\/\/pizbube.ch\/en\/wp-json\/wp\/v2\/product"}],"about":[{"href":"https:\/\/pizbube.ch\/en\/wp-json\/wp\/v2\/types\/product"}],"wp:featuredmedia":[{"embeddable":true,"href":"https:\/\/pizbube.ch\/en\/wp-json\/wp\/v2\/media\/34333"}],"wp:attachment":[{"href":"https:\/\/pizbube.ch\/en\/wp-json\/wp\/v2\/media?parent=152640"}],"wp:term":[{"taxonomy":"product_brand","embeddable":true,"href":"https:\/\/pizbube.ch\/en\/wp-json\/wp\/v2\/product_brand?post=152640"},{"taxonomy":"product_cat","embeddable":true,"href":"https:\/\/pizbube.ch\/en\/wp-json\/wp\/v2\/product_cat?post=152640"},{"taxonomy":"product_tag","embeddable":true,"href":"https:\/\/pizbube.ch\/en\/wp-json\/wp\/v2\/product_tag?post=152640"}],"curies":[{"name":"wp","href":"https:\/\/api.w.org\/{rel}","templated":true}]}}