{"id":152650,"date":"2021-01-15T12:32:01","date_gmt":"2021-01-15T12:32:01","guid":{"rendered":"https:\/\/codengine3.ch\/?product=import-placeholder-for-208601"},"modified":"2021-01-15T17:55:45","modified_gmt":"2021-01-15T17:55:45","slug":"trasmettere-passione-wie-uebertraegt-man-seelische-erfahrungen-im-klettern","status":"publish","type":"product","link":"https:\/\/pizbube.ch\/en\/shop\/trasmettere-passione-wie-uebertraegt-man-seelische-erfahrungen-im-klettern\/","title":{"rendered":"Trasmettere passione &#8211; Wie \u00fcbertr\u00e4gt man seelische Erfahrungen im Klettern"},"content":{"rendered":"<p>96 Seiten, zahlreiche ganzseitige Fotos, Softcover;<br \/>\nzweisprachig deutsch und italienisch<\/p>\n<p>Das Buch versucht der Frage: \u201eWarum Alpinismus?&#187; und \u201eWelchen Wert hat er f\u00fcr<br \/>\ndas Leben?\u201c auf den Grund zu gehen. Dabei erg\u00e4nzen sich die italienische<br \/>\nLeidenschaft des Trentiner Giugliano Stenghel mit dem deutsch-denkenden und<br \/>\nphilosophischen Geist von Heinz Grill. Beide verbindet die jahrzehntelange<br \/>\nBegeisterung f\u00fcr das Klettern. Mit spannenden Geschichten \u00fcber ihre<br \/>\nErstbegehungen zeigen sie auf, was man dabei f\u00fcr seelische Erfahrungen machen<br \/>\nkann.<\/p>\n<p>Diese werden mit gro\u00dfformatigen Bildern, Zeichnungen und Beschriftung<br \/>\nverdeutlicht. Zwei Individualisten, die nicht aus einem theoretischen Studium,<br \/>\nsondern aus der unmittelbaren Erfahrung sprechen. So kann ein Funke der<br \/>\nBegeisterung auf den Leser \u00fcberschlagen und er kann seine eigenen<br \/>\nBergerlebnisse und sein Dr\u00e4ngen zum Berg besser reflektieren und verstehen.<br \/>\nEin Buch f\u00fcr all jene, die nach der tieferen Seite des Bergsteigens suchen.  <\/p>\n<p>&#171;Per farsi ammaliare dall&#8217;alpinismo \u00e8 necessario provare, toccare con mano<br \/>\nci\u00f2 che ci dona una scalata. L&#8217;arrivo in vetta \u00e8 un momento indescrivibile e<br \/>\nche difficilmente si pu\u00f2 dimenticare: la fatica per il raggiungimento di un<br \/>\nobiettivo provoca emozioni e sensazioni uniche e grandi soddisfazioni.<br \/>\nL&#8217;alpinismo \u00e8 forza di volont\u00e0 e saldezza psicologica, \u00e8 anche intelligenza,<br \/>\nequilibrio, fiducia in noi stessi, freddezza e lucidit\u00e0 nel valutare le<br \/>\nsituazioni estreme. L&#8217;alpinismo ci d\u00e0 nuove energie e voglia di lottare, ci<br \/>\nrinforza fisicamente, ci dona la capacit\u00e0 di affrontare rischi e pericoli e<br \/>\nsopportare pene anche inimmaginabili, infine ci porta a ridimensionare tanti<br \/>\nproblemi personali. L&#8217;alpinismo quindi pu\u00f2 essere anche una cura, una terapia.<br \/>\nCi adduce necessariamente ad affrontare rischi e sacrifici, a vincere la paura<br \/>\ndi &#171;volare&#187; e romperci qualche osso o addirittura perdere la vita, per<br \/>\ncontro ci insegna a superare forti e impreviste difficolt\u00e0 della vita stessa e<br \/>\nci rende un po&#8216; pi\u00f9 felici.&#187;<\/p>\n<p>Queste le prime parole di Giuliano Stenghel (Sten) che provano a trasmettere<br \/>\nla passione per la magnifica attivit\u00e0 dell&#8217;arrampicata.<\/p>","protected":false},"excerpt":{"rendered":"<p>96 Seiten, zahlreiche ganzseitige Fotos, Softcover; zweisprachig deutsch und italienisch Das Buch versucht der Frage: \u201eWarum Alpinismus?&#187; und \u201eWelchen Wert hat er f\u00fcr das Leben?\u201c auf den Grund zu gehen. Dabei erg\u00e4nzen sich die italienische Leidenschaft des Trentiner Giugliano Stenghel mit dem deutsch-denkenden und philosophischen Geist von Heinz Grill. Beide verbindet die jahrzehntelange Begeisterung f\u00fcr [&#8230;]\n","protected":false},"featured_media":40688,"template":"","meta":[],"product_brand":[],"product_cat":[21542],"product_tag":[],"class_list":{"0":"post-152650","1":"product","2":"type-product","3":"status-publish","4":"has-post-thumbnail","6":"product_cat-sachbuecher-dokumentationen","7":"pa_autor-grill-stenghel","8":"pa_erscheinungsjahr-21574","9":"pa_region-italien","10":"pa_sprache-de-it","12":"first","13":"instock","14":"taxable","15":"shipping-taxable","16":"purchasable","17":"product-type-simple"},"_links":{"self":[{"href":"https:\/\/pizbube.ch\/en\/wp-json\/wp\/v2\/product\/152650","targetHints":{"allow":["GET"]}}],"collection":[{"href":"https:\/\/pizbube.ch\/en\/wp-json\/wp\/v2\/product"}],"about":[{"href":"https:\/\/pizbube.ch\/en\/wp-json\/wp\/v2\/types\/product"}],"wp:featuredmedia":[{"embeddable":true,"href":"https:\/\/pizbube.ch\/en\/wp-json\/wp\/v2\/media\/40688"}],"wp:attachment":[{"href":"https:\/\/pizbube.ch\/en\/wp-json\/wp\/v2\/media?parent=152650"}],"wp:term":[{"taxonomy":"product_brand","embeddable":true,"href":"https:\/\/pizbube.ch\/en\/wp-json\/wp\/v2\/product_brand?post=152650"},{"taxonomy":"product_cat","embeddable":true,"href":"https:\/\/pizbube.ch\/en\/wp-json\/wp\/v2\/product_cat?post=152650"},{"taxonomy":"product_tag","embeddable":true,"href":"https:\/\/pizbube.ch\/en\/wp-json\/wp\/v2\/product_tag?post=152650"}],"curies":[{"name":"wp","href":"https:\/\/api.w.org\/{rel}","templated":true}]}}