{"id":152658,"date":"2021-01-15T12:32:01","date_gmt":"2021-01-15T12:32:01","guid":{"rendered":"https:\/\/codengine3.ch\/?product=import-placeholder-for-202324"},"modified":"2021-01-15T12:35:19","modified_gmt":"2021-01-15T12:35:19","slug":"stimmen-vom-gipfel","status":"publish","type":"product","link":"https:\/\/pizbube.ch\/en\/shop\/stimmen-vom-gipfel\/","title":{"rendered":"Stimmen vom Gipfel"},"content":{"rendered":"<p>Beitr\u00e4ge von den bedeutendsten Bergsteigern zur Zukunft des Alpinismus:<br \/>\nR\u00fcckschau auf die epochalen Marktsteine in der Geschichte des Bergsports uns<br \/>\nAusbliche auf neue Herausvorderungen. H\u00f6chste Leistungen, extreme Situationen<br \/>\nund provozierende Visionen ? Stimmen vom Gipfel ist eine W\u00fcrdigung der Kunst<br \/>\ndes Bergsteigens. Eine Bilanz von einzigartiger thematischer Spannweite,<br \/>\ninhaltlicher Kompetenz und Authentizit\u00e4t. Sowohl die Begr\u00fcnder und Wegbereiter<br \/>\nals auch die heutigen Superstars des modernen Alpinismus bieten eine R\u00fcckschau<br \/>\nauf die epochalen Marksteine in der Geschichte des Bergsports und Ausblicke<br \/>\nauf v\u00f6llig neue Herausforderungen. Das Werk ist auch ein Spiegel davon, was es<br \/>\nden M\u00e4nnern und Frauen bedeutet, in h\u00f6chsten H\u00f6hen ihre mentalen Kr\u00e4fte zu<br \/>\nerproben und ihr Leben aufs Spiel zu setzen.<br \/>\nGebunden, 112 s\/w. Fotos. 255 S.<\/p>","protected":false},"excerpt":{"rendered":"<p>Beitr\u00e4ge von den bedeutendsten Bergsteigern zur Zukunft des Alpinismus: R\u00fcckschau auf die epochalen Marktsteine in der Geschichte des Bergsports uns Ausbliche auf neue Herausvorderungen. H\u00f6chste Leistungen, extreme Situationen und provozierende Visionen ? Stimmen vom Gipfel ist eine W\u00fcrdigung der Kunst des Bergsteigens. Eine Bilanz von einzigartiger thematischer Spannweite, inhaltlicher Kompetenz und Authentizit\u00e4t. Sowohl die Begr\u00fcnder [&#8230;]\n","protected":false},"featured_media":29701,"template":"","meta":[],"product_brand":[],"product_cat":[21542],"product_tag":[],"class_list":{"0":"post-152658","1":"product","2":"type-product","3":"status-publish","4":"has-post-thumbnail","6":"product_cat-sachbuecher-dokumentationen","7":"pa_autor-national-geographic","8":"pa_erscheinungsjahr-22242","9":"pa_region-amerika-nord","10":"pa_sprache-de","12":"first","13":"outofstock","14":"taxable","15":"shipping-taxable","16":"purchasable","17":"product-type-simple"},"_links":{"self":[{"href":"https:\/\/pizbube.ch\/en\/wp-json\/wp\/v2\/product\/152658","targetHints":{"allow":["GET"]}}],"collection":[{"href":"https:\/\/pizbube.ch\/en\/wp-json\/wp\/v2\/product"}],"about":[{"href":"https:\/\/pizbube.ch\/en\/wp-json\/wp\/v2\/types\/product"}],"wp:featuredmedia":[{"embeddable":true,"href":"https:\/\/pizbube.ch\/en\/wp-json\/wp\/v2\/media\/29701"}],"wp:attachment":[{"href":"https:\/\/pizbube.ch\/en\/wp-json\/wp\/v2\/media?parent=152658"}],"wp:term":[{"taxonomy":"product_brand","embeddable":true,"href":"https:\/\/pizbube.ch\/en\/wp-json\/wp\/v2\/product_brand?post=152658"},{"taxonomy":"product_cat","embeddable":true,"href":"https:\/\/pizbube.ch\/en\/wp-json\/wp\/v2\/product_cat?post=152658"},{"taxonomy":"product_tag","embeddable":true,"href":"https:\/\/pizbube.ch\/en\/wp-json\/wp\/v2\/product_tag?post=152658"}],"curies":[{"name":"wp","href":"https:\/\/api.w.org\/{rel}","templated":true}]}}