{"id":152661,"date":"2021-01-15T12:32:07","date_gmt":"2021-01-15T12:32:07","guid":{"rendered":"https:\/\/codengine3.ch\/?product=import-placeholder-for-201955"},"modified":"2021-08-05T16:12:36","modified_gmt":"2021-08-05T14:12:36","slug":"agulles-regio-de-montserrat-guia-descalades","status":"publish","type":"product","link":"https:\/\/pizbube.ch\/en\/shop\/agulles-regio-de-montserrat-guia-descalades\/","title":{"rendered":"Agulles regi\u00f3 de Montserrat &#8211; Guia d&#8217;escalades"},"content":{"rendered":"<p>Gu\u00eda de escalada de Agulles (Montserrat) editada a todo color y con n\u00edtidas<br \/>\nfotograf\u00edas, croquis&#8230; que incluye los sectores de: Ponent Sur, Ponent<br \/>\nSuperior, Part Central, Part Llevant, Muralla d&#8217;Agulles, Ponent Inferior, Part<br \/>\nSant Pau Vell y Part Sud.<\/p>\n<p>Adem\u00e1s aporta informaci\u00f3n geenral sobre la zona y el entorno natural,<br \/>\ngraduaciones, el tipo de roca y el material, c\u00f3mo actuar en caso de accidente,<br \/>\nfauna y flora, y poblaciones.<\/p>","protected":false},"excerpt":{"rendered":"<p>Gu\u00eda de escalada de Agulles (Montserrat) editada a todo color y con n\u00edtidas fotograf\u00edas, croquis&#8230; que incluye los sectores de: Ponent Sur, Ponent Superior, Part Central, Part Llevant, Muralla d&#8217;Agulles, Ponent Inferior, Part Sant Pau Vell y Part Sud. Adem\u00e1s aporta informaci\u00f3n geenral sobre la zona y el entorno natural, graduaciones, el tipo de roca [&#8230;]\n","protected":false},"featured_media":29336,"template":"","meta":[],"product_brand":[],"product_cat":[21539],"product_tag":[],"class_list":{"0":"post-152661","1":"product","2":"type-product","3":"status-publish","4":"has-post-thumbnail","6":"product_cat-fuehrerliteratur-sportklettern-bouldern","7":"pa_autor-dalmau","8":"pa_erscheinungsjahr-21610","9":"pa_region-spanien","10":"pa_sprache-sp","12":"first","13":"onbackorder","14":"taxable","15":"shipping-taxable","16":"purchasable","17":"product-type-simple"},"_links":{"self":[{"href":"https:\/\/pizbube.ch\/en\/wp-json\/wp\/v2\/product\/152661","targetHints":{"allow":["GET"]}}],"collection":[{"href":"https:\/\/pizbube.ch\/en\/wp-json\/wp\/v2\/product"}],"about":[{"href":"https:\/\/pizbube.ch\/en\/wp-json\/wp\/v2\/types\/product"}],"wp:featuredmedia":[{"embeddable":true,"href":"https:\/\/pizbube.ch\/en\/wp-json\/wp\/v2\/media\/29336"}],"wp:attachment":[{"href":"https:\/\/pizbube.ch\/en\/wp-json\/wp\/v2\/media?parent=152661"}],"wp:term":[{"taxonomy":"product_brand","embeddable":true,"href":"https:\/\/pizbube.ch\/en\/wp-json\/wp\/v2\/product_brand?post=152661"},{"taxonomy":"product_cat","embeddable":true,"href":"https:\/\/pizbube.ch\/en\/wp-json\/wp\/v2\/product_cat?post=152661"},{"taxonomy":"product_tag","embeddable":true,"href":"https:\/\/pizbube.ch\/en\/wp-json\/wp\/v2\/product_tag?post=152661"}],"curies":[{"name":"wp","href":"https:\/\/api.w.org\/{rel}","templated":true}]}}