{"id":152662,"date":"2021-01-15T12:32:07","date_gmt":"2021-01-15T12:32:07","guid":{"rendered":"https:\/\/codengine3.ch\/?product=import-placeholder-for-203653"},"modified":"2021-01-15T14:25:20","modified_gmt":"2021-01-15T14:25:20","slug":"montserrat-cara-sur","status":"publish","type":"product","link":"https:\/\/pizbube.ch\/en\/shop\/montserrat-cara-sur\/","title":{"rendered":"MONTSERRAT CARA SUR"},"content":{"rendered":"<p>A topo-style guide to experience the sunnier, friendlier, &#8230; southern side of<br \/>\nthis famous Catalan climbing area, just 30 minutes drive from Barcelona.  <\/p>\n<p>Introducci\u00f3 general i \u00fas de la guia, amb explicacions de les icones i<br \/>\nabreujatures usades a les ressenyes, material necessari, accesos, situaci\u00f3 de<br \/>\nles zones etc.<br \/>\nAl principi del llibre hi ha varis mapes de les zones en qu\u00e8 s&#8217;ha dividit la<br \/>\nguia, mostrant la zona que entra a la guia i les subzones en qu\u00e8 s&#8217;ha dividit<br \/>\ni els seus accesos.  <\/p>\n<p>El llibre est\u00e0 dividit en 11 cap\u00edtols (zones):<br \/>\nBauma de Can Sol\u00e0 (12 vies), El Vermell del Xincarr\u00f3 (173 vies), Castell-Cova<br \/>\nde l&#8217;Arcada (91 vies), Clot del Boixar-La Proa (124 vies)&#8230;<br \/>\nA cada zona es disposa d&#8217;un resum de les vies per dificultat, fotos de les<br \/>\nzones, i croquis de la zona i accesos. Es descriu cada zona i les seves<br \/>\ncaracter\u00edstiques. A m\u00e9s a m\u00e9s i ha croquis de les vies, itinerari, material,<br \/>\nobservacions si s&#8217;escau i autors i data d&#8217;apertura si es coneix.  <\/p>","protected":false},"excerpt":{"rendered":"<p>A topo-style guide to experience the sunnier, friendlier, &#8230; southern side of this famous Catalan climbing area, just 30 minutes drive from Barcelona. Introducci\u00f3 general i \u00fas de la guia, amb explicacions de les icones i abreujatures usades a les ressenyes, material necessari, accesos, situaci\u00f3 de les zones etc. Al principi del llibre hi ha [&#8230;]\n","protected":false},"featured_media":31305,"template":"","meta":[],"product_brand":[],"product_cat":[21539],"product_tag":[],"class_list":{"0":"post-152662","1":"product","2":"type-product","3":"status-publish","4":"has-post-thumbnail","6":"product_cat-fuehrerliteratur-sportklettern-bouldern","7":"pa_autor-alfonso-buxo","8":"pa_erscheinungsjahr-21920","9":"pa_region-spanien","10":"pa_sprache-sp","12":"first","13":"instock","14":"taxable","15":"shipping-taxable","16":"purchasable","17":"product-type-simple"},"_links":{"self":[{"href":"https:\/\/pizbube.ch\/en\/wp-json\/wp\/v2\/product\/152662","targetHints":{"allow":["GET"]}}],"collection":[{"href":"https:\/\/pizbube.ch\/en\/wp-json\/wp\/v2\/product"}],"about":[{"href":"https:\/\/pizbube.ch\/en\/wp-json\/wp\/v2\/types\/product"}],"wp:featuredmedia":[{"embeddable":true,"href":"https:\/\/pizbube.ch\/en\/wp-json\/wp\/v2\/media\/31305"}],"wp:attachment":[{"href":"https:\/\/pizbube.ch\/en\/wp-json\/wp\/v2\/media?parent=152662"}],"wp:term":[{"taxonomy":"product_brand","embeddable":true,"href":"https:\/\/pizbube.ch\/en\/wp-json\/wp\/v2\/product_brand?post=152662"},{"taxonomy":"product_cat","embeddable":true,"href":"https:\/\/pizbube.ch\/en\/wp-json\/wp\/v2\/product_cat?post=152662"},{"taxonomy":"product_tag","embeddable":true,"href":"https:\/\/pizbube.ch\/en\/wp-json\/wp\/v2\/product_tag?post=152662"}],"curies":[{"name":"wp","href":"https:\/\/api.w.org\/{rel}","templated":true}]}}