{"id":152664,"date":"2021-01-15T12:32:07","date_gmt":"2021-01-15T12:32:07","guid":{"rendered":"https:\/\/codengine3.ch\/?product=import-placeholder-for-202509"},"modified":"2021-01-15T12:36:55","modified_gmt":"2021-01-15T12:36:55","slug":"umbrien-gran-sasso-abruzzen","status":"publish","type":"product","link":"https:\/\/pizbube.ch\/en\/shop\/umbrien-gran-sasso-abruzzen\/","title":{"rendered":"Umbrien Gran Sasso Abruzzen"},"content":{"rendered":"<p>Mit Gran Sasso und Abruzzen. Mit Tourenkarten. 80 Farbfotos, Routenskizzen. 35<br \/>\nWanderungen, 35 Detailkarten, viele Reise-Infos. Mit Tourenkarten zum<br \/>\nHeraustrennen. Dumler hat herrliche Routen zusammengestellt, die uns auf die<br \/>\nfreien H\u00f6hen des Apennin und in die l\u00e4ndlichen Gebiete Umbriens, ins Gran<br \/>\nSasso und in den Nationalpark Abruzzen f\u00fchren. Leichte Wanderpfade steigen in<br \/>\nfelsige, scheinbar himmelhohe Lagen empor eine Landschaft voller<br \/>\n\u00dcberraschungen.<\/p>","protected":false},"excerpt":{"rendered":"<p>Mit Gran Sasso und Abruzzen. Mit Tourenkarten. 80 Farbfotos, Routenskizzen. 35 Wanderungen, 35 Detailkarten, viele Reise-Infos. Mit Tourenkarten zum Heraustrennen. Dumler hat herrliche Routen zusammengestellt, die uns auf die freien H\u00f6hen des Apennin und in die l\u00e4ndlichen Gebiete Umbriens, ins Gran Sasso und in den Nationalpark Abruzzen f\u00fchren. Leichte Wanderpfade steigen in felsige, scheinbar himmelhohe [&#8230;]\n","protected":false},"featured_media":29905,"template":"","meta":[],"product_brand":[],"product_cat":[21605],"product_tag":[],"class_list":{"0":"post-152664","1":"product","2":"type-product","3":"status-publish","4":"has-post-thumbnail","6":"product_cat-wanderfuehrer-trekking","7":"pa_autor-dumler","8":"pa_erscheinungsjahr-22144","9":"pa_region-italien","10":"pa_sprache-de","12":"first","13":"outofstock","14":"taxable","15":"shipping-taxable","16":"purchasable","17":"product-type-simple"},"_links":{"self":[{"href":"https:\/\/pizbube.ch\/en\/wp-json\/wp\/v2\/product\/152664","targetHints":{"allow":["GET"]}}],"collection":[{"href":"https:\/\/pizbube.ch\/en\/wp-json\/wp\/v2\/product"}],"about":[{"href":"https:\/\/pizbube.ch\/en\/wp-json\/wp\/v2\/types\/product"}],"wp:featuredmedia":[{"embeddable":true,"href":"https:\/\/pizbube.ch\/en\/wp-json\/wp\/v2\/media\/29905"}],"wp:attachment":[{"href":"https:\/\/pizbube.ch\/en\/wp-json\/wp\/v2\/media?parent=152664"}],"wp:term":[{"taxonomy":"product_brand","embeddable":true,"href":"https:\/\/pizbube.ch\/en\/wp-json\/wp\/v2\/product_brand?post=152664"},{"taxonomy":"product_cat","embeddable":true,"href":"https:\/\/pizbube.ch\/en\/wp-json\/wp\/v2\/product_cat?post=152664"},{"taxonomy":"product_tag","embeddable":true,"href":"https:\/\/pizbube.ch\/en\/wp-json\/wp\/v2\/product_tag?post=152664"}],"curies":[{"name":"wp","href":"https:\/\/api.w.org\/{rel}","templated":true}]}}