{"id":152666,"date":"2021-01-15T12:32:07","date_gmt":"2021-01-15T12:32:07","guid":{"rendered":"https:\/\/codengine3.ch\/?product=import-placeholder-for-203198"},"modified":"2021-01-15T12:54:59","modified_gmt":"2021-01-15T12:54:59","slug":"pais-de-roca-dvd","status":"publish","type":"product","link":"https:\/\/pizbube.ch\/en\/shop\/pais-de-roca-dvd\/","title":{"rendered":"Pais de Roca (DVD)"},"content":{"rendered":"<p>Iker Pou, &#8218;Snoopy&#8216;, Josune Bereciartu, Jos\u00e9 Manuel Vel\u00e1zquez-Gaztelu &#8218;Cristo&#8216;,<br \/>\nDani Andrada, Pablo Barbero y Pedro Pons. Siete pel\u00edculas para siete<br \/>\nescaladores. Por primera vez un retrato de los mejores escaladores nacionales<br \/>\ny las v\u00edas m\u00e1s duras de nuestro pa\u00eds (La Rambla 9a+, Honky Mix 8c+, 8b&#8217;s de<br \/>\nadherencia, El calvario del sicario 8c&#8230;). 65 minutos de escalada y m\u00fasica<br \/>\nmontadas de una forma totalmente innovadora que muestra hasta el \u00faltimo<br \/>\ndetalle. DVD  <\/p>","protected":false},"excerpt":{"rendered":"<p>Iker Pou, &#8218;Snoopy&#8216;, Josune Bereciartu, Jos\u00e9 Manuel Vel\u00e1zquez-Gaztelu &#8218;Cristo&#8216;, Dani Andrada, Pablo Barbero y Pedro Pons. Siete pel\u00edculas para siete escaladores. Por primera vez un retrato de los mejores escaladores nacionales y las v\u00edas m\u00e1s duras de nuestro pa\u00eds (La Rambla 9a+, Honky Mix 8c+, 8b&#8217;s de adherencia, El calvario del sicario 8c&#8230;). 65 minutos [&#8230;]\n","protected":false},"featured_media":30745,"template":"","meta":[],"product_brand":[],"product_cat":[21628],"product_tag":[],"class_list":{"0":"post-152666","1":"product","2":"type-product","3":"status-publish","4":"has-post-thumbnail","6":"product_cat-video-dvd-multimedia","7":"pa_autor-barez","8":"pa_erscheinungsjahr-21776","9":"pa_region-spanien","10":"pa_sprache-sp","12":"first","13":"instock","14":"taxable","15":"shipping-taxable","16":"purchasable","17":"product-type-simple"},"_links":{"self":[{"href":"https:\/\/pizbube.ch\/en\/wp-json\/wp\/v2\/product\/152666","targetHints":{"allow":["GET"]}}],"collection":[{"href":"https:\/\/pizbube.ch\/en\/wp-json\/wp\/v2\/product"}],"about":[{"href":"https:\/\/pizbube.ch\/en\/wp-json\/wp\/v2\/types\/product"}],"wp:featuredmedia":[{"embeddable":true,"href":"https:\/\/pizbube.ch\/en\/wp-json\/wp\/v2\/media\/30745"}],"wp:attachment":[{"href":"https:\/\/pizbube.ch\/en\/wp-json\/wp\/v2\/media?parent=152666"}],"wp:term":[{"taxonomy":"product_brand","embeddable":true,"href":"https:\/\/pizbube.ch\/en\/wp-json\/wp\/v2\/product_brand?post=152666"},{"taxonomy":"product_cat","embeddable":true,"href":"https:\/\/pizbube.ch\/en\/wp-json\/wp\/v2\/product_cat?post=152666"},{"taxonomy":"product_tag","embeddable":true,"href":"https:\/\/pizbube.ch\/en\/wp-json\/wp\/v2\/product_tag?post=152666"}],"curies":[{"name":"wp","href":"https:\/\/api.w.org\/{rel}","templated":true}]}}