{"id":152667,"date":"2021-01-15T12:32:07","date_gmt":"2021-01-15T12:32:07","guid":{"rendered":"https:\/\/codengine3.ch\/?product=import-placeholder-for-202329"},"modified":"2024-11-14T11:01:01","modified_gmt":"2024-11-14T10:01:01","slug":"escalar-en-cadiz","status":"publish","type":"product","link":"https:\/\/pizbube.ch\/en\/shop\/escalar-en-cadiz\/","title":{"rendered":"Escalar en Cadiz"},"content":{"rendered":"<p>San Bartolo, Benaocaz, El Bujeo, Castellar, Jimena, Cerr del Aguila<\/p>\n<p>C\u00e1diz se ha colocado como un punto m\u00e1s que interesante para conocer sus escuelas de escalada en una provincia que destaca por sus paisajes de costa y monta\u00f1a y las zonas que los rodean. Desde los n\u00facleos monta\u00f1osos de sus sierras de interior, con predominio de roca caliza y escuelas importantes como Grazalema y Benaocaz hasta los cordones de rocas areniscas, en lo que predomina una de las cl\u00e1sicas gaditanas como es San Bartolo.<\/p>\n<p>Esta nueva edici\u00f3n de la gu\u00eda de C\u00e1diz apunta 17 escuelas de escalada, pero por el momento desarrolla 12, que a priori son las que aun encontr\u00e1ndose reguladas no presentan problemas para escalar. Toda la gu\u00eda presenta cada escuela con mapas a color detallados y a escala de los accesos a las diferentes zonas. Los croquis son a color y realizados sobre fotograf\u00edas con vistas adecuadas a no perder detalles de localizaci\u00f3n. Cada escuela o sector se acompa\u00f1a de iconos claros y concisos para aportar informaci\u00f3n de orientaciones, accesos, altura, pies de v\u00eda para ni\u00f1os, e incluso si existen restricciones medioambientales en fechas concretas o problemas por llevar perros. Incluye v\u00edas cl\u00e1sicas en las principales paredes<\/p>\n<p>Dimensiones: 16 cm x 22 cm<br \/>\nN\u00ba P\u00e1g.:172<br \/>\nIdiomas:Castellano<\/p>","protected":false},"excerpt":{"rendered":"<p>San Bartolo, Benaocaz, El Bujeo, Castellar, Jimena, Cerr del Aguila C\u00e1diz se ha colocado como un punto m\u00e1s que interesante para conocer sus escuelas de escalada en una provincia que destaca por sus paisajes de costa y monta\u00f1a y las zonas que los rodean. Desde los n\u00facleos monta\u00f1osos de sus sierras de interior, con predominio [&#8230;]\n","protected":false},"featured_media":159430,"template":"","meta":[],"product_brand":[],"product_cat":[21539],"product_tag":[],"class_list":{"0":"post-152667","1":"product","2":"type-product","3":"status-publish","4":"has-post-thumbnail","6":"product_cat-fuehrerliteratur-sportklettern-bouldern","7":"pa_autor-munila","8":"pa_erscheinungsjahr-21546","9":"pa_region-spanien","10":"pa_sprache-sp-2","12":"first","13":"instock","14":"taxable","15":"shipping-taxable","16":"purchasable","17":"product-type-simple"},"_links":{"self":[{"href":"https:\/\/pizbube.ch\/en\/wp-json\/wp\/v2\/product\/152667","targetHints":{"allow":["GET"]}}],"collection":[{"href":"https:\/\/pizbube.ch\/en\/wp-json\/wp\/v2\/product"}],"about":[{"href":"https:\/\/pizbube.ch\/en\/wp-json\/wp\/v2\/types\/product"}],"wp:featuredmedia":[{"embeddable":true,"href":"https:\/\/pizbube.ch\/en\/wp-json\/wp\/v2\/media\/159430"}],"wp:attachment":[{"href":"https:\/\/pizbube.ch\/en\/wp-json\/wp\/v2\/media?parent=152667"}],"wp:term":[{"taxonomy":"product_brand","embeddable":true,"href":"https:\/\/pizbube.ch\/en\/wp-json\/wp\/v2\/product_brand?post=152667"},{"taxonomy":"product_cat","embeddable":true,"href":"https:\/\/pizbube.ch\/en\/wp-json\/wp\/v2\/product_cat?post=152667"},{"taxonomy":"product_tag","embeddable":true,"href":"https:\/\/pizbube.ch\/en\/wp-json\/wp\/v2\/product_tag?post=152667"}],"curies":[{"name":"wp","href":"https:\/\/api.w.org\/{rel}","templated":true}]}}