{"id":152670,"date":"2021-01-15T12:32:08","date_gmt":"2021-01-15T12:32:08","guid":{"rendered":"https:\/\/codengine3.ch\/?product=import-placeholder-for-203780"},"modified":"2021-01-15T14:26:28","modified_gmt":"2021-01-15T14:26:28","slug":"gastlosen","status":"publish","type":"product","link":"https:\/\/pizbube.ch\/en\/shop\/gastlosen\/","title":{"rendered":"Gastlosen"},"content":{"rendered":"<p>Roman \u00fcbers Vreneli vom Guggisberg: Der Schriftsteller Fabian Kessler hat sich<br \/>\nmit seiner Familie in ein Dorf im Schwarzenburgerland zur\u00fcckgezogen. Dort h\u00f6rt<br \/>\ner eines Tages das melancholische Lied vom Vreneli ab em Guggisberg, dessen<br \/>\nSchicksal ihn nicht mehr losl\u00e4sst. Vor allem interessiert ihn die Frage,<br \/>\nwelche politischen und gesellschaftlichen Verh\u00e4ltnisse die beiden Liebenden<br \/>\ndaran hinderten zusammenzukommen. W\u00e4hrend seiner Arbeit am historischen Stoff<br \/>\nst\u00f6sst er in dem vermeintlich ruhigen Dorf auf Machenschaften, die zu einer<br \/>\nzeitgen\u00f6ssischen Vreneli-Trag\u00f6die gef\u00fchrt haben.  <\/p>","protected":false},"excerpt":{"rendered":"<p>Roman \u00fcbers Vreneli vom Guggisberg: Der Schriftsteller Fabian Kessler hat sich mit seiner Familie in ein Dorf im Schwarzenburgerland zur\u00fcckgezogen. Dort h\u00f6rt er eines Tages das melancholische Lied vom Vreneli ab em Guggisberg, dessen Schicksal ihn nicht mehr losl\u00e4sst. Vor allem interessiert ihn die Frage, welche politischen und gesellschaftlichen Verh\u00e4ltnisse die beiden Liebenden daran hinderten [&#8230;]\n","protected":false},"featured_media":31460,"template":"","meta":[],"product_brand":[],"product_cat":[21629],"product_tag":[],"class_list":{"0":"post-152670","1":"product","2":"type-product","3":"status-publish","4":"has-post-thumbnail","6":"product_cat-belletristik","7":"pa_autor-kauer","8":"pa_erscheinungsjahr-21776","9":"pa_region-schweiz","10":"pa_sprache-de","12":"first","13":"instock","14":"taxable","15":"shipping-taxable","16":"purchasable","17":"product-type-simple"},"_links":{"self":[{"href":"https:\/\/pizbube.ch\/en\/wp-json\/wp\/v2\/product\/152670","targetHints":{"allow":["GET"]}}],"collection":[{"href":"https:\/\/pizbube.ch\/en\/wp-json\/wp\/v2\/product"}],"about":[{"href":"https:\/\/pizbube.ch\/en\/wp-json\/wp\/v2\/types\/product"}],"wp:featuredmedia":[{"embeddable":true,"href":"https:\/\/pizbube.ch\/en\/wp-json\/wp\/v2\/media\/31460"}],"wp:attachment":[{"href":"https:\/\/pizbube.ch\/en\/wp-json\/wp\/v2\/media?parent=152670"}],"wp:term":[{"taxonomy":"product_brand","embeddable":true,"href":"https:\/\/pizbube.ch\/en\/wp-json\/wp\/v2\/product_brand?post=152670"},{"taxonomy":"product_cat","embeddable":true,"href":"https:\/\/pizbube.ch\/en\/wp-json\/wp\/v2\/product_cat?post=152670"},{"taxonomy":"product_tag","embeddable":true,"href":"https:\/\/pizbube.ch\/en\/wp-json\/wp\/v2\/product_tag?post=152670"}],"curies":[{"name":"wp","href":"https:\/\/api.w.org\/{rel}","templated":true}]}}