{"id":152672,"date":"2021-01-15T12:32:08","date_gmt":"2021-01-15T12:32:08","guid":{"rendered":"https:\/\/codengine3.ch\/?product=import-placeholder-for-207460"},"modified":"2021-01-15T16:03:29","modified_gmt":"2021-01-15T16:03:29","slug":"un-pas-de-plus","status":"publish","type":"product","link":"https:\/\/pizbube.ch\/en\/shop\/un-pas-de-plus\/","title":{"rendered":"Un pas de plus"},"content":{"rendered":"<p>Marcel R\u00e9my a initi\u00e9 des dizaines de jeunes \u00e0 la montagne, et il a su leur<br \/>\ntransmettre sa passion. Une passion que ce conteur-n\u00e9, dot\u00e9 d\u2019une m\u00e9moire<br \/>\nextraordinaire, retrace dans ce livre qui \u00e9voque la vie hors du commun d\u2019un<br \/>\nhomme \u00e0 la poursuite d\u2019une passion: la montagne.<\/p>\n<p>Une vie pour la montagne: \u00e0 elle seule, cette formule pourrait d\u00e9finir Marcel<br \/>\nR\u00e9my, 90 ans en 2013, et toujours r\u00e9solument actif. Comment le petit gar\u00e7on n\u00e9<br \/>\nen Gruy\u00e8re, \u00e9lev\u00e9 \u00e0 la dure et mis au travail d\u00e8s son plus jeune \u00e2ge, est-il<br \/>\ndevenu un alpiniste exp\u00e9riment\u00e9, appr\u00e9ci\u00e9 par tant d\u2019amateurs pour leur faire<br \/>\nd\u00e9couvrir les beaut\u00e9s des grands espaces alpins?<\/p>\n<p>Marcel R\u00e9my a initi\u00e9 des dizaines de jeunes \u00e0 la montagne, et il a su leur<br \/>\ntransmettre sa passion. Une passion que ce conteur-n\u00e9, dot\u00e9 d\u2019une m\u00e9moire<br \/>\nextraordinaire, retrace dans ce livre.<br \/>\nMarcel R\u00e9my, c\u2019est aussi un exemple de t\u00e9nacit\u00e9: m\u00eame avec un pacemaker et<br \/>\ndeux hanches artificielles, on peut continuer \u00e0 bouger et \u00e0 faire ce qu\u2019on<br \/>\naime.<\/p>\n<p>Aujourd\u2019hui, il fait toujours de l\u2019escalade, du roller, des via ferrata, du<br \/>\nski&#8230; Et pourquoi s\u2019arr\u00eaterait-il?<\/p>\n<p>Ce livre \u00e9voque la vie hors du commun d\u2019un homme \u00e0 la poursuite d\u2019une passion:<br \/>\nla montagne. L\u2019\u00e9vocation de son enfance, dans la Gruy\u00e8re d\u2019il y a presque cent<br \/>\nans, est particuli\u00e8rement \u00e9mouvante, et nous parle d\u2019un monde r\u00e9volu. La<br \/>\npr\u00e9sence dans ce r\u00e9cit des Pr\u00e9alpes vaudoises et fribourgeoises, mais aussi<br \/>\ndes \u00abgrandes\u00bb Alpes, touchera certainement ceux qui aiment les vastes espaces<br \/>\net l\u2019air pur des sommets.<\/p>","protected":false},"excerpt":{"rendered":"<p>Marcel R\u00e9my a initi\u00e9 des dizaines de jeunes \u00e0 la montagne, et il a su leur transmettre sa passion. Une passion que ce conteur-n\u00e9, dot\u00e9 d\u2019une m\u00e9moire extraordinaire, retrace dans ce livre qui \u00e9voque la vie hors du commun d\u2019un homme \u00e0 la poursuite d\u2019une passion: la montagne. Une vie pour la montagne: \u00e0 elle [&#8230;]\n","protected":false},"featured_media":37531,"template":"","meta":[],"product_brand":[],"product_cat":[21542],"product_tag":[],"class_list":{"0":"post-152672","1":"product","2":"type-product","3":"status-publish","4":"has-post-thumbnail","6":"product_cat-sachbuecher-dokumentationen","7":"pa_autor-barraud","8":"pa_erscheinungsjahr-21550","9":"pa_region-schweiz","10":"pa_sprache-fr","12":"first","13":"instock","14":"taxable","15":"shipping-taxable","16":"purchasable","17":"product-type-simple"},"_links":{"self":[{"href":"https:\/\/pizbube.ch\/en\/wp-json\/wp\/v2\/product\/152672","targetHints":{"allow":["GET"]}}],"collection":[{"href":"https:\/\/pizbube.ch\/en\/wp-json\/wp\/v2\/product"}],"about":[{"href":"https:\/\/pizbube.ch\/en\/wp-json\/wp\/v2\/types\/product"}],"wp:featuredmedia":[{"embeddable":true,"href":"https:\/\/pizbube.ch\/en\/wp-json\/wp\/v2\/media\/37531"}],"wp:attachment":[{"href":"https:\/\/pizbube.ch\/en\/wp-json\/wp\/v2\/media?parent=152672"}],"wp:term":[{"taxonomy":"product_brand","embeddable":true,"href":"https:\/\/pizbube.ch\/en\/wp-json\/wp\/v2\/product_brand?post=152672"},{"taxonomy":"product_cat","embeddable":true,"href":"https:\/\/pizbube.ch\/en\/wp-json\/wp\/v2\/product_cat?post=152672"},{"taxonomy":"product_tag","embeddable":true,"href":"https:\/\/pizbube.ch\/en\/wp-json\/wp\/v2\/product_tag?post=152672"}],"curies":[{"name":"wp","href":"https:\/\/api.w.org\/{rel}","templated":true}]}}