{"id":152680,"date":"2021-01-15T12:32:09","date_gmt":"2021-01-15T12:32:09","guid":{"rendered":"https:\/\/codengine3.ch\/?product=import-placeholder-for-205324"},"modified":"2021-01-15T14:40:22","modified_gmt":"2021-01-15T14:40:22","slug":"gorges-du-tarn-de-la-jonte-et-causses","status":"publish","type":"product","link":"https:\/\/pizbube.ch\/en\/shop\/gorges-du-tarn-de-la-jonte-et-causses\/","title":{"rendered":"Gorges du Tarn, de la Jonte et Causses"},"content":{"rendered":"<p>Balades et Randonn\u00e9es \u00e0 Pied et \u00e0 VTT &#8211; Massif central  <\/p>\n<p>On a tout dit ou presque au sujet de ces canyons vertigineux, taill\u00e9s par le<br \/>\nTarn et la Jonte dans l&#8217;\u00e9paisse carapace de s\u00e9diments calcaires, d\u00e9pos\u00e9s il y<br \/>\na plusieurs millions d&#8217;ann\u00e9es au fond d&#8217;une mer. Chacun a retenu ce qu&#8217;il a<br \/>\npu, comme les noms d&#8217;Ispagnac, Qu\u00e9zac, Ste-Enimie, La Mal\u00e8ne, Meyrueis&#8230;<br \/>\nAutant de citadelles calcaires dont le reflet se trouble dans l&#8217;eau verte des<br \/>\ngorges, au passage de l&#8217;embarcation d&#8217;un batelier du pays, du cano\u00eb d&#8217;un<br \/>\nestivant ; autant d&#8217;images convenues, vestiges de la m\u00e9moire fragile d&#8217;un<br \/>\ntouriste en voyage dans les gorges du Tarn ou de la Jonte.  <\/p>\n<p>25 circuits de petite randonn\u00e9e, de 1h \u00e0 4h15 de marche, dont certaines sont<br \/>\naccessibles \u00e0 VTT.<br \/>\n5 grandes entit\u00e9s \u00e0 d\u00e9couvrir : Gorges du Tarn ; Gorges de la Jonte ; Causse<br \/>\nde Sauveterre ; Causse M\u00eajean ; Causse Noir.<br \/>\nUne pr\u00e9sentation culturelle de la r\u00e9gion : g\u00e9ologie, milieu naturel, histoire<br \/>\net traditions, architecture, \u00e9conomie&#8230;  <\/p>\n<p>Un index, une bibliographie&#8230;  <\/p>","protected":false},"excerpt":{"rendered":"<p>Balades et Randonn\u00e9es \u00e0 Pied et \u00e0 VTT &#8211; Massif central On a tout dit ou presque au sujet de ces canyons vertigineux, taill\u00e9s par le Tarn et la Jonte dans l&#8217;\u00e9paisse carapace de s\u00e9diments calcaires, d\u00e9pos\u00e9s il y a plusieurs millions d&#8217;ann\u00e9es au fond d&#8217;une mer. Chacun a retenu ce qu&#8217;il a pu, comme [&#8230;]\n","protected":false},"featured_media":33996,"template":"","meta":[],"product_brand":[],"product_cat":[21605],"product_tag":[],"class_list":{"0":"post-152680","1":"product","2":"type-product","3":"status-publish","4":"has-post-thumbnail","6":"product_cat-wanderfuehrer-trekking","7":"pa_erscheinungsjahr-21763","8":"pa_region-frankreich","9":"pa_sprache-fr","11":"first","12":"outofstock","13":"taxable","14":"shipping-taxable","15":"purchasable","16":"product-type-simple"},"_links":{"self":[{"href":"https:\/\/pizbube.ch\/en\/wp-json\/wp\/v2\/product\/152680","targetHints":{"allow":["GET"]}}],"collection":[{"href":"https:\/\/pizbube.ch\/en\/wp-json\/wp\/v2\/product"}],"about":[{"href":"https:\/\/pizbube.ch\/en\/wp-json\/wp\/v2\/types\/product"}],"wp:featuredmedia":[{"embeddable":true,"href":"https:\/\/pizbube.ch\/en\/wp-json\/wp\/v2\/media\/33996"}],"wp:attachment":[{"href":"https:\/\/pizbube.ch\/en\/wp-json\/wp\/v2\/media?parent=152680"}],"wp:term":[{"taxonomy":"product_brand","embeddable":true,"href":"https:\/\/pizbube.ch\/en\/wp-json\/wp\/v2\/product_brand?post=152680"},{"taxonomy":"product_cat","embeddable":true,"href":"https:\/\/pizbube.ch\/en\/wp-json\/wp\/v2\/product_cat?post=152680"},{"taxonomy":"product_tag","embeddable":true,"href":"https:\/\/pizbube.ch\/en\/wp-json\/wp\/v2\/product_tag?post=152680"}],"curies":[{"name":"wp","href":"https:\/\/api.w.org\/{rel}","templated":true}]}}