{"id":152682,"date":"2021-01-15T12:32:09","date_gmt":"2021-01-15T12:32:09","guid":{"rendered":"https:\/\/codengine3.ch\/?product=import-placeholder-for-206000"},"modified":"2021-01-15T14:45:34","modified_gmt":"2021-01-15T14:45:34","slug":"escalade-en-aveyron-roc-du-gorb","status":"publish","type":"product","link":"https:\/\/pizbube.ch\/en\/shop\/escalade-en-aveyron-roc-du-gorb\/","title":{"rendered":"Escalade en Aveyron : ROC DU Gorb"},"content":{"rendered":"<p>Aux confins de l&#8217;Aveyron, du Tarn et du Tarn et Garonne, encaiss\u00e9e dans un<br \/>\n\u00e9crins de verdure, coule une rivi\u00e8re : le Viaur. Dans un pli de cette petite<br \/>\nval\u00e9e pr\u00e9serv\u00e9e, au pied des villages de Bor et Bar et de Saint-Andr\u00e9-de<br \/>\n-Najac, quelques beaux rochers ont \u00e9t\u00e9 am\u00e9nag\u00e9s avec passion en un site<br \/>\nfamilial d&#8217;Escalade.<br \/>\n135 voies de 5 \u00e0 45 m\u00e8tres, de 2c \u00e0 7b<\/p>","protected":false},"excerpt":{"rendered":"<p>Aux confins de l&#8217;Aveyron, du Tarn et du Tarn et Garonne, encaiss\u00e9e dans un \u00e9crins de verdure, coule une rivi\u00e8re : le Viaur. Dans un pli de cette petite val\u00e9e pr\u00e9serv\u00e9e, au pied des villages de Bor et Bar et de Saint-Andr\u00e9-de -Najac, quelques beaux rochers ont \u00e9t\u00e9 am\u00e9nag\u00e9s avec passion en un site familial [&#8230;]\n","protected":false},"featured_media":34882,"template":"","meta":[],"product_brand":[],"product_cat":[21539],"product_tag":[],"class_list":{"0":"post-152682","1":"product","2":"type-product","3":"status-publish","4":"has-post-thumbnail","6":"product_cat-fuehrerliteratur-sportklettern-bouldern","7":"pa_autor-achard","8":"pa_erscheinungsjahr-21693","9":"pa_region-frankreich","10":"pa_sprache-fr","12":"first","13":"outofstock","14":"taxable","15":"shipping-taxable","16":"purchasable","17":"product-type-simple"},"_links":{"self":[{"href":"https:\/\/pizbube.ch\/en\/wp-json\/wp\/v2\/product\/152682","targetHints":{"allow":["GET"]}}],"collection":[{"href":"https:\/\/pizbube.ch\/en\/wp-json\/wp\/v2\/product"}],"about":[{"href":"https:\/\/pizbube.ch\/en\/wp-json\/wp\/v2\/types\/product"}],"wp:featuredmedia":[{"embeddable":true,"href":"https:\/\/pizbube.ch\/en\/wp-json\/wp\/v2\/media\/34882"}],"wp:attachment":[{"href":"https:\/\/pizbube.ch\/en\/wp-json\/wp\/v2\/media?parent=152682"}],"wp:term":[{"taxonomy":"product_brand","embeddable":true,"href":"https:\/\/pizbube.ch\/en\/wp-json\/wp\/v2\/product_brand?post=152682"},{"taxonomy":"product_cat","embeddable":true,"href":"https:\/\/pizbube.ch\/en\/wp-json\/wp\/v2\/product_cat?post=152682"},{"taxonomy":"product_tag","embeddable":true,"href":"https:\/\/pizbube.ch\/en\/wp-json\/wp\/v2\/product_tag?post=152682"}],"curies":[{"name":"wp","href":"https:\/\/api.w.org\/{rel}","templated":true}]}}