{"id":152683,"date":"2021-01-15T12:32:09","date_gmt":"2021-01-15T12:32:09","guid":{"rendered":"https:\/\/codengine3.ch\/?product=import-placeholder-for-202114"},"modified":"2024-05-03T11:53:43","modified_gmt":"2024-05-03T09:53:43","slug":"le-gorges-du-tarn","status":"publish","type":"product","link":"https:\/\/pizbube.ch\/en\/shop\/le-gorges-du-tarn\/","title":{"rendered":"Les Gorges du Tarn"},"content":{"rendered":"<p>Topof\u00fchrer Gorges du Tarn;<\/p>\n<p>208 pages en couleur et nouveau format de 16x20cm, pour d\u00e9crire pr\u00e8s de 700<br \/>\nvoies !<br \/>\nLes textes sont traduits en quatre langues : anglais, espagnol, allemend,<br \/>\nitalien, afin que chacun puisse s`y retrouver.<br \/>\nDes efforts ont aussi \u00e9t\u00e9 fait concernant la description des ac\u00e8s aux<br \/>\ndiff\u00e9rents secteurs.<\/p>\n<p>Pas mal de secteurs ont \u00e9t\u00e9 largement compl\u00e9t\u00e9s, le nombre de voies ayant<br \/>\nquelques fois doubl\u00e9 ! De nouveau secteurs sont d\u00e9crits : Grand Angle, Goomy,<br \/>\nL`usine, le Triplex et tous les secteurs proches du Pas de Soucy.<br \/>\nMalheureusement, comme cela a \u00e9t\u00e9 dit par ailleurs sur ce site, certains<br \/>\nsecteurs ont aussi disparu, c`est le cas pour tout ce qui entoure le Gymnaze,<br \/>\nfaute d`accord avec le propri\u00e9taire des lieux.<\/p>\n<p>D\u00e9crtits sont: Fontaneilles, Baume basses, Cirque de Baume, l` Entre Deux,<br \/>\nBaumes Hautes. graphisme \u00e9labor\u00e9. Photos avec le trac\u00e9 des voies.<br \/>\nLes nouveaux topos du Tarn, finalis\u00e9 il y a peut de temps, apr\u00e8s de nombreux<br \/>\nchangements suite aux probl\u00e8mes de conventionnement.<\/p>\n<p>Le topo des gorges du Tarn (proche des gorges de la Jonte) s`adresse \u00e0 des<br \/>\ngrimpeurs confirm\u00e9s. 450 voies, de la couenne \u00e0 la voie de 50 m, sont<br \/>\npropos\u00e9es. Le cadre, la qualit\u00e9 de la roche et le potentiel de secteurs qui<br \/>\nrestent \u00e0 \u00e9quiper dans le coin font de ce site un endroit paradisiaque de<br \/>\nl`escalade sportive.<\/p>\n<p><strong>SONDERPREIS AUFLAGE 2012: CHF 22.00 STATT 44.00<\/strong><\/p>","protected":false},"excerpt":{"rendered":"<p>Topof\u00fchrer Gorges du Tarn; 208 pages en couleur et nouveau format de 16x20cm, pour d\u00e9crire pr\u00e8s de 700 voies ! Les textes sont traduits en quatre langues : anglais, espagnol, allemend, italien, afin que chacun puisse s`y retrouver. Des efforts ont aussi \u00e9t\u00e9 fait concernant la description des ac\u00e8s aux diff\u00e9rents secteurs. Pas mal de [&#8230;]\n","protected":false},"featured_media":29503,"template":"","meta":[],"product_brand":[],"product_cat":[21539],"product_tag":[],"class_list":{"0":"post-152683","1":"product","2":"type-product","3":"status-publish","4":"has-post-thumbnail","6":"product_cat-fuehrerliteratur-sportklettern-bouldern","7":"pa_autor-caf","8":"pa_erscheinungsjahr-21621","9":"pa_region-frankreich","10":"pa_sprache-d","11":"pa_sprache-e","12":"pa_sprache-f","13":"pa_sprache-i","15":"first","16":"instock","17":"sale","18":"taxable","19":"shipping-taxable","20":"purchasable","21":"product-type-simple"},"_links":{"self":[{"href":"https:\/\/pizbube.ch\/en\/wp-json\/wp\/v2\/product\/152683","targetHints":{"allow":["GET"]}}],"collection":[{"href":"https:\/\/pizbube.ch\/en\/wp-json\/wp\/v2\/product"}],"about":[{"href":"https:\/\/pizbube.ch\/en\/wp-json\/wp\/v2\/types\/product"}],"wp:featuredmedia":[{"embeddable":true,"href":"https:\/\/pizbube.ch\/en\/wp-json\/wp\/v2\/media\/29503"}],"wp:attachment":[{"href":"https:\/\/pizbube.ch\/en\/wp-json\/wp\/v2\/media?parent=152683"}],"wp:term":[{"taxonomy":"product_brand","embeddable":true,"href":"https:\/\/pizbube.ch\/en\/wp-json\/wp\/v2\/product_brand?post=152683"},{"taxonomy":"product_cat","embeddable":true,"href":"https:\/\/pizbube.ch\/en\/wp-json\/wp\/v2\/product_cat?post=152683"},{"taxonomy":"product_tag","embeddable":true,"href":"https:\/\/pizbube.ch\/en\/wp-json\/wp\/v2\/product_tag?post=152683"}],"curies":[{"name":"wp","href":"https:\/\/api.w.org\/{rel}","templated":true}]}}