{"id":152686,"date":"2021-01-15T12:32:09","date_gmt":"2021-01-15T12:32:09","guid":{"rendered":"https:\/\/codengine3.ch\/?product=import-placeholder-for-208486"},"modified":"2026-01-31T10:47:45","modified_gmt":"2026-01-31T09:47:45","slug":"les-deux-alpes-125000-freeride-map","status":"publish","type":"product","link":"https:\/\/pizbube.ch\/en\/shop\/les-deux-alpes-125000-freeride-map\/","title":{"rendered":"Les deux Alpes 1:25&#8217;000 &#8211; Freeride Map"},"content":{"rendered":"<p>Die besten Rides in den heissesten Freeridespots der Alpen \u2013 dies ist die<br \/>\neinfache Formel der Freeride Maps. Die weltweit einzige Karte f\u00fcr Freerider<br \/>\nmacht das Wissen der Locals erstmals frei verf\u00fcgbar. Alle befahrbaren<br \/>\nFreeride-H\u00e4nge, Drops und Couloirs sind in so genannten Freeride-Korridoren in<br \/>\ndrei Schwierigkeitsgraden farblich gekennzeichnet (blau \u2013 fahrtechnisch<br \/>\neinfaches Gel\u00e4nde; gelb \u2013 fortgeschrittenes bis hohes fahrtechnisches K\u00f6nnen<br \/>\nerforderlich; rot \u2013 sehr schwieriges bis extremes Gel\u00e4nde, teilweise<br \/>\nausgesetzt \u2013 nur K\u00f6nnern vorbehalten). Kurze Anstiege sind durch eine rote<br \/>\nAufstiegslinie gekennzeichnet. Die Karten im Massstab 1:25 000 (Basis:<br \/>\nKartenmaterial der jeweiligen Landesvermessungs\u00e4mter wie z.B. Swisstopo)<br \/>\nzeigen alle f\u00fcr die Planung und Umsetzung im Gel\u00e4nde notwendigen<br \/>\nInformationen.<\/p>\n<p>Der Kartenausschnitt ist frei gew\u00e4hlt, d.h. mit einer Karte ist das gesamte<br \/>\nGebiet abgedeckt (bisher musste man beispielsweise allein f\u00fcr Andermatt drei<br \/>\nLandeskarten mitnehmen). Die Freeride Maps sind auf reiss- und wasserfestes<br \/>\nPapier gedruckt und sind deshalb nahezu unzerst\u00f6rbar. Auf der Kartenr\u00fcckseite<br \/>\nwerden zus\u00e4tzlich alle Basisinformationen zu Routenplanung, Lawinenpr\u00e4vention<br \/>\nund Rettung in zwei Sprachen pr\u00e4sentiert. Dank dem praktischen Endformat 10 x<br \/>\n15 cm passen die Freeride Maps in jede Jacken- und Hosentasche.<\/p>","protected":false},"excerpt":{"rendered":"<p>Die besten Rides in den heissesten Freeridespots der Alpen \u2013 dies ist die einfache Formel der Freeride Maps. Die weltweit einzige Karte f\u00fcr Freerider macht das Wissen der Locals erstmals frei verf\u00fcgbar. Alle befahrbaren Freeride-H\u00e4nge, Drops und Couloirs sind in so genannten Freeride-Korridoren in drei Schwierigkeitsgraden farblich gekennzeichnet (blau \u2013 fahrtechnisch einfaches Gel\u00e4nde; gelb \u2013 [&#8230;]\n","protected":false},"featured_media":40336,"template":"","meta":[],"product_brand":[],"product_cat":[21543],"product_tag":[],"class_list":{"0":"post-152686","1":"product","2":"type-product","3":"status-publish","4":"has-post-thumbnail","6":"product_cat-landkarten","7":"pa_autor-frm","8":"pa_erscheinungsjahr-21597","9":"pa_region-frankreich","10":"pa_sprache-fr-en","12":"first","13":"outofstock","14":"taxable","15":"shipping-taxable","16":"purchasable","17":"product-type-simple"},"_links":{"self":[{"href":"https:\/\/pizbube.ch\/en\/wp-json\/wp\/v2\/product\/152686","targetHints":{"allow":["GET"]}}],"collection":[{"href":"https:\/\/pizbube.ch\/en\/wp-json\/wp\/v2\/product"}],"about":[{"href":"https:\/\/pizbube.ch\/en\/wp-json\/wp\/v2\/types\/product"}],"wp:featuredmedia":[{"embeddable":true,"href":"https:\/\/pizbube.ch\/en\/wp-json\/wp\/v2\/media\/40336"}],"wp:attachment":[{"href":"https:\/\/pizbube.ch\/en\/wp-json\/wp\/v2\/media?parent=152686"}],"wp:term":[{"taxonomy":"product_brand","embeddable":true,"href":"https:\/\/pizbube.ch\/en\/wp-json\/wp\/v2\/product_brand?post=152686"},{"taxonomy":"product_cat","embeddable":true,"href":"https:\/\/pizbube.ch\/en\/wp-json\/wp\/v2\/product_cat?post=152686"},{"taxonomy":"product_tag","embeddable":true,"href":"https:\/\/pizbube.ch\/en\/wp-json\/wp\/v2\/product_tag?post=152686"}],"curies":[{"name":"wp","href":"https:\/\/api.w.org\/{rel}","templated":true}]}}