{"id":152690,"date":"2021-01-15T12:32:14","date_gmt":"2021-01-15T12:32:14","guid":{"rendered":"https:\/\/codengine3.ch\/?product=import-placeholder-for-201970"},"modified":"2021-01-15T12:32:18","modified_gmt":"2021-01-15T12:32:18","slug":"die-lesbenwanderung","status":"publish","type":"product","link":"https:\/\/pizbube.ch\/en\/shop\/die-lesbenwanderung\/","title":{"rendered":"Die Lesbenwanderung"},"content":{"rendered":"<p>Parteipr\u00e4sident Flaumer wird nach einem H\u00fcttenabend auf raffinierte Weise<br \/>\nermordet- Krimi , der auf Wanderwegen und SAC- H\u00fctten spielt!<\/p>","protected":false},"excerpt":{"rendered":"<p>Parteipr\u00e4sident Flaumer wird nach einem H\u00fcttenabend auf raffinierte Weise ermordet- Krimi , der auf Wanderwegen und SAC- H\u00fctten spielt!<\/p>","protected":false},"featured_media":45070,"template":"","meta":[],"product_brand":[],"product_cat":[21629],"product_tag":[],"class_list":{"0":"post-152690","1":"product","2":"type-product","3":"status-publish","4":"has-post-thumbnail","6":"product_cat-belletristik","7":"pa_autor-saxer","8":"pa_erscheinungsjahr-22150","9":"pa_region-schweiz","10":"pa_sprache-de","12":"first","13":"outofstock","14":"taxable","15":"shipping-taxable","16":"purchasable","17":"product-type-simple"},"_links":{"self":[{"href":"https:\/\/pizbube.ch\/en\/wp-json\/wp\/v2\/product\/152690","targetHints":{"allow":["GET"]}}],"collection":[{"href":"https:\/\/pizbube.ch\/en\/wp-json\/wp\/v2\/product"}],"about":[{"href":"https:\/\/pizbube.ch\/en\/wp-json\/wp\/v2\/types\/product"}],"wp:featuredmedia":[{"embeddable":true,"href":"https:\/\/pizbube.ch\/en\/wp-json\/wp\/v2\/media\/45070"}],"wp:attachment":[{"href":"https:\/\/pizbube.ch\/en\/wp-json\/wp\/v2\/media?parent=152690"}],"wp:term":[{"taxonomy":"product_brand","embeddable":true,"href":"https:\/\/pizbube.ch\/en\/wp-json\/wp\/v2\/product_brand?post=152690"},{"taxonomy":"product_cat","embeddable":true,"href":"https:\/\/pizbube.ch\/en\/wp-json\/wp\/v2\/product_cat?post=152690"},{"taxonomy":"product_tag","embeddable":true,"href":"https:\/\/pizbube.ch\/en\/wp-json\/wp\/v2\/product_tag?post=152690"}],"curies":[{"name":"wp","href":"https:\/\/api.w.org\/{rel}","templated":true}]}}