{"id":152691,"date":"2021-01-15T12:32:14","date_gmt":"2021-01-15T12:32:14","guid":{"rendered":"https:\/\/codengine3.ch\/?product=import-placeholder-for-203020"},"modified":"2022-07-23T14:40:22","modified_gmt":"2022-07-23T12:40:22","slug":"huettenzauber","status":"publish","type":"product","link":"https:\/\/pizbube.ch\/en\/shop\/huettenzauber\/","title":{"rendered":"H\u00fcttenzauber"},"content":{"rendered":"<p>Die Heilbronner H\u00fctte in den Vorarlberger Alpen feiert ihr 75-j\u00e4hriges<br \/>\nBestehen. Mitten drin im Get\u00fcmmel: Kommissar Horst Meyer. Nein, nicht bei den<br \/>\nFeierlichkeiten, bei denen man, wie er sich ausdr\u00fcckt, an jedem<br \/>\nMaulwurfshaufen \u00fcber einen Heilbronner stolpert, sondern vorsichtshalber schon<br \/>\nein halbes Jahr zuvor, im Herbst des Jahres 2002.<br \/>\nDer gem\u00fctlich-z\u00fcnftige Ausflug in die Berge nimmt allerdings rasch eine v\u00f6llig<br \/>\nungeplante und dramatische Wende: Kollege Michael Protnik samt seiner<br \/>\nPartnerin Bebele spurlos verschollen, ein nackter ohnm\u00e4chtiger Mann am<br \/>\nGipfelkreuz, eine Wasserleiche im Bergsee, ein eifers\u00fcchtiger Ehemann und eine<br \/>\nspannungsgeladene Atmosph\u00e4re in der H\u00fctte, die sich jederzeit in einer<br \/>\ngewaltigen Explosion zu entladen droht. Von Bergidylle keine Spur!<\/p>","protected":false},"excerpt":{"rendered":"<p>Die Heilbronner H\u00fctte in den Vorarlberger Alpen feiert ihr 75-j\u00e4hriges Bestehen. Mitten drin im Get\u00fcmmel: Kommissar Horst Meyer. Nein, nicht bei den Feierlichkeiten, bei denen man, wie er sich ausdr\u00fcckt, an jedem Maulwurfshaufen \u00fcber einen Heilbronner stolpert, sondern vorsichtshalber schon ein halbes Jahr zuvor, im Herbst des Jahres 2002. Der gem\u00fctlich-z\u00fcnftige Ausflug in die Berge [&#8230;]\n","protected":false},"featured_media":30525,"template":"","meta":[],"product_brand":[],"product_cat":[21629],"product_tag":[],"class_list":{"0":"post-152691","1":"product","2":"type-product","3":"status-publish","4":"has-post-thumbnail","6":"product_cat-belletristik","7":"pa_autor-haug","8":"pa_erscheinungsjahr-22292","9":"pa_region-deutschland","10":"pa_sprache-de","12":"first","13":"outofstock","14":"taxable","15":"shipping-taxable","16":"purchasable","17":"product-type-simple"},"_links":{"self":[{"href":"https:\/\/pizbube.ch\/en\/wp-json\/wp\/v2\/product\/152691","targetHints":{"allow":["GET"]}}],"collection":[{"href":"https:\/\/pizbube.ch\/en\/wp-json\/wp\/v2\/product"}],"about":[{"href":"https:\/\/pizbube.ch\/en\/wp-json\/wp\/v2\/types\/product"}],"wp:featuredmedia":[{"embeddable":true,"href":"https:\/\/pizbube.ch\/en\/wp-json\/wp\/v2\/media\/30525"}],"wp:attachment":[{"href":"https:\/\/pizbube.ch\/en\/wp-json\/wp\/v2\/media?parent=152691"}],"wp:term":[{"taxonomy":"product_brand","embeddable":true,"href":"https:\/\/pizbube.ch\/en\/wp-json\/wp\/v2\/product_brand?post=152691"},{"taxonomy":"product_cat","embeddable":true,"href":"https:\/\/pizbube.ch\/en\/wp-json\/wp\/v2\/product_cat?post=152691"},{"taxonomy":"product_tag","embeddable":true,"href":"https:\/\/pizbube.ch\/en\/wp-json\/wp\/v2\/product_tag?post=152691"}],"curies":[{"name":"wp","href":"https:\/\/api.w.org\/{rel}","templated":true}]}}