{"id":152693,"date":"2021-01-15T12:32:14","date_gmt":"2021-01-15T12:32:14","guid":{"rendered":"https:\/\/codengine3.ch\/?product=import-placeholder-for-203602"},"modified":"2021-10-01T09:09:17","modified_gmt":"2021-10-01T07:09:17","slug":"nordspanien-jakobsweg-durch-den-tunnel-von-san-adrian","status":"publish","type":"product","link":"https:\/\/pizbube.ch\/en\/shop\/nordspanien-jakobsweg-durch-den-tunnel-von-san-adrian\/","title":{"rendered":"Nordspanien: Jakobsweg &#8211; Durch den Tunnel von San Adri\u00e1n"},"content":{"rendered":"<p>Das Buch beschreibt die wichtigste Querverbindung von den K\u00fcstenst\u00e4dten<br \/>\nHendaye und Irun an der spanisch-franz\u00f6sischen Grenze bis nach Santo Domingo<br \/>\nde la Calzada am Haupt-Jakobsweg Camino Franc\u00e9s. Der gr\u00f6\u00dfte Teil dieser gut<br \/>\n200 km entspricht dem Verlauf des Nordteils der einstmals bedeutendsten<br \/>\nVerbindungsstrecke zwischen Zentralspanien und Frankreich, aber dieser<br \/>\nStreckenverlauf wurde nur durch ein Naturwunder m\u00f6glich: durch den 70 m langen<br \/>\nnat\u00fcrlichen Tunnel von San Adri\u00e1n, eine an beiden Seiten offene H\u00f6hle, die den<br \/>\nun\u00fcberwindlichen Felsenkamm des Aitzgorri-Massivs im Baskenland durchdringt.<br \/>\nEine Wegalternative f\u00fcr Berg- und Naturfreunde wird ebenfalls dargestellt:<br \/>\nWenn sie dem K\u00fcstenweg bis San Sebasti\u00e1n folgen, k\u00f6nnen sie von dort auf dem<br \/>\nWeg der Transhumanz \u00fcber die Berge der baskischen Provinz Gipuzkoa bis an der<br \/>\nFu\u00df des Aitzgorri-Masivs gehen, um dort den Tunnel von San Adri\u00e1n zu<br \/>\ndurchqueren.<br \/>\nDer Weg ist das Ziel. 10 farb., 5 s\/w. Abb., 5 Karten<\/p>","protected":false},"excerpt":{"rendered":"<p>Das Buch beschreibt die wichtigste Querverbindung von den K\u00fcstenst\u00e4dten Hendaye und Irun an der spanisch-franz\u00f6sischen Grenze bis nach Santo Domingo de la Calzada am Haupt-Jakobsweg Camino Franc\u00e9s. Der gr\u00f6\u00dfte Teil dieser gut 200 km entspricht dem Verlauf des Nordteils der einstmals bedeutendsten Verbindungsstrecke zwischen Zentralspanien und Frankreich, aber dieser Streckenverlauf wurde nur durch ein Naturwunder [&#8230;]\n","protected":false},"featured_media":31249,"template":"","meta":[],"product_brand":[],"product_cat":[21605],"product_tag":[],"class_list":{"0":"post-152693","1":"product","2":"type-product","3":"status-publish","4":"has-post-thumbnail","6":"product_cat-wanderfuehrer-trekking","7":"pa_autor-kasper","8":"pa_erscheinungsjahr-21776","9":"pa_region-spanien","10":"pa_sprache-de","12":"first","13":"outofstock","14":"taxable","15":"shipping-taxable","16":"purchasable","17":"product-type-simple"},"_links":{"self":[{"href":"https:\/\/pizbube.ch\/en\/wp-json\/wp\/v2\/product\/152693","targetHints":{"allow":["GET"]}}],"collection":[{"href":"https:\/\/pizbube.ch\/en\/wp-json\/wp\/v2\/product"}],"about":[{"href":"https:\/\/pizbube.ch\/en\/wp-json\/wp\/v2\/types\/product"}],"wp:featuredmedia":[{"embeddable":true,"href":"https:\/\/pizbube.ch\/en\/wp-json\/wp\/v2\/media\/31249"}],"wp:attachment":[{"href":"https:\/\/pizbube.ch\/en\/wp-json\/wp\/v2\/media?parent=152693"}],"wp:term":[{"taxonomy":"product_brand","embeddable":true,"href":"https:\/\/pizbube.ch\/en\/wp-json\/wp\/v2\/product_brand?post=152693"},{"taxonomy":"product_cat","embeddable":true,"href":"https:\/\/pizbube.ch\/en\/wp-json\/wp\/v2\/product_cat?post=152693"},{"taxonomy":"product_tag","embeddable":true,"href":"https:\/\/pizbube.ch\/en\/wp-json\/wp\/v2\/product_tag?post=152693"}],"curies":[{"name":"wp","href":"https:\/\/api.w.org\/{rel}","templated":true}]}}