{"id":152695,"date":"2021-01-15T12:32:15","date_gmt":"2021-01-15T12:32:15","guid":{"rendered":"https:\/\/codengine3.ch\/?product=import-placeholder-for-208122"},"modified":"2022-06-23T09:08:30","modified_gmt":"2022-06-23T07:08:30","slug":"baskenland-euskadi-navarra-und-franzoesisches-baskenland","status":"publish","type":"product","link":"https:\/\/pizbube.ch\/en\/shop\/baskenland-euskadi-navarra-und-franzoesisches-baskenland\/","title":{"rendered":"Baskenland &#8211; Euskadi, Navarra und Franz\u00f6sisches Baskenland"},"content":{"rendered":"<p><span class=\"value\">So wie im Baskenland, das im Norden von Spanien und im S\u00fcdwesten Frankreich liegt, muss das Wanderparadies aussehen: Die Landschaftspalette umfasst faszinierende K\u00fcsten, tr\u00e4umerische W\u00e4lder, raue Gipfel und sogar eine bizarre W\u00fcste, die Navarra. Dazu gibt es fantastisches Essen aus dem Besten, was Meer und Land zu bieten haben. Der Rother Wanderf\u00fchrer \u00bbBaskenland\u00ab l\u00e4sst diese au\u00dfergew\u00f6hnliche Region mit 50 ausgew\u00e4hlten Touren entdecken.<\/span><\/p>\n<p>Wunderbar gepflegte Naturr\u00e4ume machen das Wandern im Baskenland zum Genuss, ob entlang der wilden Atlantikk\u00fcste, in den W\u00e4ldern und Schluchten der unz\u00e4hligen Naturparks oder bei einsamen Bergtouren auf rund 1500 Meter H\u00f6he. Die Basken sind ein wanderbegeistertes Volk, entsprechend hervorragend ausgebaut und vielf\u00e4ltig ist das Wegenetz sowohl in Spanien als auch in Frankreich.<\/p>\n<p>Die Autoren Franz Halbartschlager und Gerhard Ru\u00df haben eine abwechslungsreiche und spannende Tourenauswahl zusammengestellt, die alle Gebiete des grenz\u00fcbergreifenden historischen Baskenlandes abdeckt: vom spanischen Euskadi \u00fcber Teile Navarras bis hin zu den baskischen Pyren\u00e4en Frankreichs. Sie f\u00fchren in atemberaubend sch\u00f6ne Landschaften und geben gleichzeitig Einblicke in Geschichte und Kultur der seit Menschengedenken besiedelten Regionen.<\/p>\n<p>Jede Wanderung wird mit einer zuverl\u00e4ssigen Wegbeschreibung, einem Wanderk\u00e4rtchen mit eingezeichnetem Routenverlauf und einem aussagekr\u00e4ftigen H\u00f6henprofil pr\u00e4sentiert. Zudem stehen die GPS-Tracks zu allen Wegen zum kostenlosen Download bereit. Mit diesem Rother Wanderf\u00fchrer ist man bestens ger\u00fcstet f\u00fcr erlebnisreiche und unbeschwerte Wanderstunden im Baskenland.<\/p>\n<p>F\u00fcr die zweite Auflage wurde der Wanderf\u00fchrer sorgf\u00e4ltig \u00fcberarbeitet.<\/p>\n<p>2., aktualisierte Auflage 2022<br \/>\n50 H\u00f6henprofile, 50 Wanderk\u00e4rtchen im Ma\u00dfstab 1:50.000 \/ 1:25.000 \/ 1:75.000, zwei \u00dcbersichtskarten, GPS-Tracks zum Download<\/p>","protected":false},"excerpt":{"rendered":"<p>So wie im Baskenland, das im Norden von Spanien und im S\u00fcdwesten Frankreich liegt, muss das Wanderparadies aussehen: Die Landschaftspalette umfasst faszinierende K\u00fcsten, tr\u00e4umerische W\u00e4lder, raue Gipfel und sogar eine bizarre W\u00fcste, die Navarra. Dazu gibt es fantastisches Essen aus dem Besten, was Meer und Land zu bieten haben. Der Rother Wanderf\u00fchrer \u00bbBaskenland\u00ab l\u00e4sst diese [&#8230;]\n","protected":false},"featured_media":162420,"template":"","meta":[],"product_brand":[],"product_cat":[21605],"product_tag":[],"class_list":{"0":"post-152695","1":"product","2":"type-product","3":"status-publish","4":"has-post-thumbnail","6":"product_cat-wanderfuehrer-trekking","7":"pa_autor-halbartschlager-russ","8":"pa_erscheinungsjahr-27013","9":"pa_region-spanien","10":"pa_sprache-de","12":"first","13":"instock","14":"taxable","15":"shipping-taxable","16":"purchasable","17":"product-type-simple"},"_links":{"self":[{"href":"https:\/\/pizbube.ch\/en\/wp-json\/wp\/v2\/product\/152695","targetHints":{"allow":["GET"]}}],"collection":[{"href":"https:\/\/pizbube.ch\/en\/wp-json\/wp\/v2\/product"}],"about":[{"href":"https:\/\/pizbube.ch\/en\/wp-json\/wp\/v2\/types\/product"}],"wp:featuredmedia":[{"embeddable":true,"href":"https:\/\/pizbube.ch\/en\/wp-json\/wp\/v2\/media\/162420"}],"wp:attachment":[{"href":"https:\/\/pizbube.ch\/en\/wp-json\/wp\/v2\/media?parent=152695"}],"wp:term":[{"taxonomy":"product_brand","embeddable":true,"href":"https:\/\/pizbube.ch\/en\/wp-json\/wp\/v2\/product_brand?post=152695"},{"taxonomy":"product_cat","embeddable":true,"href":"https:\/\/pizbube.ch\/en\/wp-json\/wp\/v2\/product_cat?post=152695"},{"taxonomy":"product_tag","embeddable":true,"href":"https:\/\/pizbube.ch\/en\/wp-json\/wp\/v2\/product_tag?post=152695"}],"curies":[{"name":"wp","href":"https:\/\/api.w.org\/{rel}","templated":true}]}}