{"id":152696,"date":"2021-01-15T12:32:15","date_gmt":"2021-01-15T12:32:15","guid":{"rendered":"https:\/\/codengine3.ch\/?product=import-placeholder-for-208397"},"modified":"2021-01-15T17:53:34","modified_gmt":"2021-01-15T17:53:34","slug":"jaizkibel-guia-de-boulder","status":"publish","type":"product","link":"https:\/\/pizbube.ch\/en\/shop\/jaizkibel-guia-de-boulder\/","title":{"rendered":"JAIZKIBEL GUIA DE BOULDER"},"content":{"rendered":"<p>Bouldering Guidebook of Jaizkibel, Pays Basque<br \/>\nMore than 500 routes, from 3a to 8b , spread over 10 crags.<br \/>\nYou will find Jaizkibel very close to the border between France and Spain. In<br \/>\nfact, scarcely four or five kilometers away from it (on a straight line). Its<br \/>\na small massif mainly composed of sandstone, placed by the shore of the sea<br \/>\nbetween the villages of Hondarribia and Pasaia Donibane. A road links both<br \/>\nvillages across the massif, leading very close to a summit full of TV\/mobile<br \/>\nphone\/radio antennas, but the area between the road and the sea is still<br \/>\nmainly wild and hides some gorgeous sights to be explored.<br \/>\nIn Spanish language only.<\/p>\n<p>Tras varios a\u00f1os abriendo bloques, visitando diferentes sitios de Jaizkibel,<br \/>\nrecorriendo cada rinc\u00f3n de sus paisajes, tras recopilar la informaci\u00f3n que<br \/>\ngente como Beni y Julen, Alda, Etxebe y los dem\u00e1s de Donostia, Lander de<br \/>\nHondarribia y nosotros mismos hab\u00edamos ido recogiendo de las zonas abiertas,<br \/>\ndecidimos empezar a ver qu\u00e9 zonas merec\u00edan m\u00e1s la pena para darlas a conocer a<br \/>\nla gente, y ah\u00ed empezaron los problemas. Ten\u00edamos m\u00e1s de10 sectores para<br \/>\npublicar en la idea de la gu\u00eda y ten\u00edamos que tener en cuenta los accesos, la<br \/>\ncantidad\/calidad de bloques y otros muchos aspectos.<\/p>","protected":false},"excerpt":{"rendered":"<ul>\n<li><a href=\"https:\/\/youtu.be\/7hZzMRio5iM\" target=\"_blank\" rel=\"noopener\">Video: Jaizkibel<\/a><\/li>\n<\/ul>","protected":false},"featured_media":40103,"template":"","meta":[],"product_brand":[],"product_cat":[21539],"product_tag":[],"class_list":{"0":"post-152696","1":"product","2":"type-product","3":"status-publish","4":"has-post-thumbnail","6":"product_cat-fuehrerliteratur-sportklettern-bouldern","7":"pa_autor-martiarena","8":"pa_erscheinungsjahr-21610","9":"pa_region-spanien","10":"pa_sprache-es","12":"first","13":"outofstock","14":"taxable","15":"shipping-taxable","16":"purchasable","17":"product-type-simple"},"_links":{"self":[{"href":"https:\/\/pizbube.ch\/en\/wp-json\/wp\/v2\/product\/152696","targetHints":{"allow":["GET"]}}],"collection":[{"href":"https:\/\/pizbube.ch\/en\/wp-json\/wp\/v2\/product"}],"about":[{"href":"https:\/\/pizbube.ch\/en\/wp-json\/wp\/v2\/types\/product"}],"wp:featuredmedia":[{"embeddable":true,"href":"https:\/\/pizbube.ch\/en\/wp-json\/wp\/v2\/media\/40103"}],"wp:attachment":[{"href":"https:\/\/pizbube.ch\/en\/wp-json\/wp\/v2\/media?parent=152696"}],"wp:term":[{"taxonomy":"product_brand","embeddable":true,"href":"https:\/\/pizbube.ch\/en\/wp-json\/wp\/v2\/product_brand?post=152696"},{"taxonomy":"product_cat","embeddable":true,"href":"https:\/\/pizbube.ch\/en\/wp-json\/wp\/v2\/product_cat?post=152696"},{"taxonomy":"product_tag","embeddable":true,"href":"https:\/\/pizbube.ch\/en\/wp-json\/wp\/v2\/product_tag?post=152696"}],"curies":[{"name":"wp","href":"https:\/\/api.w.org\/{rel}","templated":true}]}}