{"id":152697,"date":"2021-01-15T12:32:15","date_gmt":"2021-01-15T12:32:15","guid":{"rendered":"https:\/\/codengine3.ch\/?product=import-placeholder-for-201972"},"modified":"2021-01-15T12:32:18","modified_gmt":"2021-01-15T12:32:18","slug":"schneeschuhwandern-in-tirol","status":"publish","type":"product","link":"https:\/\/pizbube.ch\/en\/shop\/schneeschuhwandern-in-tirol\/","title":{"rendered":"Schneeschuhwandern in Tirol"},"content":{"rendered":"<p>Die 40 sch\u00f6nsten Touren in Nordtirol.  <\/p>\n<p>50-70 Wandervorschl\u00e4ge, vom Spaziergang bis zur z\u00fcnftigen Bergtour, wurden vor<br \/>\nOrt erkundet. Die Touren sind nach ihrer Schwierigkeit gekennzeichnet und mit<br \/>\nProfilskizzen versehen, an denen der zu \u00fcberwindende H\u00f6henunterschied, die<br \/>\nGehzeit sowie die Einkehrm\u00f6glichkeiten abzulesen sind.  <\/p>\n<p>Jede Tourenbeschreibung im KOMPASS-Wanderf\u00fchrer wird durch eine<br \/>\nkartographische Tourskizze erg\u00e4nzt. Eine genaue Orientierung ist somit auch<br \/>\ndort m\u00f6glich wo die Wege nicht markiert sind.  <\/p>\n<p>Zahlr. farb. Fotos, Karten. 95 S.  <\/p>","protected":false},"excerpt":{"rendered":"<p>Die 40 sch\u00f6nsten Touren in Nordtirol. 50-70 Wandervorschl\u00e4ge, vom Spaziergang bis zur z\u00fcnftigen Bergtour, wurden vor Ort erkundet. Die Touren sind nach ihrer Schwierigkeit gekennzeichnet und mit Profilskizzen versehen, an denen der zu \u00fcberwindende H\u00f6henunterschied, die Gehzeit sowie die Einkehrm\u00f6glichkeiten abzulesen sind. Jede Tourenbeschreibung im KOMPASS-Wanderf\u00fchrer wird durch eine kartographische Tourskizze erg\u00e4nzt. Eine genaue Orientierung [&#8230;]\n","protected":false},"featured_media":29349,"template":"","meta":[],"product_brand":[],"product_cat":[21540],"product_tag":[],"class_list":{"0":"post-152697","1":"product","2":"type-product","3":"status-publish","4":"has-post-thumbnail","6":"product_cat-fuehrerliteratur-alpin-winter","7":"pa_autor-oberrauch-abler-erhart","8":"pa_erscheinungsjahr-21763","9":"pa_region-oesterreich","10":"pa_sprache-de","12":"first","13":"instock","14":"taxable","15":"shipping-taxable","16":"purchasable","17":"product-type-simple"},"_links":{"self":[{"href":"https:\/\/pizbube.ch\/en\/wp-json\/wp\/v2\/product\/152697","targetHints":{"allow":["GET"]}}],"collection":[{"href":"https:\/\/pizbube.ch\/en\/wp-json\/wp\/v2\/product"}],"about":[{"href":"https:\/\/pizbube.ch\/en\/wp-json\/wp\/v2\/types\/product"}],"wp:featuredmedia":[{"embeddable":true,"href":"https:\/\/pizbube.ch\/en\/wp-json\/wp\/v2\/media\/29349"}],"wp:attachment":[{"href":"https:\/\/pizbube.ch\/en\/wp-json\/wp\/v2\/media?parent=152697"}],"wp:term":[{"taxonomy":"product_brand","embeddable":true,"href":"https:\/\/pizbube.ch\/en\/wp-json\/wp\/v2\/product_brand?post=152697"},{"taxonomy":"product_cat","embeddable":true,"href":"https:\/\/pizbube.ch\/en\/wp-json\/wp\/v2\/product_cat?post=152697"},{"taxonomy":"product_tag","embeddable":true,"href":"https:\/\/pizbube.ch\/en\/wp-json\/wp\/v2\/product_tag?post=152697"}],"curies":[{"name":"wp","href":"https:\/\/api.w.org\/{rel}","templated":true}]}}