{"id":152698,"date":"2021-01-15T12:32:15","date_gmt":"2021-01-15T12:32:15","guid":{"rendered":"https:\/\/codengine3.ch\/?product=import-placeholder-for-205213"},"modified":"2021-01-15T14:39:33","modified_gmt":"2021-01-15T14:39:33","slug":"gebirgszuege-mit-bahn-und-bus-in-die-muenchner-hausberge","status":"publish","type":"product","link":"https:\/\/pizbube.ch\/en\/shop\/gebirgszuege-mit-bahn-und-bus-in-die-muenchner-hausberge\/","title":{"rendered":"Gebirgsz\u00fcge &#8211; Mit Bahn und Bus in die M\u00fcnchner Hausberge"},"content":{"rendered":"<p>Bergwandern &#8211; die Umwelt im Blick; was gibt es besseres als seiner liebsten<br \/>\nFreizeitbesch\u00e4ftigung nachzugehen und dabei auch noch ein reines Gewissen<br \/>\nhaben?<br \/>\nWer mit dem Zug ins Gebirge f\u00e4hrt, reduziert nicht nur seine eigene CO2<br \/>\nBilanz, sondern schl\u00e4gt auch noch nervenaufreibenden Staus ein Schnippchen.<br \/>\nDenn gerade auf den beliebtesten Anfahrtsstrecken in die Bayerischen und<br \/>\nNordtiroler Alpen &#8211; wie der Salzburger und der Garmischer Autobahn &#8211; ist<br \/>\n`stopp and go` an Wochenenden nicht die<br \/>\nAusnahme sondern die Regel.<br \/>\nUnsere `Gebirgsz\u00fcge` f\u00fchren den Bergwanderer stressfrei zu wundersch\u00f6nen<br \/>\nWanderungen, die ideal mit der Bahn zu erreichen sind. Das weite Spektrum der<br \/>\n40 vorgestellten Bergtouren reicht von familiengerechten Unternehmungen in den<br \/>\nVoralpen bis hin zu anspruchsvollen Grat\u00fcberschreitungen, wie dem<br \/>\neinzigartigen Jubil\u00e4umsgrat.<br \/>\n1. Auflage 2008, 120 Seiten, \u00fcber 100 farb. Abb.<\/p>","protected":false},"excerpt":{"rendered":"<p>Bergwandern &#8211; die Umwelt im Blick; was gibt es besseres als seiner liebsten Freizeitbesch\u00e4ftigung nachzugehen und dabei auch noch ein reines Gewissen haben? Wer mit dem Zug ins Gebirge f\u00e4hrt, reduziert nicht nur seine eigene CO2 Bilanz, sondern schl\u00e4gt auch noch nervenaufreibenden Staus ein Schnippchen. Denn gerade auf den beliebtesten Anfahrtsstrecken in die Bayerischen und [&#8230;]\n","protected":false},"featured_media":33852,"template":"","meta":[],"product_brand":[],"product_cat":[21605],"product_tag":[],"class_list":{"0":"post-152698","1":"product","2":"type-product","3":"status-publish","4":"has-post-thumbnail","6":"product_cat-wanderfuehrer-trekking","7":"pa_autor-proettel","8":"pa_erscheinungsjahr-21591","9":"pa_region-deutschland","10":"pa_sprache-de","12":"first","13":"outofstock","14":"taxable","15":"shipping-taxable","16":"purchasable","17":"product-type-simple"},"_links":{"self":[{"href":"https:\/\/pizbube.ch\/en\/wp-json\/wp\/v2\/product\/152698","targetHints":{"allow":["GET"]}}],"collection":[{"href":"https:\/\/pizbube.ch\/en\/wp-json\/wp\/v2\/product"}],"about":[{"href":"https:\/\/pizbube.ch\/en\/wp-json\/wp\/v2\/types\/product"}],"wp:featuredmedia":[{"embeddable":true,"href":"https:\/\/pizbube.ch\/en\/wp-json\/wp\/v2\/media\/33852"}],"wp:attachment":[{"href":"https:\/\/pizbube.ch\/en\/wp-json\/wp\/v2\/media?parent=152698"}],"wp:term":[{"taxonomy":"product_brand","embeddable":true,"href":"https:\/\/pizbube.ch\/en\/wp-json\/wp\/v2\/product_brand?post=152698"},{"taxonomy":"product_cat","embeddable":true,"href":"https:\/\/pizbube.ch\/en\/wp-json\/wp\/v2\/product_cat?post=152698"},{"taxonomy":"product_tag","embeddable":true,"href":"https:\/\/pizbube.ch\/en\/wp-json\/wp\/v2\/product_tag?post=152698"}],"curies":[{"name":"wp","href":"https:\/\/api.w.org\/{rel}","templated":true}]}}