{"id":152702,"date":"2021-01-15T12:32:15","date_gmt":"2021-01-15T12:32:15","guid":{"rendered":"https:\/\/codengine3.ch\/?product=import-placeholder-for-203865"},"modified":"2021-01-15T14:27:22","modified_gmt":"2021-01-15T14:27:22","slug":"himalaya-und-karakorum","status":"publish","type":"product","link":"https:\/\/pizbube.ch\/en\/shop\/himalaya-und-karakorum\/","title":{"rendered":"Himalaya und Karakorum"},"content":{"rendered":"<p>Um seinen Namen ranken sich Faszination und Mythos: Himalaya und Karakorum;<br \/>\ndas h\u00f6chste Gebirge der Erde. Seine Gipfel sind verbunden mit den Begriffen<br \/>\nvon Ferne und Abenteuer: Mount Everest, Kangchendz\u00f6nga, Lhotse, Nanga Parbat.<br \/>\nHerausforderung f\u00fcr Bergsteiger aus aller Welt, aber auch Magnet f\u00fcr jeden,<br \/>\nder sich f\u00fcr fremde V\u00f6lker und Kulturen interessiert. Der vorliegende Bildband<br \/>\nerm\u00f6glicht jedem Betrachter und Leser einen Einblick in diese fremde Welt:<br \/>\nihre Geschichte, ihre Geologie, das Leben von heute.<\/p>","protected":false},"excerpt":{"rendered":"<p>Um seinen Namen ranken sich Faszination und Mythos: Himalaya und Karakorum; das h\u00f6chste Gebirge der Erde. Seine Gipfel sind verbunden mit den Begriffen von Ferne und Abenteuer: Mount Everest, Kangchendz\u00f6nga, Lhotse, Nanga Parbat. Herausforderung f\u00fcr Bergsteiger aus aller Welt, aber auch Magnet f\u00fcr jeden, der sich f\u00fcr fremde V\u00f6lker und Kulturen interessiert. Der vorliegende Bildband [&#8230;]\n","protected":false},"featured_media":31565,"template":"","meta":[],"product_brand":[],"product_cat":[21542],"product_tag":[],"class_list":{"0":"post-152702","1":"product","2":"type-product","3":"status-publish","4":"has-post-thumbnail","6":"product_cat-sachbuecher-dokumentationen","7":"pa_autor-winkler","8":"pa_erscheinungsjahr-21776","9":"pa_region-asien","10":"pa_sprache-de","12":"first","13":"outofstock","14":"taxable","15":"shipping-taxable","16":"purchasable","17":"product-type-simple"},"_links":{"self":[{"href":"https:\/\/pizbube.ch\/en\/wp-json\/wp\/v2\/product\/152702","targetHints":{"allow":["GET"]}}],"collection":[{"href":"https:\/\/pizbube.ch\/en\/wp-json\/wp\/v2\/product"}],"about":[{"href":"https:\/\/pizbube.ch\/en\/wp-json\/wp\/v2\/types\/product"}],"wp:featuredmedia":[{"embeddable":true,"href":"https:\/\/pizbube.ch\/en\/wp-json\/wp\/v2\/media\/31565"}],"wp:attachment":[{"href":"https:\/\/pizbube.ch\/en\/wp-json\/wp\/v2\/media?parent=152702"}],"wp:term":[{"taxonomy":"product_brand","embeddable":true,"href":"https:\/\/pizbube.ch\/en\/wp-json\/wp\/v2\/product_brand?post=152702"},{"taxonomy":"product_cat","embeddable":true,"href":"https:\/\/pizbube.ch\/en\/wp-json\/wp\/v2\/product_cat?post=152702"},{"taxonomy":"product_tag","embeddable":true,"href":"https:\/\/pizbube.ch\/en\/wp-json\/wp\/v2\/product_tag?post=152702"}],"curies":[{"name":"wp","href":"https:\/\/api.w.org\/{rel}","templated":true}]}}