{"id":152711,"date":"2021-01-15T12:32:16","date_gmt":"2021-01-15T12:32:16","guid":{"rendered":"https:\/\/codengine3.ch\/?product=import-placeholder-for-203717"},"modified":"2021-01-15T14:25:56","modified_gmt":"2021-01-15T14:25:56","slug":"kailash-reise-zum-berg-der-goetter","status":"publish","type":"product","link":"https:\/\/pizbube.ch\/en\/shop\/kailash-reise-zum-berg-der-goetter\/","title":{"rendered":"Kailash Reise zum Berg der G\u00f6tter"},"content":{"rendered":"<p>Reise zum Berg der G\u00f6tter In einer der abgelegensten Gegenden der Erde, im<br \/>\nfernen Westen Tibets, ragt der heiligste aller Berge auf: der Kailash, der<br \/>\nNabel der Welt. Pilger aus vier Religionen ziehen seit Jahrtausenden zu diesem<br \/>\nBezirk atemberaubender Natursch\u00f6nheit, zu dem auch der See Manasarovar geh\u00f6rt,<br \/>\neine der \u00e4ltesten St\u00e4tten der Menschheit.<br \/>\nFranz Binder hat sich auf den langen Weg \u00fcber die Hochebenen Tibets begeben<br \/>\nund das Schneejuwel auf dem Pilgerpfad umrundet. Impressionen seiner Reise<br \/>\nflie\u00dfen in diesem Buch zusammen mit den Mythen und Legenden, die sich um die<br \/>\nheiligen Orte ranken, mit Beschreibungen der vier Religionen und Berichten<br \/>\nfr\u00fcher Kailash-Reisender. Zusammen mit eindrucksvollen Farbfotos entsteht ein<br \/>\nfaszinierendes Panorama des geheimnisvollen Landes hinter den Schneegipfeln<br \/>\ndes Himalaya. 20 farb., s\/w. Fotos. 197 S.<\/p>","protected":false},"excerpt":{"rendered":"<p>Reise zum Berg der G\u00f6tter In einer der abgelegensten Gegenden der Erde, im fernen Westen Tibets, ragt der heiligste aller Berge auf: der Kailash, der Nabel der Welt. Pilger aus vier Religionen ziehen seit Jahrtausenden zu diesem Bezirk atemberaubender Natursch\u00f6nheit, zu dem auch der See Manasarovar geh\u00f6rt, eine der \u00e4ltesten St\u00e4tten der Menschheit. Franz Binder [&#8230;]\n","protected":false},"featured_media":31383,"template":"","meta":[],"product_brand":[],"product_cat":[21542],"product_tag":[],"class_list":{"0":"post-152711","1":"product","2":"type-product","3":"status-publish","4":"has-post-thumbnail","6":"product_cat-sachbuecher-dokumentationen","7":"pa_autor-binder","8":"pa_erscheinungsjahr-22292","9":"pa_region-asien","10":"pa_sprache-de","12":"first","13":"outofstock","14":"taxable","15":"shipping-taxable","16":"purchasable","17":"product-type-simple"},"_links":{"self":[{"href":"https:\/\/pizbube.ch\/en\/wp-json\/wp\/v2\/product\/152711","targetHints":{"allow":["GET"]}}],"collection":[{"href":"https:\/\/pizbube.ch\/en\/wp-json\/wp\/v2\/product"}],"about":[{"href":"https:\/\/pizbube.ch\/en\/wp-json\/wp\/v2\/types\/product"}],"wp:featuredmedia":[{"embeddable":true,"href":"https:\/\/pizbube.ch\/en\/wp-json\/wp\/v2\/media\/31383"}],"wp:attachment":[{"href":"https:\/\/pizbube.ch\/en\/wp-json\/wp\/v2\/media?parent=152711"}],"wp:term":[{"taxonomy":"product_brand","embeddable":true,"href":"https:\/\/pizbube.ch\/en\/wp-json\/wp\/v2\/product_brand?post=152711"},{"taxonomy":"product_cat","embeddable":true,"href":"https:\/\/pizbube.ch\/en\/wp-json\/wp\/v2\/product_cat?post=152711"},{"taxonomy":"product_tag","embeddable":true,"href":"https:\/\/pizbube.ch\/en\/wp-json\/wp\/v2\/product_tag?post=152711"}],"curies":[{"name":"wp","href":"https:\/\/api.w.org\/{rel}","templated":true}]}}