{"id":152712,"date":"2021-01-15T12:32:16","date_gmt":"2021-01-15T12:32:16","guid":{"rendered":"https:\/\/codengine3.ch\/?product=import-placeholder-for-203401"},"modified":"2021-01-15T14:22:54","modified_gmt":"2021-01-15T14:22:54","slug":"mandala-mountain-eine-reise-zum-kailash","status":"publish","type":"product","link":"https:\/\/pizbube.ch\/en\/shop\/mandala-mountain-eine-reise-zum-kailash\/","title":{"rendered":"Mandala Mountain, Eine Reise zum Kailash"},"content":{"rendered":"<p>Der Kailash ist der heilige Berg der Hindus und der Buddhisten sowie der<br \/>\nJainas und der Anh\u00e4nger der B\u00f6n-Religion, denen er allen als Nabel der Welt<br \/>\ngilt. Ein Berg wie ein Kristall, eine m\u00e4chtige Pyramide aus Fels und Eis, zu<br \/>\nderen F\u00fc\u00dfen vier der m\u00e4chtigsten Str\u00f6me Asiens entspringen. Die Faszination,<br \/>\ndie der Kailash seit Jahrtausenden auf die Menschen aus\u00fcbt, erfasst auch Simon<br \/>\nAllix und seinen Bruder Thomas, die w\u00e4hrend fast eines Jahrzehnts kreuz und<br \/>\nquer durch Indien und Nepal, Tibet, Pakistan und Afghanistan reisen. Als<br \/>\nThomas bei einer seiner Reisen durch einen Autounfall in Afghanistan ums Leben<br \/>\nkommt, erh\u00e4lt die fortw\u00e4hrende Reise rund um den Kailash pl\u00f6tzlich noch eine<br \/>\nandere Symbolik: als Suche nach dem Selbst, nach der Wahrheit, nach dem ewigen<br \/>\nLeben. Dem reisenden Grafiker Simon Allix wird alles zu Erinnerungsstoff und<br \/>\nzu Material: D\u00f6rfer und Landschaften, Begegnungen mit Menschen, Fotos, bunte<br \/>\nKlebebildchen f\u00fcr die Pilger oder Teile von Landkarten. Und so entsteht aus<br \/>\nvielen Facetten, aus Tuschezeichnungen, Collagen, Notizen, Gouachemalereien<br \/>\nund Textfragmenten das Bild einer Ann\u00e4herung an den sagenumwobenen Berg &#8211; und<br \/>\nebenso an das Wesen des Buddhismus. Die eingef\u00fcgten Erl\u00e4uterungen des<br \/>\nJournalisten Benoit de Vilmorin zu Spiritualit\u00e4t, Traditionen und Geschichte<br \/>\nder Region weiten die pers\u00f6nliche Erz\u00e4hlung zu einem umfassenden Reisebuch<br \/>\n\u00fcber den Himalaja und seine Umgebung. 250 farb., 50 s\/w. Fotos, Abb.. 111 S.<\/p>","protected":false},"excerpt":{"rendered":"<p>Der Kailash ist der heilige Berg der Hindus und der Buddhisten sowie der Jainas und der Anh\u00e4nger der B\u00f6n-Religion, denen er allen als Nabel der Welt gilt. Ein Berg wie ein Kristall, eine m\u00e4chtige Pyramide aus Fels und Eis, zu deren F\u00fc\u00dfen vier der m\u00e4chtigsten Str\u00f6me Asiens entspringen. Die Faszination, die der Kailash seit Jahrtausenden [&#8230;]\n","protected":false},"featured_media":31004,"template":"","meta":[],"product_brand":[],"product_cat":[21542],"product_tag":[],"class_list":{"0":"post-152712","1":"product","2":"type-product","3":"status-publish","4":"has-post-thumbnail","6":"product_cat-sachbuecher-dokumentationen","7":"pa_autor-allix-vilmorin","8":"pa_erscheinungsjahr-21920","9":"pa_region-asien","10":"pa_sprache-de","12":"first","13":"outofstock","14":"taxable","15":"shipping-taxable","16":"purchasable","17":"product-type-simple"},"_links":{"self":[{"href":"https:\/\/pizbube.ch\/en\/wp-json\/wp\/v2\/product\/152712","targetHints":{"allow":["GET"]}}],"collection":[{"href":"https:\/\/pizbube.ch\/en\/wp-json\/wp\/v2\/product"}],"about":[{"href":"https:\/\/pizbube.ch\/en\/wp-json\/wp\/v2\/types\/product"}],"wp:featuredmedia":[{"embeddable":true,"href":"https:\/\/pizbube.ch\/en\/wp-json\/wp\/v2\/media\/31004"}],"wp:attachment":[{"href":"https:\/\/pizbube.ch\/en\/wp-json\/wp\/v2\/media?parent=152712"}],"wp:term":[{"taxonomy":"product_brand","embeddable":true,"href":"https:\/\/pizbube.ch\/en\/wp-json\/wp\/v2\/product_brand?post=152712"},{"taxonomy":"product_cat","embeddable":true,"href":"https:\/\/pizbube.ch\/en\/wp-json\/wp\/v2\/product_cat?post=152712"},{"taxonomy":"product_tag","embeddable":true,"href":"https:\/\/pizbube.ch\/en\/wp-json\/wp\/v2\/product_tag?post=152712"}],"curies":[{"name":"wp","href":"https:\/\/api.w.org\/{rel}","templated":true}]}}