{"id":152715,"date":"2021-01-15T12:32:17","date_gmt":"2021-01-15T12:32:17","guid":{"rendered":"https:\/\/codengine3.ch\/?product=import-placeholder-for-203930"},"modified":"2021-01-15T14:27:59","modified_gmt":"2021-01-15T14:27:59","slug":"denk-ich-an-bhutan","status":"publish","type":"product","link":"https:\/\/pizbube.ch\/en\/shop\/denk-ich-an-bhutan\/","title":{"rendered":"Denk ich an Bhutan"},"content":{"rendered":"<p>Bhutan, das kleine K\u00f6nigreich, im \u00f6stlichen Himalaja zwischen Indien und China<br \/>\ngelegen, \u00fcbte schon immer einen geheimnisvollen Zauber auf Heinrich Harrer<br \/>\naus. Als Heinrich Harrer sieben Jahre in Tibet war, stieg er \u00f6fter auf den<br \/>\n6000 Meter hohen Hausberg Lhasas, den Mindrutsari, um von dort oben die<br \/>\neisbedeckten Himalajagipfeln im S\u00fcden zu sehen, vor allem den h\u00f6chsten Berg<br \/>\nBhutans, den Kula Kangri.<\/p>\n<p>Die Tibeter hatten kein Verst\u00e4ndnis daf\u00fcr, dass ein Mensch auf einen Berg<br \/>\nsteigt, um andere Berge zu sehen, doch Heinrich Harrer war von dieser Zeit an<br \/>\nvon dem Traum erf\u00fcllt, nach Bhutan zu reisen. Er hatte das gro\u00dfe Gl\u00fcck, Bhutan<br \/>\nzu einer Zeit zu bereisen, in der die authentische Kultur und der Glaube noch<br \/>\nfest verankert waren. Und so erz\u00e4hlen sein Text und vor allem seine<br \/>\nprachtvollen Fotos von vielen kulturellen und religi\u00f6sen Eigenheiten Bhutans,<br \/>\ndie bisher noch nicht ver\u00f6ffentlicht werden konnten. Farb. Fotos. 238 S.<\/p>","protected":false},"excerpt":{"rendered":"<p>Bhutan, das kleine K\u00f6nigreich, im \u00f6stlichen Himalaja zwischen Indien und China gelegen, \u00fcbte schon immer einen geheimnisvollen Zauber auf Heinrich Harrer aus. Als Heinrich Harrer sieben Jahre in Tibet war, stieg er \u00f6fter auf den 6000 Meter hohen Hausberg Lhasas, den Mindrutsari, um von dort oben die eisbedeckten Himalajagipfeln im S\u00fcden zu sehen, vor allem [&#8230;]\n","protected":false},"featured_media":31643,"template":"","meta":[],"product_brand":[],"product_cat":[21542],"product_tag":[],"class_list":{"0":"post-152715","1":"product","2":"type-product","3":"status-publish","4":"has-post-thumbnail","6":"product_cat-sachbuecher-dokumentationen","7":"pa_autor-harrer","8":"pa_erscheinungsjahr-21776","9":"pa_region-asien","10":"pa_sprache-de","12":"first","13":"outofstock","14":"taxable","15":"shipping-taxable","16":"purchasable","17":"product-type-simple"},"_links":{"self":[{"href":"https:\/\/pizbube.ch\/en\/wp-json\/wp\/v2\/product\/152715","targetHints":{"allow":["GET"]}}],"collection":[{"href":"https:\/\/pizbube.ch\/en\/wp-json\/wp\/v2\/product"}],"about":[{"href":"https:\/\/pizbube.ch\/en\/wp-json\/wp\/v2\/types\/product"}],"wp:featuredmedia":[{"embeddable":true,"href":"https:\/\/pizbube.ch\/en\/wp-json\/wp\/v2\/media\/31643"}],"wp:attachment":[{"href":"https:\/\/pizbube.ch\/en\/wp-json\/wp\/v2\/media?parent=152715"}],"wp:term":[{"taxonomy":"product_brand","embeddable":true,"href":"https:\/\/pizbube.ch\/en\/wp-json\/wp\/v2\/product_brand?post=152715"},{"taxonomy":"product_cat","embeddable":true,"href":"https:\/\/pizbube.ch\/en\/wp-json\/wp\/v2\/product_cat?post=152715"},{"taxonomy":"product_tag","embeddable":true,"href":"https:\/\/pizbube.ch\/en\/wp-json\/wp\/v2\/product_tag?post=152715"}],"curies":[{"name":"wp","href":"https:\/\/api.w.org\/{rel}","templated":true}]}}