{"id":152716,"date":"2021-01-15T12:32:17","date_gmt":"2021-01-15T12:32:17","guid":{"rendered":"https:\/\/codengine3.ch\/?product=import-placeholder-for-204265"},"modified":"2021-01-15T14:31:30","modified_gmt":"2021-01-15T14:31:30","slug":"bhutan-2","status":"publish","type":"product","link":"https:\/\/pizbube.ch\/en\/shop\/bhutan-2\/","title":{"rendered":"Bhutan"},"content":{"rendered":"<p>Bhutan war lange Zeit von der Au\u00dfenwelt abgeschlossen. Seine Grenzen sind erst<br \/>\nseit 1974 ge\u00f6ffnet, doch bis heute haben nur wenige das Land bereist. Bhutan<br \/>\nunternimmt den entschiedenen Versuch den eigenen Traditionen treu zu bleiben<br \/>\nund doch behutsam die Vorz\u00fcge der Moderne f\u00fcr sich nutzbar zu machen.<br \/>\nSo bestimmen noch heute die seit Jahrhunderten ungebrochenen religi\u00f6sen und<br \/>\nkulturellen Traditionen den Alltag seiner Bewohner. Sie sind das Kapital der<br \/>\nauf das Bruttosozialgl\u00fcck bauenden Gesellschaft. Die Gesichter der Menschen<br \/>\nspiegeln das Selbstbewusstsein und die W\u00fcrde von Menschen, die alle ihren<br \/>\nPlatz in der Gesellschaft haben. Bauern und Handwerker, Mitglieder des<br \/>\nK\u00f6nigshauses sowie Angeh\u00f6rige des Adels, M\u00f6nche und Tempelt\u00e4nzer, Kinder,<br \/>\nAlte, Frauen, M\u00e4nner. Jeder tritt aus freien St\u00fccken in das mobile Fotostudio,<br \/>\nnennt seinen Namen, erz\u00e4hlt was er tut. Dieses vom Fotografen selbst<br \/>\nkonstruierte Studio ist wie ein w\u00fcrfelf\u00f6rmiges Zelt, das \u00fcberall aufgeschlagen<br \/>\nwerden kann, am K\u00f6nigshof genauso wie auf dem Dorfplatz oder innerhalb der<br \/>\nKlostermauern. Die Leinwand bildet den neutralen Hintergrund zu den Fotos. So<br \/>\nkonzentriert sich der Blick des Betrachters ganz auf die Individuen.<br \/>\nDie biografischen Angaben verleihen den Portr\u00e4ts zus\u00e4tzlich Intensit\u00e4t. So<br \/>\nbekommen die Menschen eine Geschichte und die Historie ein Gesicht. Begleitet<br \/>\nwerden diese Studioaufnahmen von eindringlichen Bildern der archaischen<br \/>\nLandschaft, der Bergriesen, der festungsartigen Kl\u00f6ster, der weidenden Herden<br \/>\n&#8211; ein faszinierender Blick auf eine verborgene Welt im Wandel, auf ein Land,<br \/>\ndas in vielfacher Hinsicht Beispielcharakter f\u00fcr Europa hat. Originalausgabe,<br \/>\n192 Seiten, ca. 100 Farb- und s\/w-Fotos, 1 Karte, Leinen, Schmuckschuber.  <\/p>","protected":false},"excerpt":{"rendered":"<p>Bhutan war lange Zeit von der Au\u00dfenwelt abgeschlossen. Seine Grenzen sind erst seit 1974 ge\u00f6ffnet, doch bis heute haben nur wenige das Land bereist. Bhutan unternimmt den entschiedenen Versuch den eigenen Traditionen treu zu bleiben und doch behutsam die Vorz\u00fcge der Moderne f\u00fcr sich nutzbar zu machen. So bestimmen noch heute die seit Jahrhunderten ungebrochenen [&#8230;]\n","protected":false},"featured_media":32082,"template":"","meta":[],"product_brand":[],"product_cat":[21542],"product_tag":[],"class_list":{"0":"post-152716","1":"product","2":"type-product","3":"status-publish","4":"has-post-thumbnail","6":"product_cat-sachbuecher-dokumentationen","7":"pa_autor-pfannmueller","8":"pa_erscheinungsjahr-21763","9":"pa_region-asien","10":"pa_sprache-de","12":"first","13":"instock","14":"taxable","15":"shipping-taxable","16":"purchasable","17":"product-type-simple"},"_links":{"self":[{"href":"https:\/\/pizbube.ch\/en\/wp-json\/wp\/v2\/product\/152716","targetHints":{"allow":["GET"]}}],"collection":[{"href":"https:\/\/pizbube.ch\/en\/wp-json\/wp\/v2\/product"}],"about":[{"href":"https:\/\/pizbube.ch\/en\/wp-json\/wp\/v2\/types\/product"}],"wp:featuredmedia":[{"embeddable":true,"href":"https:\/\/pizbube.ch\/en\/wp-json\/wp\/v2\/media\/32082"}],"wp:attachment":[{"href":"https:\/\/pizbube.ch\/en\/wp-json\/wp\/v2\/media?parent=152716"}],"wp:term":[{"taxonomy":"product_brand","embeddable":true,"href":"https:\/\/pizbube.ch\/en\/wp-json\/wp\/v2\/product_brand?post=152716"},{"taxonomy":"product_cat","embeddable":true,"href":"https:\/\/pizbube.ch\/en\/wp-json\/wp\/v2\/product_cat?post=152716"},{"taxonomy":"product_tag","embeddable":true,"href":"https:\/\/pizbube.ch\/en\/wp-json\/wp\/v2\/product_tag?post=152716"}],"curies":[{"name":"wp","href":"https:\/\/api.w.org\/{rel}","templated":true}]}}