{"id":152722,"date":"2021-01-15T12:32:17","date_gmt":"2021-01-15T12:32:17","guid":{"rendered":"https:\/\/codengine3.ch\/?product=import-placeholder-for-201996"},"modified":"2021-01-15T12:32:28","modified_gmt":"2021-01-15T12:32:28","slug":"bergsteigen-2","status":"publish","type":"product","link":"https:\/\/pizbube.ch\/en\/shop\/bergsteigen-2\/","title":{"rendered":"bergsteigen"},"content":{"rendered":"<p>ein fr\u00f6hliches mini- W\u00f6rterbuch f\u00fcr Himmelsst\u00fcrmer und Flachlandtiroler,<br \/>\nAlmrauschfreunde und Enzianschl\u00fcrfer, M\u00f6chtegern- Trenker und<br \/>\nZivilisationsm\u00fcde<\/p>","protected":false},"excerpt":{"rendered":"<p>ein fr\u00f6hliches mini- W\u00f6rterbuch f\u00fcr Himmelsst\u00fcrmer und Flachlandtiroler, Almrauschfreunde und Enzianschl\u00fcrfer, M\u00f6chtegern- Trenker und Zivilisationsm\u00fcde<\/p>","protected":false},"featured_media":29375,"template":"","meta":[],"product_brand":[],"product_cat":[21881],"product_tag":[],"class_list":{"0":"post-152722","1":"product","2":"type-product","3":"status-publish","4":"has-post-thumbnail","6":"product_cat-comics","7":"pa_autor-ebner","8":"pa_erscheinungsjahr-22060","9":"pa_region-deutschland","10":"pa_sprache-de","12":"first","13":"outofstock","14":"taxable","15":"shipping-taxable","16":"purchasable","17":"product-type-simple"},"_links":{"self":[{"href":"https:\/\/pizbube.ch\/en\/wp-json\/wp\/v2\/product\/152722","targetHints":{"allow":["GET"]}}],"collection":[{"href":"https:\/\/pizbube.ch\/en\/wp-json\/wp\/v2\/product"}],"about":[{"href":"https:\/\/pizbube.ch\/en\/wp-json\/wp\/v2\/types\/product"}],"wp:featuredmedia":[{"embeddable":true,"href":"https:\/\/pizbube.ch\/en\/wp-json\/wp\/v2\/media\/29375"}],"wp:attachment":[{"href":"https:\/\/pizbube.ch\/en\/wp-json\/wp\/v2\/media?parent=152722"}],"wp:term":[{"taxonomy":"product_brand","embeddable":true,"href":"https:\/\/pizbube.ch\/en\/wp-json\/wp\/v2\/product_brand?post=152722"},{"taxonomy":"product_cat","embeddable":true,"href":"https:\/\/pizbube.ch\/en\/wp-json\/wp\/v2\/product_cat?post=152722"},{"taxonomy":"product_tag","embeddable":true,"href":"https:\/\/pizbube.ch\/en\/wp-json\/wp\/v2\/product_tag?post=152722"}],"curies":[{"name":"wp","href":"https:\/\/api.w.org\/{rel}","templated":true}]}}