{"id":152723,"date":"2021-01-15T12:32:17","date_gmt":"2021-01-15T12:32:17","guid":{"rendered":"https:\/\/codengine3.ch\/?product=import-placeholder-for-205021"},"modified":"2024-09-03T14:45:26","modified_gmt":"2024-09-03T12:45:26","slug":"klettern-3","status":"publish","type":"product","link":"https:\/\/pizbube.ch\/en\/shop\/klettern-3\/","title":{"rendered":"KLETTERN"},"content":{"rendered":"<p>Spa\u00df von A-Z Klettern<br \/>\nSpass von A bis Z f\u00fcr alle, die gerne die W\u00e4nde hoch gehen &#8211; ob Berge, H\u00e4user<br \/>\noder Schornsteine&#8230;<\/p>\n<p>Das offizielle &#8218;A-Z&#8216; der Stiftung &#8218;Lesen unter Lawinen&#8216; &#8211; empfohlen von<br \/>\nf\u00fchrenden Base-Campern und Gipfelkreuzrittern. Humor-T\u00dcV bis 2010.<\/p>\n<p>72 S. mit zahlreichen Farbcartoons von Erbse K\u00f6pf<\/p>","protected":false},"excerpt":{"rendered":"<p>Spa\u00df von A-Z Klettern Spass von A bis Z f\u00fcr alle, die gerne die W\u00e4nde hoch gehen &#8211; ob Berge, H\u00e4user oder Schornsteine&#8230; Das offizielle &#8218;A-Z&#8216; der Stiftung &#8218;Lesen unter Lawinen&#8216; &#8211; empfohlen von f\u00fchrenden Base-Campern und Gipfelkreuzrittern. Humor-T\u00dcV bis 2010. 72 S. mit zahlreichen Farbcartoons von Erbse K\u00f6pf<\/p>","protected":false},"featured_media":33601,"template":"","meta":[],"product_brand":[],"product_cat":[21881],"product_tag":[],"class_list":{"0":"post-152723","1":"product","2":"type-product","3":"status-publish","4":"has-post-thumbnail","6":"product_cat-comics","7":"pa_autor-brezner-koepf","8":"pa_erscheinungsjahr-21842","9":"pa_region-deutschland","10":"pa_sprache-de","12":"first","13":"instock","14":"taxable","15":"shipping-taxable","16":"purchasable","17":"product-type-simple"},"_links":{"self":[{"href":"https:\/\/pizbube.ch\/en\/wp-json\/wp\/v2\/product\/152723","targetHints":{"allow":["GET"]}}],"collection":[{"href":"https:\/\/pizbube.ch\/en\/wp-json\/wp\/v2\/product"}],"about":[{"href":"https:\/\/pizbube.ch\/en\/wp-json\/wp\/v2\/types\/product"}],"wp:featuredmedia":[{"embeddable":true,"href":"https:\/\/pizbube.ch\/en\/wp-json\/wp\/v2\/media\/33601"}],"wp:attachment":[{"href":"https:\/\/pizbube.ch\/en\/wp-json\/wp\/v2\/media?parent=152723"}],"wp:term":[{"taxonomy":"product_brand","embeddable":true,"href":"https:\/\/pizbube.ch\/en\/wp-json\/wp\/v2\/product_brand?post=152723"},{"taxonomy":"product_cat","embeddable":true,"href":"https:\/\/pizbube.ch\/en\/wp-json\/wp\/v2\/product_cat?post=152723"},{"taxonomy":"product_tag","embeddable":true,"href":"https:\/\/pizbube.ch\/en\/wp-json\/wp\/v2\/product_tag?post=152723"}],"curies":[{"name":"wp","href":"https:\/\/api.w.org\/{rel}","templated":true}]}}