{"id":152726,"date":"2021-01-15T12:32:23","date_gmt":"2021-01-15T12:32:23","guid":{"rendered":"https:\/\/codengine3.ch\/?product=import-placeholder-for-205555"},"modified":"2021-01-15T14:42:11","modified_gmt":"2021-01-15T14:42:11","slug":"finis-terrae-dvd","status":"publish","type":"product","link":"https:\/\/pizbube.ch\/en\/shop\/finis-terrae-dvd\/","title":{"rendered":"Finis Terrae DVD"},"content":{"rendered":"<p>Walter Bonatti, l&#8217;un des alpinistes l\u00e9gendaires de notre \u00e9poque, nous emm\u00e8ne<br \/>\nvers les sommets vertigineux de la Cordill\u00e8re des Andes.  <\/p>\n<p>La Patagonie et la Terre de feu, irrigu\u00e9es par d&#8217;immenses plaines de glace se<br \/>\npr\u00e9cipitant dans l&#8217;eau au milieu d&#8217;un fracas de fin du monde, sont surmont\u00e9es<br \/>\npar les &#8218;hurlements p\u00e9trifi\u00e9s&#8216; du Balmaceda, du Paine, du Fitz Roy et du Cerro<br \/>\nTorre.<br \/>\nAlternant des sc\u00e8nes historiques film\u00e9es par Alberto De Agostini \u00e0 l&#8217;assaut de<br \/>\nces montagnes alors inconnues, et les progressions de Walter Bonatti dans ces<br \/>\nlieux \u00e0 couper le souffle, Fulvio Mariani r\u00e9alise un film fascinant tourn\u00e9<br \/>\ndans les d\u00e9cors sublimes des glaciers Upsala, Viedma, sur le Hielo Patagonico<br \/>\nSur, jusqu&#8217;au sommet du Cerro Torre.  <\/p>\n<p>FINIS TERRAE, r\u00e9alis\u00e9 en 1999, est servi par des images magnifiques et par la<br \/>\nsomptueuse musique de Enrico Caruso et de Philip Glass.  <\/p>\n<p>Un film de Fluvio Mariani, 72 minutes  <\/p>","protected":false},"excerpt":{"rendered":"<p>Walter Bonatti, l&#8217;un des alpinistes l\u00e9gendaires de notre \u00e9poque, nous emm\u00e8ne vers les sommets vertigineux de la Cordill\u00e8re des Andes. La Patagonie et la Terre de feu, irrigu\u00e9es par d&#8217;immenses plaines de glace se pr\u00e9cipitant dans l&#8217;eau au milieu d&#8217;un fracas de fin du monde, sont surmont\u00e9es par les &#8218;hurlements p\u00e9trifi\u00e9s&#8216; du Balmaceda, du Paine, [&#8230;]\n","protected":false},"featured_media":34306,"template":"","meta":[],"product_brand":[],"product_cat":[21628],"product_tag":[],"class_list":{"0":"post-152726","1":"product","2":"type-product","3":"status-publish","4":"has-post-thumbnail","6":"product_cat-video-dvd-multimedia","7":"pa_autor-mariani","8":"pa_erscheinungsjahr-21591","9":"pa_region-italien","10":"pa_sprache-f","11":"pa_sprache-i","13":"first","14":"instock","15":"taxable","16":"shipping-taxable","17":"purchasable","18":"product-type-simple"},"_links":{"self":[{"href":"https:\/\/pizbube.ch\/en\/wp-json\/wp\/v2\/product\/152726","targetHints":{"allow":["GET"]}}],"collection":[{"href":"https:\/\/pizbube.ch\/en\/wp-json\/wp\/v2\/product"}],"about":[{"href":"https:\/\/pizbube.ch\/en\/wp-json\/wp\/v2\/types\/product"}],"wp:featuredmedia":[{"embeddable":true,"href":"https:\/\/pizbube.ch\/en\/wp-json\/wp\/v2\/media\/34306"}],"wp:attachment":[{"href":"https:\/\/pizbube.ch\/en\/wp-json\/wp\/v2\/media?parent=152726"}],"wp:term":[{"taxonomy":"product_brand","embeddable":true,"href":"https:\/\/pizbube.ch\/en\/wp-json\/wp\/v2\/product_brand?post=152726"},{"taxonomy":"product_cat","embeddable":true,"href":"https:\/\/pizbube.ch\/en\/wp-json\/wp\/v2\/product_cat?post=152726"},{"taxonomy":"product_tag","embeddable":true,"href":"https:\/\/pizbube.ch\/en\/wp-json\/wp\/v2\/product_tag?post=152726"}],"curies":[{"name":"wp","href":"https:\/\/api.w.org\/{rel}","templated":true}]}}