{"id":152728,"date":"2021-01-15T12:32:23","date_gmt":"2021-01-15T12:32:23","guid":{"rendered":"https:\/\/codengine3.ch\/?product=import-placeholder-for-208570"},"modified":"2025-08-16T13:00:10","modified_gmt":"2025-08-16T11:00:10","slug":"101-gipfel-der-alpen-und-was-sie-ueber-diese-schon-immer-wissen-wollten","status":"publish","type":"product","link":"https:\/\/pizbube.ch\/en\/shop\/101-gipfel-der-alpen-und-was-sie-ueber-diese-schon-immer-wissen-wollten\/","title":{"rendered":"101 Gipfel der Alpen und was Sie \u00fcber diese schon immer wissen wollten"},"content":{"rendered":"<p>Dieses Buch beinhaltet Spitzen-Wissen &#8211; im wahrsten Sinne des Wortes. Anhand<br \/>\nvon 101 Gipfeln werden interessante Infos, spannende Geschichten und<br \/>\nunterhaltsame Anekdoten zu den Alpen erz\u00e4hlt.<\/p>\n<p>Dabei werden nicht nur die ber\u00fchmtesten Alpengipfel vorgestellt, sondern auch<br \/>\ndie Sch\u00f6nsten, die Schwersten, die Schicksalsberge, die Sagenhaften und die<br \/>\nUnscheinbaren. Dieser unterhaltsame Lesestoff ist ein Muss f\u00fcr alle, die sich<br \/>\nf\u00fcrs Bergsteigen, Wandern und Klettern interessieren.<\/p>\n<p>Suchen Sie Inspiration f\u00fcr Ihre private Tourenliste? M\u00f6chten Sie auf dem<br \/>\nn\u00e4chsten Gipfel beim Panoramablick gl\u00e4nzen? Oder leben Sie einfach voll und<br \/>\nganz f\u00fcr die Berge? Dann ist dieses Buch genau das Richtige f\u00fcr Sie. Hundert<br \/>\nund eine Geschichte \u00fcber die ber\u00fchmtesten Gipfel der Alpen: die H\u00f6chsten, die<br \/>\nSch\u00f6nsten, die Schwersten, die Schicksalsberge, die Sagenhaften, die<br \/>\nUnscheinbaren \u2026 Unterhaltsamer Lesestoff f\u00fcr alle Bergbegeisterten.<\/p>\n<p>Es ist somit das ideale Geschenkbuch f\u00fcr alle Bergbegeisterten, die hoch<br \/>\nhinauswollen und das Gipfelgl\u00fcck suchen.<\/p>\n<p>192 Seiten; ca. 80 Abbildungen, Format 12,0 x 18,5 cm, Klappenbroschur mit<br \/>\nFadenheftung<\/p>","protected":false},"excerpt":{"rendered":"<p>Dieses Buch beinhaltet Spitzen-Wissen &#8211; im wahrsten Sinne des Wortes. Anhand von 101 Gipfeln werden interessante Infos, spannende Geschichten und unterhaltsame Anekdoten zu den Alpen erz\u00e4hlt. Dabei werden nicht nur die ber\u00fchmtesten Alpengipfel vorgestellt, sondern auch die Sch\u00f6nsten, die Schwersten, die Schicksalsberge, die Sagenhaften und die Unscheinbaren. Dieser unterhaltsame Lesestoff ist ein Muss f\u00fcr alle, [&#8230;]\n","protected":false},"featured_media":177090,"template":"","meta":[],"product_brand":[],"product_cat":[21542],"product_tag":[],"class_list":{"0":"post-152728","1":"product","2":"type-product","3":"status-publish","4":"has-post-thumbnail","6":"product_cat-sachbuecher-dokumentationen","7":"pa_autor-auffermann","8":"pa_erscheinungsjahr-21558","9":"pa_region-deutschland","10":"pa_sprache-de","12":"first","13":"outofstock","14":"taxable","15":"shipping-taxable","16":"purchasable","17":"product-type-simple"},"_links":{"self":[{"href":"https:\/\/pizbube.ch\/en\/wp-json\/wp\/v2\/product\/152728","targetHints":{"allow":["GET"]}}],"collection":[{"href":"https:\/\/pizbube.ch\/en\/wp-json\/wp\/v2\/product"}],"about":[{"href":"https:\/\/pizbube.ch\/en\/wp-json\/wp\/v2\/types\/product"}],"wp:featuredmedia":[{"embeddable":true,"href":"https:\/\/pizbube.ch\/en\/wp-json\/wp\/v2\/media\/177090"}],"wp:attachment":[{"href":"https:\/\/pizbube.ch\/en\/wp-json\/wp\/v2\/media?parent=152728"}],"wp:term":[{"taxonomy":"product_brand","embeddable":true,"href":"https:\/\/pizbube.ch\/en\/wp-json\/wp\/v2\/product_brand?post=152728"},{"taxonomy":"product_cat","embeddable":true,"href":"https:\/\/pizbube.ch\/en\/wp-json\/wp\/v2\/product_cat?post=152728"},{"taxonomy":"product_tag","embeddable":true,"href":"https:\/\/pizbube.ch\/en\/wp-json\/wp\/v2\/product_tag?post=152728"}],"curies":[{"name":"wp","href":"https:\/\/api.w.org\/{rel}","templated":true}]}}