{"id":152730,"date":"2021-01-15T12:32:23","date_gmt":"2021-01-15T12:32:23","guid":{"rendered":"https:\/\/codengine3.ch\/?product=import-placeholder-for-205194"},"modified":"2024-11-08T14:45:52","modified_gmt":"2024-11-08T13:45:52","slug":"skitouren-freiburger-und-waadtlaender-alpen","status":"publish","type":"product","link":"https:\/\/pizbube.ch\/en\/shop\/skitouren-freiburger-und-waadtlaender-alpen\/","title":{"rendered":"Skitouren Freiburger und Waadtl\u00e4nder Alpen"},"content":{"rendered":"<p>La Berra bis Dent de Morcles<\/p>\n<p>Das bekannte Skitourenf\u00fchrer-Gespann Schnegg-Anker war wieder einmal<br \/>\nunterwegs, diesmal zwischen Schwyberg am Schwarzsee und Haut de Cry bei<br \/>\nDerborence, Rochers de Naye ob Montreux und Rochers des Rayes in den<br \/>\nGastlosen. Dort wird der ber\u00fchmte Gruy\u00e8re-K\u00e4se hergestellt, dort erheben sich<br \/>\ndie Diablerets und andere 3000er hoch \u00fcber den Rebbergen des Rhontals.<\/p>\n<p>Und dort warten schier unz\u00e4hlige Berge auf hungrige Skitouristen; rund 100<br \/>\nZiele werden in diesem neuen SAC-F\u00fchrer erstmals vorgestellt. Die Freiburger<br \/>\nund Waadtl\u00e4nder Alpen liegen wunderbar zwischen Berner Oberland, Wallis und<br \/>\nGenfer See.<\/p>","protected":false},"excerpt":{"rendered":"<p>La Berra bis Dent de Morcles Das bekannte Skitourenf\u00fchrer-Gespann Schnegg-Anker war wieder einmal unterwegs, diesmal zwischen Schwyberg am Schwarzsee und Haut de Cry bei Derborence, Rochers de Naye ob Montreux und Rochers des Rayes in den Gastlosen. Dort wird der ber\u00fchmte Gruy\u00e8re-K\u00e4se hergestellt, dort erheben sich die Diablerets und andere 3000er hoch \u00fcber den Rebbergen [&#8230;]\n","protected":false},"featured_media":177117,"template":"","meta":[],"product_brand":[],"product_cat":[21540],"product_tag":[],"class_list":{"0":"post-152730","1":"product","2":"type-product","3":"status-publish","4":"has-post-thumbnail","6":"product_cat-fuehrerliteratur-alpin-winter","7":"pa_autor-anker-schnegg","8":"pa_erscheinungsjahr-21591","9":"pa_region-schweiz","10":"pa_sprache-de","12":"first","13":"instock","14":"taxable","15":"shipping-taxable","16":"purchasable","17":"product-type-simple"},"_links":{"self":[{"href":"https:\/\/pizbube.ch\/en\/wp-json\/wp\/v2\/product\/152730","targetHints":{"allow":["GET"]}}],"collection":[{"href":"https:\/\/pizbube.ch\/en\/wp-json\/wp\/v2\/product"}],"about":[{"href":"https:\/\/pizbube.ch\/en\/wp-json\/wp\/v2\/types\/product"}],"wp:featuredmedia":[{"embeddable":true,"href":"https:\/\/pizbube.ch\/en\/wp-json\/wp\/v2\/media\/177117"}],"wp:attachment":[{"href":"https:\/\/pizbube.ch\/en\/wp-json\/wp\/v2\/media?parent=152730"}],"wp:term":[{"taxonomy":"product_brand","embeddable":true,"href":"https:\/\/pizbube.ch\/en\/wp-json\/wp\/v2\/product_brand?post=152730"},{"taxonomy":"product_cat","embeddable":true,"href":"https:\/\/pizbube.ch\/en\/wp-json\/wp\/v2\/product_cat?post=152730"},{"taxonomy":"product_tag","embeddable":true,"href":"https:\/\/pizbube.ch\/en\/wp-json\/wp\/v2\/product_tag?post=152730"}],"curies":[{"name":"wp","href":"https:\/\/api.w.org\/{rel}","templated":true}]}}