{"id":152732,"date":"2021-01-15T12:32:24","date_gmt":"2021-01-15T12:32:24","guid":{"rendered":"https:\/\/codengine3.ch\/?product=import-placeholder-for-205819"},"modified":"2021-01-15T14:44:09","modified_gmt":"2021-01-15T14:44:09","slug":"schneesichere-skitouren-zwischen-allgaeuer-und-berchtesgadener-alpen","status":"publish","type":"product","link":"https:\/\/pizbube.ch\/en\/shop\/schneesichere-skitouren-zwischen-allgaeuer-und-berchtesgadener-alpen\/","title":{"rendered":"Schneesichere Skitouren zwischen Allg\u00e4uer und Berchtesgadener Alpen"},"content":{"rendered":"<p>60 Touren mit Schneegarantie f\u00fcr jeden Schwierigkeitsgrad  <\/p>\n<p>Winterm\u00e4rchen und Schneeidylle &#8211; Bilder einer vergangenen Zeit? Im Zeichen von<br \/>\nKlimawandel und schmelzenden Gletschern haben Andrea und Andreas Strau\u00df im<br \/>\nneuen Skitourenf\u00fchrer 60 lohnende Touren in den Nordalpen zusammengefasst, die<br \/>\nauch in schlechten Wintern gen\u00fcgend Schnee aufweisen: von einfach bis<br \/>\nschwierig, vom Pulverschnee bis zum puren Firnvergn\u00fcgen. Praktische Hinweise<br \/>\nund Kartenskizzen erleichtern die Planung, und packende Bilder machen Lust<br \/>\naufs Losgehen!<br \/>\n192 Seiten, ca. 170 Abbildungen<\/p>","protected":false},"excerpt":{"rendered":"<p>60 Touren mit Schneegarantie f\u00fcr jeden Schwierigkeitsgrad Winterm\u00e4rchen und Schneeidylle &#8211; Bilder einer vergangenen Zeit? Im Zeichen von Klimawandel und schmelzenden Gletschern haben Andrea und Andreas Strau\u00df im neuen Skitourenf\u00fchrer 60 lohnende Touren in den Nordalpen zusammengefasst, die auch in schlechten Wintern gen\u00fcgend Schnee aufweisen: von einfach bis schwierig, vom Pulverschnee bis zum puren Firnvergn\u00fcgen. [&#8230;]\n","protected":false},"featured_media":34647,"template":"","meta":[],"product_brand":[],"product_cat":[21540],"product_tag":[],"class_list":{"0":"post-152732","1":"product","2":"type-product","3":"status-publish","4":"has-post-thumbnail","6":"product_cat-fuehrerliteratur-alpin-winter","7":"pa_autor-strauss","8":"pa_erscheinungsjahr-21693","9":"pa_region-oesterreich","10":"pa_sprache-de","12":"first","13":"outofstock","14":"taxable","15":"shipping-taxable","16":"purchasable","17":"product-type-simple"},"_links":{"self":[{"href":"https:\/\/pizbube.ch\/en\/wp-json\/wp\/v2\/product\/152732","targetHints":{"allow":["GET"]}}],"collection":[{"href":"https:\/\/pizbube.ch\/en\/wp-json\/wp\/v2\/product"}],"about":[{"href":"https:\/\/pizbube.ch\/en\/wp-json\/wp\/v2\/types\/product"}],"wp:featuredmedia":[{"embeddable":true,"href":"https:\/\/pizbube.ch\/en\/wp-json\/wp\/v2\/media\/34647"}],"wp:attachment":[{"href":"https:\/\/pizbube.ch\/en\/wp-json\/wp\/v2\/media?parent=152732"}],"wp:term":[{"taxonomy":"product_brand","embeddable":true,"href":"https:\/\/pizbube.ch\/en\/wp-json\/wp\/v2\/product_brand?post=152732"},{"taxonomy":"product_cat","embeddable":true,"href":"https:\/\/pizbube.ch\/en\/wp-json\/wp\/v2\/product_cat?post=152732"},{"taxonomy":"product_tag","embeddable":true,"href":"https:\/\/pizbube.ch\/en\/wp-json\/wp\/v2\/product_tag?post=152732"}],"curies":[{"name":"wp","href":"https:\/\/api.w.org\/{rel}","templated":true}]}}