{"id":152733,"date":"2021-01-15T12:32:24","date_gmt":"2021-01-15T12:32:24","guid":{"rendered":"https:\/\/codengine3.ch\/?product=import-placeholder-for-203916"},"modified":"2021-01-15T14:27:51","modified_gmt":"2021-01-15T14:27:51","slug":"arrivee-und-depart","status":"publish","type":"product","link":"https:\/\/pizbube.ch\/en\/shop\/arrivee-und-depart\/","title":{"rendered":"Arriv\u00e9e und D\u00e9part"},"content":{"rendered":"<p>Ein Hintergrund, zwei Autoren- und Geschichten so vielf\u00e4ltig wie die Passanten<br \/>\nund bleibenden G\u00e4ste im Ferienort.<br \/>\nErz\u00e4hlerisch begleiten Dres Balmer und Margrith Bohren ihr Bergdorf auf dem<br \/>\nWeg zum ber\u00fchmten Tourismusplatz im Berner Oberland. Sie tun es nachsichtig<br \/>\nkritisch, in heiterer Gelassenheit, bei unterschiedlicher Brennweite, ein<br \/>\njeder in seiner Art.<\/p>","protected":false},"excerpt":{"rendered":"<p>Ein Hintergrund, zwei Autoren- und Geschichten so vielf\u00e4ltig wie die Passanten und bleibenden G\u00e4ste im Ferienort. Erz\u00e4hlerisch begleiten Dres Balmer und Margrith Bohren ihr Bergdorf auf dem Weg zum ber\u00fchmten Tourismusplatz im Berner Oberland. Sie tun es nachsichtig kritisch, in heiterer Gelassenheit, bei unterschiedlicher Brennweite, ein jeder in seiner Art.<\/p>","protected":false},"featured_media":31628,"template":"","meta":[],"product_brand":[],"product_cat":[21542],"product_tag":[],"class_list":{"0":"post-152733","1":"product","2":"type-product","3":"status-publish","4":"has-post-thumbnail","6":"product_cat-sachbuecher-dokumentationen","7":"pa_autor-balmer-bohren","8":"pa_erscheinungsjahr-21776","9":"pa_region-schweiz","10":"pa_sprache-de","12":"first","13":"instock","14":"taxable","15":"shipping-taxable","16":"purchasable","17":"product-type-simple"},"_links":{"self":[{"href":"https:\/\/pizbube.ch\/en\/wp-json\/wp\/v2\/product\/152733","targetHints":{"allow":["GET"]}}],"collection":[{"href":"https:\/\/pizbube.ch\/en\/wp-json\/wp\/v2\/product"}],"about":[{"href":"https:\/\/pizbube.ch\/en\/wp-json\/wp\/v2\/types\/product"}],"wp:featuredmedia":[{"embeddable":true,"href":"https:\/\/pizbube.ch\/en\/wp-json\/wp\/v2\/media\/31628"}],"wp:attachment":[{"href":"https:\/\/pizbube.ch\/en\/wp-json\/wp\/v2\/media?parent=152733"}],"wp:term":[{"taxonomy":"product_brand","embeddable":true,"href":"https:\/\/pizbube.ch\/en\/wp-json\/wp\/v2\/product_brand?post=152733"},{"taxonomy":"product_cat","embeddable":true,"href":"https:\/\/pizbube.ch\/en\/wp-json\/wp\/v2\/product_cat?post=152733"},{"taxonomy":"product_tag","embeddable":true,"href":"https:\/\/pizbube.ch\/en\/wp-json\/wp\/v2\/product_tag?post=152733"}],"curies":[{"name":"wp","href":"https:\/\/api.w.org\/{rel}","templated":true}]}}