{"id":152735,"date":"2021-01-15T12:32:29","date_gmt":"2021-01-15T12:32:29","guid":{"rendered":"https:\/\/codengine3.ch\/?product=import-placeholder-for-203695"},"modified":"2021-01-15T14:25:46","modified_gmt":"2021-01-15T14:25:46","slug":"top-climbs","status":"publish","type":"product","link":"https:\/\/pizbube.ch\/en\/shop\/top-climbs\/","title":{"rendered":"Top Climbs"},"content":{"rendered":"<p>Abenteuer und Trag\u00f6dien an den bekanntesten Bergen der Welt. `Top Climbs`<br \/>\nbeschreibt die spannende Geschichte legend\u00e4rer Erstbesteigungen und Routen in<br \/>\nden Alpen wie im Himalaya, in den Anden wie in Alaska und Afrika. Ein<br \/>\nExtrakapitel \u00fcber die bekanntesten Kletterrouten.<\/p>","protected":false},"excerpt":{"rendered":"<p>Abenteuer und Trag\u00f6dien an den bekanntesten Bergen der Welt. `Top Climbs` beschreibt die spannende Geschichte legend\u00e4rer Erstbesteigungen und Routen in den Alpen wie im Himalaya, in den Anden wie in Alaska und Afrika. Ein Extrakapitel \u00fcber die bekanntesten Kletterrouten.<\/p>","protected":false},"featured_media":31356,"template":"","meta":[],"product_brand":[],"product_cat":[21542],"product_tag":[],"class_list":{"0":"post-152735","1":"product","2":"type-product","3":"status-publish","4":"has-post-thumbnail","6":"product_cat-sachbuecher-dokumentationen","7":"pa_autor-hattingh","8":"pa_erscheinungsjahr-22150","9":"pa_region-deutschland","10":"pa_sprache-de","12":"first","13":"outofstock","14":"taxable","15":"shipping-taxable","16":"purchasable","17":"product-type-simple"},"_links":{"self":[{"href":"https:\/\/pizbube.ch\/en\/wp-json\/wp\/v2\/product\/152735","targetHints":{"allow":["GET"]}}],"collection":[{"href":"https:\/\/pizbube.ch\/en\/wp-json\/wp\/v2\/product"}],"about":[{"href":"https:\/\/pizbube.ch\/en\/wp-json\/wp\/v2\/types\/product"}],"wp:featuredmedia":[{"embeddable":true,"href":"https:\/\/pizbube.ch\/en\/wp-json\/wp\/v2\/media\/31356"}],"wp:attachment":[{"href":"https:\/\/pizbube.ch\/en\/wp-json\/wp\/v2\/media?parent=152735"}],"wp:term":[{"taxonomy":"product_brand","embeddable":true,"href":"https:\/\/pizbube.ch\/en\/wp-json\/wp\/v2\/product_brand?post=152735"},{"taxonomy":"product_cat","embeddable":true,"href":"https:\/\/pizbube.ch\/en\/wp-json\/wp\/v2\/product_cat?post=152735"},{"taxonomy":"product_tag","embeddable":true,"href":"https:\/\/pizbube.ch\/en\/wp-json\/wp\/v2\/product_tag?post=152735"}],"curies":[{"name":"wp","href":"https:\/\/api.w.org\/{rel}","templated":true}]}}