{"id":152737,"date":"2021-01-15T12:32:30","date_gmt":"2021-01-15T12:32:30","guid":{"rendered":"https:\/\/codengine3.ch\/?product=import-placeholder-for-203864"},"modified":"2021-01-15T14:27:21","modified_gmt":"2021-01-15T14:27:21","slug":"kailash-im-innern-des-mandala","status":"publish","type":"product","link":"https:\/\/pizbube.ch\/en\/shop\/kailash-im-innern-des-mandala\/","title":{"rendered":"Kailash Im Innern des Mandala"},"content":{"rendered":"<p>Kailash &#8211; der heilige Berg Tibets ist seit \u00fcber 1000 Jahren Ziel von Pilgern.<br \/>\nDie anstrengende Wanderung um den Berg dauert mehrere Tage und ist f\u00fcr die<br \/>\nGl\u00e4ubigen ein gro\u00dfes, erstrebenswertes Ziel. Dieter Glogowski hat diese<br \/>\nheilige Wanderung in den letzten 10 Jahren mehrfach unternommen und bekam nach<br \/>\n13 Umrundungen die Autorisierung, in den inneren Kreis des Mandala<br \/>\nvorzudringen. Das L\u00e4nder-Menschen-Abenteuer- Fernsehteam hat ihn dabei<br \/>\nbegleitet. Der Film und das Buch liefern einzigartige Einblicke in eine Welt,<br \/>\ndie uns Westlern bislang verschlossen war.<\/p>","protected":false},"excerpt":{"rendered":"<p>Kailash &#8211; der heilige Berg Tibets ist seit \u00fcber 1000 Jahren Ziel von Pilgern. Die anstrengende Wanderung um den Berg dauert mehrere Tage und ist f\u00fcr die Gl\u00e4ubigen ein gro\u00dfes, erstrebenswertes Ziel. Dieter Glogowski hat diese heilige Wanderung in den letzten 10 Jahren mehrfach unternommen und bekam nach 13 Umrundungen die Autorisierung, in den inneren [&#8230;]\n","protected":false},"featured_media":31564,"template":"","meta":[],"product_brand":[],"product_cat":[21542],"product_tag":[],"class_list":{"0":"post-152737","1":"product","2":"type-product","3":"status-publish","4":"has-post-thumbnail","6":"product_cat-sachbuecher-dokumentationen","7":"pa_autor-glogowski","8":"pa_erscheinungsjahr-21776","9":"pa_region-asien","10":"pa_sprache-de","12":"first","13":"outofstock","14":"taxable","15":"shipping-taxable","16":"purchasable","17":"product-type-simple"},"_links":{"self":[{"href":"https:\/\/pizbube.ch\/en\/wp-json\/wp\/v2\/product\/152737","targetHints":{"allow":["GET"]}}],"collection":[{"href":"https:\/\/pizbube.ch\/en\/wp-json\/wp\/v2\/product"}],"about":[{"href":"https:\/\/pizbube.ch\/en\/wp-json\/wp\/v2\/types\/product"}],"wp:featuredmedia":[{"embeddable":true,"href":"https:\/\/pizbube.ch\/en\/wp-json\/wp\/v2\/media\/31564"}],"wp:attachment":[{"href":"https:\/\/pizbube.ch\/en\/wp-json\/wp\/v2\/media?parent=152737"}],"wp:term":[{"taxonomy":"product_brand","embeddable":true,"href":"https:\/\/pizbube.ch\/en\/wp-json\/wp\/v2\/product_brand?post=152737"},{"taxonomy":"product_cat","embeddable":true,"href":"https:\/\/pizbube.ch\/en\/wp-json\/wp\/v2\/product_cat?post=152737"},{"taxonomy":"product_tag","embeddable":true,"href":"https:\/\/pizbube.ch\/en\/wp-json\/wp\/v2\/product_tag?post=152737"}],"curies":[{"name":"wp","href":"https:\/\/api.w.org\/{rel}","templated":true}]}}