{"id":152741,"date":"2021-01-15T12:32:30","date_gmt":"2021-01-15T12:32:30","guid":{"rendered":"https:\/\/codengine3.ch\/?product=import-placeholder-for-204439"},"modified":"2024-04-18T15:30:44","modified_gmt":"2024-04-18T13:30:44","slug":"kenia-mount-kenya","status":"publish","type":"product","link":"https:\/\/pizbube.ch\/en\/shop\/kenia-mount-kenya\/","title":{"rendered":"Kenia: Mount Kenya"},"content":{"rendered":"<p>Der Mount Kenia ist ein erloschener Vulkan. Au\u00dferordentlich beeindruckend<br \/>\ndominiert er die Landschaft des kenianischen Hachlandes. Wer sich nicht zum<br \/>\nGipfelsturm verpflichtet f\u00fchlt, hat die mannigfaltigsten Wanderm\u00f6glichkeiten<br \/>\nin einer unvergleichbaren Tier- und Pflanzenwelt. Auch eine ausschlie\u00dfliche<br \/>\nTiersafari bietet genug Anreize. Es existiert keien Bergf\u00fchrerpflicht. Sie<br \/>\nm\u00fcssen allerdings mindestens zu zweit sein. Es gibt keine reine Touristen-<br \/>\nMassenabfertigung, so haben Sie die M\u00f6glichkeit Ihren Aufenthalt exakt nach<br \/>\nIhren Interessen zu planen. Neben dem Bergwandern werden hier auch<br \/>\nBergsteigern wertvolle Kontaktadressen und Hinweise vermittelt. Bergsteigen<br \/>\numfasst &#8211; ohne feste Abgrenzung &#8211; anspruchsvollere Bergwanderungen, Klettern,<br \/>\nHochtouren \u00fcber Gletscher, Eisklettern und alpinistisch orientierte<br \/>\nExpeditionen. Das Bergsteigen ging historisch aus den Aktivit\u00e4ten von<br \/>\nLandvermessern, Naturforschern und Entdeckern hervor. Dies wird Ihnen in dem<br \/>\nAbschnitt Besteigung: Von der Entdeckung bis zur Gegenwart dargestellt. Heute<br \/>\nist das Bergsteigen eine beliebte Freizeitbesch\u00e4ftigung. Jeder echte Outdoor-<br \/>\nFreak ist hier am Mount Kenya in der Lage sein Abenteuer g\u00fcnstig in die Tat<br \/>\numzusetzen. Hierf\u00fcr ist Afrika bezeichnend und Kenia ist das Mutterland der<br \/>\nSafaris.<br \/>\n1. Auflage 2007, 221 Seiten, 6 Farbkarten, 42 farbige Abbildungen<\/p>","protected":false},"excerpt":{"rendered":"<p>Der Mount Kenia ist ein erloschener Vulkan. Au\u00dferordentlich beeindruckend dominiert er die Landschaft des kenianischen Hachlandes. Wer sich nicht zum Gipfelsturm verpflichtet f\u00fchlt, hat die mannigfaltigsten Wanderm\u00f6glichkeiten in einer unvergleichbaren Tier- und Pflanzenwelt. Auch eine ausschlie\u00dfliche Tiersafari bietet genug Anreize. Es existiert keien Bergf\u00fchrerpflicht. Sie m\u00fcssen allerdings mindestens zu zweit sein. Es gibt keine reine [&#8230;]\n","protected":false},"featured_media":32309,"template":"","meta":[],"product_brand":[],"product_cat":[21544],"product_tag":[],"class_list":{"0":"post-152741","1":"product","2":"type-product","3":"status-publish","4":"has-post-thumbnail","6":"product_cat-fuehrerliteratur-alpin-sommer","7":"pa_autor-marburger","8":"pa_erscheinungsjahr-21842","9":"pa_region-afrika","10":"pa_sprache-de","12":"first","13":"outofstock","14":"taxable","15":"shipping-taxable","16":"purchasable","17":"product-type-simple"},"_links":{"self":[{"href":"https:\/\/pizbube.ch\/en\/wp-json\/wp\/v2\/product\/152741","targetHints":{"allow":["GET"]}}],"collection":[{"href":"https:\/\/pizbube.ch\/en\/wp-json\/wp\/v2\/product"}],"about":[{"href":"https:\/\/pizbube.ch\/en\/wp-json\/wp\/v2\/types\/product"}],"wp:featuredmedia":[{"embeddable":true,"href":"https:\/\/pizbube.ch\/en\/wp-json\/wp\/v2\/media\/32309"}],"wp:attachment":[{"href":"https:\/\/pizbube.ch\/en\/wp-json\/wp\/v2\/media?parent=152741"}],"wp:term":[{"taxonomy":"product_brand","embeddable":true,"href":"https:\/\/pizbube.ch\/en\/wp-json\/wp\/v2\/product_brand?post=152741"},{"taxonomy":"product_cat","embeddable":true,"href":"https:\/\/pizbube.ch\/en\/wp-json\/wp\/v2\/product_cat?post=152741"},{"taxonomy":"product_tag","embeddable":true,"href":"https:\/\/pizbube.ch\/en\/wp-json\/wp\/v2\/product_tag?post=152741"}],"curies":[{"name":"wp","href":"https:\/\/api.w.org\/{rel}","templated":true}]}}