{"id":152742,"date":"2021-01-15T12:32:30","date_gmt":"2021-01-15T12:32:30","guid":{"rendered":"https:\/\/codengine3.ch\/?product=import-placeholder-for-207327"},"modified":"2025-10-18T10:16:02","modified_gmt":"2025-10-18T08:16:02","slug":"mount-kenya-125000-150000","status":"publish","type":"product","link":"https:\/\/pizbube.ch\/en\/shop\/mount-kenya-125000-150000\/","title":{"rendered":"Mount Kenya 1:25&#8217;000 \/ 1:50&#8217;000"},"content":{"rendered":"<p>0\/16 Mount Kenya Nationalpark<\/p>\n<p>Topographische Karte des OEAV im Ma\u00dfstab 1:50.000, die den kompletten Mount<br \/>\nKenya Nationalpark abdeckt. Zus\u00e4tzlich mit Nebenkarten der Gipfel Batian und<br \/>\nRutundu im Ma\u00dfstab 1:25.000 auf der R\u00fcckseite.<\/p>\n<p>Produktinformationen:<\/p>\n<p>&#8211; Mehrfarbig, mit Schummerung und Felsdarstellung<br \/>\n&#8211; eingezeichnete Trekkingrouten<br \/>\n&#8211; UTM-Gitter<br \/>\n&#8211; inklusive touristischem Nationalpark-F\u00fchrer (Brosch\u00fcre) von Judith Walder<br \/>\n&#8211; Kunststoffh\u00fclle<\/p>\n<p>Gletscherstand<b>: <\/b>2015 bis 2018, abh\u00e4ngig vom Gebiet<br \/>\nMa\u00dfstab: 1:50000 (Hauptkarte), 1:25000 (Nebenkarten auf R\u00fcckseite)<br \/>\nAusgabe: 2018 (Erstausgabe)<\/p>","protected":false},"excerpt":{"rendered":"<p>0\/16 Mount Kenya Nationalpark Topographische Karte des OEAV im Ma\u00dfstab 1:50.000, die den kompletten Mount Kenya Nationalpark abdeckt. Zus\u00e4tzlich mit Nebenkarten der Gipfel Batian und Rutundu im Ma\u00dfstab 1:25.000 auf der R\u00fcckseite. Produktinformationen: &#8211; Mehrfarbig, mit Schummerung und Felsdarstellung &#8211; eingezeichnete Trekkingrouten &#8211; UTM-Gitter &#8211; inklusive touristischem Nationalpark-F\u00fchrer (Brosch\u00fcre) von Judith Walder &#8211; Kunststoffh\u00fclle Gletscherstand: [&#8230;]\n","protected":false},"featured_media":172589,"template":"","meta":[],"product_brand":[],"product_cat":[21543],"product_tag":[],"class_list":{"0":"post-152742","1":"product","2":"type-product","3":"status-publish","4":"has-post-thumbnail","6":"product_cat-landkarten","7":"pa_autor-oeav-2","8":"pa_erscheinungsjahr-21546","9":"pa_region-afrika","10":"pa_sprache-de-en","12":"first","13":"instock","14":"taxable","15":"shipping-taxable","16":"purchasable","17":"product-type-simple"},"_links":{"self":[{"href":"https:\/\/pizbube.ch\/en\/wp-json\/wp\/v2\/product\/152742","targetHints":{"allow":["GET"]}}],"collection":[{"href":"https:\/\/pizbube.ch\/en\/wp-json\/wp\/v2\/product"}],"about":[{"href":"https:\/\/pizbube.ch\/en\/wp-json\/wp\/v2\/types\/product"}],"wp:featuredmedia":[{"embeddable":true,"href":"https:\/\/pizbube.ch\/en\/wp-json\/wp\/v2\/media\/172589"}],"wp:attachment":[{"href":"https:\/\/pizbube.ch\/en\/wp-json\/wp\/v2\/media?parent=152742"}],"wp:term":[{"taxonomy":"product_brand","embeddable":true,"href":"https:\/\/pizbube.ch\/en\/wp-json\/wp\/v2\/product_brand?post=152742"},{"taxonomy":"product_cat","embeddable":true,"href":"https:\/\/pizbube.ch\/en\/wp-json\/wp\/v2\/product_cat?post=152742"},{"taxonomy":"product_tag","embeddable":true,"href":"https:\/\/pizbube.ch\/en\/wp-json\/wp\/v2\/product_tag?post=152742"}],"curies":[{"name":"wp","href":"https:\/\/api.w.org\/{rel}","templated":true}]}}