{"id":152747,"date":"2021-01-15T12:32:31","date_gmt":"2021-01-15T12:32:31","guid":{"rendered":"https:\/\/codengine3.ch\/?product=import-placeholder-for-203787"},"modified":"2021-01-15T14:26:34","modified_gmt":"2021-01-15T14:26:34","slug":"quiz-was-ist-was-gebirge","status":"publish","type":"product","link":"https:\/\/pizbube.ch\/en\/shop\/quiz-was-ist-was-gebirge\/","title":{"rendered":"Quiz Was ist was Gebirge"},"content":{"rendered":"<p>R\u00e4tselspa\u00df und Fachwissen bietet der Quizblock Gebirge. Er informiert \u00fcber<br \/>\nTiere, Pflanzen und Menschen in den Bergen, stellt Bergrekorde vor und erkl\u00e4rt<br \/>\ngeologische Fakten. Das handliche Format des WAS IST WAS Quizblocks passt in<br \/>\njede Hosentasche. 180 Fragen und Antworten; 124 Seiten, 12 x 7 cm.<br \/>\nKartoniert mit Spiralbindung.<\/p>","protected":false},"excerpt":{"rendered":"<p>R\u00e4tselspa\u00df und Fachwissen bietet der Quizblock Gebirge. Er informiert \u00fcber Tiere, Pflanzen und Menschen in den Bergen, stellt Bergrekorde vor und erkl\u00e4rt geologische Fakten. Das handliche Format des WAS IST WAS Quizblocks passt in jede Hosentasche. 180 Fragen und Antworten; 124 Seiten, 12 x 7 cm. Kartoniert mit Spiralbindung.<\/p>","protected":false},"featured_media":31468,"template":"","meta":[],"product_brand":[],"product_cat":[21538],"product_tag":[],"class_list":{"0":"post-152747","1":"product","2":"type-product","3":"status-publish","4":"has-post-thumbnail","6":"product_cat-lehrbuecher","7":"pa_autor-tessloff","8":"pa_erscheinungsjahr-21776","9":"pa_region-fauna-flora-geologie-glaziologie","10":"pa_sprache-de","12":"first","13":"outofstock","14":"taxable","15":"shipping-taxable","16":"purchasable","17":"product-type-simple"},"_links":{"self":[{"href":"https:\/\/pizbube.ch\/en\/wp-json\/wp\/v2\/product\/152747","targetHints":{"allow":["GET"]}}],"collection":[{"href":"https:\/\/pizbube.ch\/en\/wp-json\/wp\/v2\/product"}],"about":[{"href":"https:\/\/pizbube.ch\/en\/wp-json\/wp\/v2\/types\/product"}],"wp:featuredmedia":[{"embeddable":true,"href":"https:\/\/pizbube.ch\/en\/wp-json\/wp\/v2\/media\/31468"}],"wp:attachment":[{"href":"https:\/\/pizbube.ch\/en\/wp-json\/wp\/v2\/media?parent=152747"}],"wp:term":[{"taxonomy":"product_brand","embeddable":true,"href":"https:\/\/pizbube.ch\/en\/wp-json\/wp\/v2\/product_brand?post=152747"},{"taxonomy":"product_cat","embeddable":true,"href":"https:\/\/pizbube.ch\/en\/wp-json\/wp\/v2\/product_cat?post=152747"},{"taxonomy":"product_tag","embeddable":true,"href":"https:\/\/pizbube.ch\/en\/wp-json\/wp\/v2\/product_tag?post=152747"}],"curies":[{"name":"wp","href":"https:\/\/api.w.org\/{rel}","templated":true}]}}