{"id":152748,"date":"2021-01-15T12:32:31","date_gmt":"2021-01-15T12:32:31","guid":{"rendered":"https:\/\/codengine3.ch\/?product=import-placeholder-for-207246"},"modified":"2026-02-04T08:38:18","modified_gmt":"2026-02-04T07:38:18","slug":"landschaften-lesen","status":"publish","type":"product","link":"https:\/\/pizbube.ch\/en\/shop\/landschaften-lesen\/","title":{"rendered":"Landschaften lesen"},"content":{"rendered":"<p>Die Formen der Erdoberfl\u00e4che erkennen und verstehen<\/p>\n<p>Woher hat ein Tal oder ein Hang seine besondere Gestalt? Warum sind manche<br \/>\nSteilk\u00fcsten durch senkrechte Kliffs gepr\u00e4gt, manche dagegen durch Felsst\u00fcrze<br \/>\nund Erdrutsche? Warum bestehen einige Str\u00e4nde aus grobem Ger\u00f6ll, andere<br \/>\nhingegen aus feinem Sand oder Schlick? Anhand sorgf\u00e4ltig ausgew\u00e4hlter Fotos<br \/>\nund Illustrationen erkl\u00e4rt dieses reich illustrierte Buch auf anschauliche und<br \/>\nverst\u00e4ndliche Weise die Entwicklung der vielf\u00e4ltigen Landschaften und die<br \/>\nEntstehung ihrer charakteristischen Formen. Auf Spazierg\u00e4ngen, Wanderungen<br \/>\noder Reisen, im Gebirge, im Tiefland oder an der K\u00fcste &#8211; dieser n\u00fctzliche<br \/>\nBegleiter &#8211; unterst\u00fctzt beim \u00abLesen\u00bb der Landschaft, &#8211; zeigt, wie das, was wir<br \/>\nin der Landschaft sehen, zu deuten ist, &#8211; erkl\u00e4rt die wichtigsten Prozesse,<br \/>\ndie die Landschaftsformen vor unseren Augen geschaffen haben.<\/p>","protected":false},"excerpt":{"rendered":"<p>Die Formen der Erdoberfl\u00e4che erkennen und verstehen Woher hat ein Tal oder ein Hang seine besondere Gestalt? Warum sind manche Steilk\u00fcsten durch senkrechte Kliffs gepr\u00e4gt, manche dagegen durch Felsst\u00fcrze und Erdrutsche? Warum bestehen einige Str\u00e4nde aus grobem Ger\u00f6ll, andere hingegen aus feinem Sand oder Schlick? Anhand sorgf\u00e4ltig ausgew\u00e4hlter Fotos und Illustrationen erkl\u00e4rt dieses reich illustrierte [&#8230;]\n","protected":false},"featured_media":36894,"template":"","meta":[],"product_brand":[],"product_cat":[21538],"product_tag":[],"class_list":{"0":"post-152748","1":"product","2":"type-product","3":"status-publish","4":"has-post-thumbnail","6":"product_cat-lehrbuecher","7":"pa_autor-yarham","8":"pa_erscheinungsjahr-21621","9":"pa_region-fauna-flora-geologie-glaziologie","10":"pa_sprache-de","12":"first","13":"outofstock","14":"taxable","15":"shipping-taxable","16":"purchasable","17":"product-type-simple"},"_links":{"self":[{"href":"https:\/\/pizbube.ch\/en\/wp-json\/wp\/v2\/product\/152748","targetHints":{"allow":["GET"]}}],"collection":[{"href":"https:\/\/pizbube.ch\/en\/wp-json\/wp\/v2\/product"}],"about":[{"href":"https:\/\/pizbube.ch\/en\/wp-json\/wp\/v2\/types\/product"}],"wp:featuredmedia":[{"embeddable":true,"href":"https:\/\/pizbube.ch\/en\/wp-json\/wp\/v2\/media\/36894"}],"wp:attachment":[{"href":"https:\/\/pizbube.ch\/en\/wp-json\/wp\/v2\/media?parent=152748"}],"wp:term":[{"taxonomy":"product_brand","embeddable":true,"href":"https:\/\/pizbube.ch\/en\/wp-json\/wp\/v2\/product_brand?post=152748"},{"taxonomy":"product_cat","embeddable":true,"href":"https:\/\/pizbube.ch\/en\/wp-json\/wp\/v2\/product_cat?post=152748"},{"taxonomy":"product_tag","embeddable":true,"href":"https:\/\/pizbube.ch\/en\/wp-json\/wp\/v2\/product_tag?post=152748"}],"curies":[{"name":"wp","href":"https:\/\/api.w.org\/{rel}","templated":true}]}}