{"id":152754,"date":"2021-01-15T12:32:32","date_gmt":"2021-01-15T12:32:32","guid":{"rendered":"https:\/\/codengine3.ch\/?product=import-placeholder-for-203900"},"modified":"2021-01-15T14:27:41","modified_gmt":"2021-01-15T14:27:41","slug":"bleau-de-gres-6","status":"publish","type":"product","link":"https:\/\/pizbube.ch\/en\/shop\/bleau-de-gres-6\/","title":{"rendered":"Bleau De Gr\u00e8s 6"},"content":{"rendered":"<p>Ce topo recense avec beaucoup de pr\u00e9cisions les voies marqu\u00e9es des circuits TD<br \/>\n\u00e0 ED du vaste ensemble gr\u00e9seux parisien \u00e0 Fontainebleau, et aussi les<br \/>\nprincipales voies non marqu\u00e9es de chaque massif, allant \u00e0 l&#8217;occasion du 5b\/c<br \/>\nau 6b\/c essentiellement.<br \/>\nLe recensement est soutenu par 100 relev\u00e9s topographiques et illustr\u00e9 par 150<br \/>\nphotos. 208 pages noir &#038; blanc, 150 photos, 100 sch\u00e9mas<\/p>","protected":false},"excerpt":{"rendered":"<p>Ce topo recense avec beaucoup de pr\u00e9cisions les voies marqu\u00e9es des circuits TD \u00e0 ED du vaste ensemble gr\u00e9seux parisien \u00e0 Fontainebleau, et aussi les principales voies non marqu\u00e9es de chaque massif, allant \u00e0 l&#8217;occasion du 5b\/c au 6b\/c essentiellement. Le recensement est soutenu par 100 relev\u00e9s topographiques et illustr\u00e9 par 150 photos. 208 pages [&#8230;]\n","protected":false},"featured_media":31610,"template":"","meta":[],"product_brand":[],"product_cat":[21539],"product_tag":[],"class_list":{"0":"post-152754","1":"product","2":"type-product","3":"status-publish","4":"has-post-thumbnail","6":"product_cat-fuehrerliteratur-sportklettern-bouldern","7":"pa_autor-naels","8":"pa_erscheinungsjahr-21776","9":"pa_region-frankreich","10":"pa_sprache-fr","12":"first","13":"instock","14":"taxable","15":"shipping-taxable","16":"purchasable","17":"product-type-simple"},"_links":{"self":[{"href":"https:\/\/pizbube.ch\/en\/wp-json\/wp\/v2\/product\/152754","targetHints":{"allow":["GET"]}}],"collection":[{"href":"https:\/\/pizbube.ch\/en\/wp-json\/wp\/v2\/product"}],"about":[{"href":"https:\/\/pizbube.ch\/en\/wp-json\/wp\/v2\/types\/product"}],"wp:featuredmedia":[{"embeddable":true,"href":"https:\/\/pizbube.ch\/en\/wp-json\/wp\/v2\/media\/31610"}],"wp:attachment":[{"href":"https:\/\/pizbube.ch\/en\/wp-json\/wp\/v2\/media?parent=152754"}],"wp:term":[{"taxonomy":"product_brand","embeddable":true,"href":"https:\/\/pizbube.ch\/en\/wp-json\/wp\/v2\/product_brand?post=152754"},{"taxonomy":"product_cat","embeddable":true,"href":"https:\/\/pizbube.ch\/en\/wp-json\/wp\/v2\/product_cat?post=152754"},{"taxonomy":"product_tag","embeddable":true,"href":"https:\/\/pizbube.ch\/en\/wp-json\/wp\/v2\/product_tag?post=152754"}],"curies":[{"name":"wp","href":"https:\/\/api.w.org\/{rel}","templated":true}]}}