{"id":152756,"date":"2021-01-15T12:32:32","date_gmt":"2021-01-15T12:32:32","guid":{"rendered":"https:\/\/codengine3.ch\/?product=import-placeholder-for-207290"},"modified":"2021-01-15T16:01:38","modified_gmt":"2021-01-15T16:01:38","slug":"reisekarten-der-schweiz","status":"publish","type":"product","link":"https:\/\/pizbube.ch\/en\/shop\/reisekarten-der-schweiz\/","title":{"rendered":"Reisekarten der Schweiz"},"content":{"rendered":"<p>Reisekarten der Schweiz: von den Anf\u00e4ngen bis ins 20. Jahrhundert.<\/p>\n<p>Das erste Beispiel einer Reisekarte ist die streifenf\u00f6rmige Tabula<br \/>\nPeutingeriana oder \u00abPeutingersche Tafel\u00bb aus dem 12. Jahrhundert. Sie zeigt<br \/>\ndas Strassennetz im sp\u00e4tr\u00f6mischen Reich von den Britischen Inseln \u00fcber den<br \/>\nMittelmeerraum und den Nahen Osten bis nach Indien und Zentralasien.<\/p>\n<p>Es dauerte dann bis Ende des 15. Jahrhunderts, bis aus den handgeschriebenen<br \/>\nund sp\u00e4ter auch gedruckten Itinerarien die ersten Pilgerkarten mit<br \/>\ngeographisch richtiger Orientierung entstanden. Die Zunahme von Handels- und<br \/>\nBildungsreisenden sowie die Pilgerfahrten bildeten den Hauptgrund zur<br \/>\nEntwicklung dieses Kartentyps.  <\/p>\n<p>Der aufkommende Fremdenverkehr in die Schweiz interessierte sich in der<br \/>\nzweiten H\u00e4lfte des 18. Jahrhunderts neben den St\u00e4dten sehr stark f\u00fcr das<br \/>\nBerner Oberland. Das lag an der aufkeimenden Naturbegeisterung der<br \/>\nAufkl\u00e4rungszeit mit den relativ leicht erreichbaren, geheimnisumwitterten<br \/>\nPh\u00e4nomenen der Gletscher und der Wasserf\u00e4lle. Dazu entstanden rasch eine<br \/>\numfangreiche Reiseliteratur sowie entsprechendes Kartenmaterial.<\/p>\n<p>Mit dem 1863 gegr\u00fcndeten Schweizer Alpen-Club (SAC) wurden in der Schweiz<br \/>\nerste institutionalisierte Wanderkarten herausgegeben. Weil in den Anf\u00e4ngen<br \/>\ndes Wanderns im heutigen Sinne das Routennetz noch nicht so dicht war,<br \/>\nkombinierten die Herausgeber oftmals den Sommer- mit dem Wintertourismus und<br \/>\nbenannten ihr Werk treffend Exkursionskarten. Neben den Pass\u00fcberg\u00e4ngen,<br \/>\nSaumpfaden und Alpwegen gab es noch keine touristischen Informationen; eine<br \/>\nfarbige Kennzeichnung von empfohlenen Wanderwegen erfolgte erst nach der<br \/>\nJahrhundertwende.<\/p>\n<p>Cartographica Helvetica, 2016. (Cartographica Helvetica. Heft 53).<\/p>","protected":false},"excerpt":{"rendered":"<p>Reisekarten der Schweiz: von den Anf\u00e4ngen bis ins 20. Jahrhundert. Das erste Beispiel einer Reisekarte ist die streifenf\u00f6rmige Tabula Peutingeriana oder \u00abPeutingersche Tafel\u00bb aus dem 12. Jahrhundert. Sie zeigt das Strassennetz im sp\u00e4tr\u00f6mischen Reich von den Britischen Inseln \u00fcber den Mittelmeerraum und den Nahen Osten bis nach Indien und Zentralasien. Es dauerte dann bis Ende [&#8230;]\n","protected":false},"featured_media":37044,"template":"","meta":[],"product_brand":[],"product_cat":[21542],"product_tag":[],"class_list":{"0":"post-152756","1":"product","2":"type-product","3":"status-publish","4":"has-post-thumbnail","6":"product_cat-sachbuecher-dokumentationen","7":"pa_autor-feldmann","8":"pa_erscheinungsjahr-21571","9":"pa_region-schweiz","10":"pa_sprache-de","12":"first","13":"instock","14":"taxable","15":"shipping-taxable","16":"purchasable","17":"product-type-simple"},"_links":{"self":[{"href":"https:\/\/pizbube.ch\/en\/wp-json\/wp\/v2\/product\/152756","targetHints":{"allow":["GET"]}}],"collection":[{"href":"https:\/\/pizbube.ch\/en\/wp-json\/wp\/v2\/product"}],"about":[{"href":"https:\/\/pizbube.ch\/en\/wp-json\/wp\/v2\/types\/product"}],"wp:featuredmedia":[{"embeddable":true,"href":"https:\/\/pizbube.ch\/en\/wp-json\/wp\/v2\/media\/37044"}],"wp:attachment":[{"href":"https:\/\/pizbube.ch\/en\/wp-json\/wp\/v2\/media?parent=152756"}],"wp:term":[{"taxonomy":"product_brand","embeddable":true,"href":"https:\/\/pizbube.ch\/en\/wp-json\/wp\/v2\/product_brand?post=152756"},{"taxonomy":"product_cat","embeddable":true,"href":"https:\/\/pizbube.ch\/en\/wp-json\/wp\/v2\/product_cat?post=152756"},{"taxonomy":"product_tag","embeddable":true,"href":"https:\/\/pizbube.ch\/en\/wp-json\/wp\/v2\/product_tag?post=152756"}],"curies":[{"name":"wp","href":"https:\/\/api.w.org\/{rel}","templated":true}]}}