{"id":152757,"date":"2021-01-15T12:32:32","date_gmt":"2021-01-15T12:32:32","guid":{"rendered":"https:\/\/codengine3.ch\/?product=import-placeholder-for-207881"},"modified":"2022-12-02T17:06:18","modified_gmt":"2022-12-02T16:06:18","slug":"kartenwelten-fantastische-geschichten-und-die-kunst-der-kartographie","status":"publish","type":"product","link":"https:\/\/pizbube.ch\/en\/shop\/kartenwelten-fantastische-geschichten-und-die-kunst-der-kartographie\/","title":{"rendered":"Kartenwelten- Fantastische Geschichten und die Kunst der Kartographie"},"content":{"rendered":"<p>Dieser National Geographic Bildband zeigt die spannendsten Karten und ihre<br \/>\nGeschichten. Die preisgekr\u00f6nten Journalisten Betsy Mason und Greg Miller<br \/>\nf\u00fchren durch die faszinierende Welt der Kartographie und erkunden die<br \/>\nGeschichten hinter vielen der sch\u00f6nsten und faszinierendsten Karten, Charts<br \/>\nund Grafiken der Welt.<\/p>\n<p>Von einer Vision der Apokalypse aus dem 15. Jahrhundert bis hin zu<br \/>\ntopographischen Studien des Grand Canyons zeigt Kartenwelten, wie sich<br \/>\nKunstfertigkeit und Wissenschaft, Pr\u00e4zision und Phantasie bei der Erstellung<br \/>\nvon Karten im Laufe der Jahrhunderte vereint haben.<\/p>\n<p>Mit mehr als 200 Karten von alt bis futuristisch, praktisch bis verspielt, ist<br \/>\ndieses Buch ein Juwel, das von Kartenliebhabern f\u00fcr Kartenliebhaber erstellt<br \/>\nwurde.<\/p>\n<p>320 Seiten; ca. 250 Abbildungen<br \/>\nFormat 24,5 x 30,5 cm ; Hardcover mit Schutzumschlag<\/p>","protected":false},"excerpt":{"rendered":"<p>Dieser National Geographic Bildband zeigt die spannendsten Karten und ihre Geschichten. Die preisgekr\u00f6nten Journalisten Betsy Mason und Greg Miller f\u00fchren durch die faszinierende Welt der Kartographie und erkunden die Geschichten hinter vielen der sch\u00f6nsten und faszinierendsten Karten, Charts und Grafiken der Welt. Von einer Vision der Apokalypse aus dem 15. Jahrhundert bis hin zu topographischen [&#8230;]\n","protected":false},"featured_media":164831,"template":"","meta":[],"product_brand":[],"product_cat":[21542],"product_tag":[],"class_list":{"0":"post-152757","1":"product","2":"type-product","3":"status-publish","4":"has-post-thumbnail","6":"product_cat-sachbuecher-dokumentationen","7":"pa_autor-mason","8":"pa_erscheinungsjahr-21586","9":"pa_region-deutschland","10":"pa_sprache-de","12":"first","13":"instock","14":"taxable","15":"shipping-taxable","16":"purchasable","17":"product-type-simple"},"_links":{"self":[{"href":"https:\/\/pizbube.ch\/en\/wp-json\/wp\/v2\/product\/152757","targetHints":{"allow":["GET"]}}],"collection":[{"href":"https:\/\/pizbube.ch\/en\/wp-json\/wp\/v2\/product"}],"about":[{"href":"https:\/\/pizbube.ch\/en\/wp-json\/wp\/v2\/types\/product"}],"wp:featuredmedia":[{"embeddable":true,"href":"https:\/\/pizbube.ch\/en\/wp-json\/wp\/v2\/media\/164831"}],"wp:attachment":[{"href":"https:\/\/pizbube.ch\/en\/wp-json\/wp\/v2\/media?parent=152757"}],"wp:term":[{"taxonomy":"product_brand","embeddable":true,"href":"https:\/\/pizbube.ch\/en\/wp-json\/wp\/v2\/product_brand?post=152757"},{"taxonomy":"product_cat","embeddable":true,"href":"https:\/\/pizbube.ch\/en\/wp-json\/wp\/v2\/product_cat?post=152757"},{"taxonomy":"product_tag","embeddable":true,"href":"https:\/\/pizbube.ch\/en\/wp-json\/wp\/v2\/product_tag?post=152757"}],"curies":[{"name":"wp","href":"https:\/\/api.w.org\/{rel}","templated":true}]}}